{"id":2496,"date":"2020-07-31T13:17:48","date_gmt":"2020-07-31T11:17:48","guid":{"rendered":"https:\/\/yappco.bio\/?post_type=product&#038;p=2496"},"modified":"2025-09-23T13:07:06","modified_gmt":"2025-09-23T11:07:06","slug":"micelarny-oczyszczajacy-plyn-do-demakijazu-oczu-twarzy-ust","status":"publish","type":"product","link":"https:\/\/yappco.bio\/en\/product\/micelarny-oczyszczajacy-plyn-do-demakijazu-oczu-twarzy-ust\/","title":{"rendered":"Micellar make-up remover"},"content":{"rendered":"<p>The mild formula of the clarifying micellar water is suitable for even the most sensitive skin. Thanks to its properties, it can replace multi-step cleaning of face, eyes, and lips. Gently, yet effectively, it removes residual dirt and even waterproof makeup, tones, and moisturizes skin leaving it fresh. It conditions brows and lashes.<\/p>","protected":false},"excerpt":{"rendered":"<p>CLARIFYING FOR FACE, EYES, LIPS<\/p>","protected":false},"featured_media":7356,"template":"","meta":[],"product_cat":[20],"product_tag":[],"acf":[],"yoast_head":"<!-- This site is optimized with the Yoast SEO plugin v21.8.1 - https:\/\/yoast.com\/wordpress\/plugins\/seo\/ -->\n<title>P\u0142yn do demakija\u017cu - naturalne kosmetyki do piel\u0119gnacji twarzy<\/title>\n<meta name=\"description\" content=\"Produkt bez kompozycji zapachowej i barwnik\u00f3w, kt\u00f3re mog\u0105 podra\u017cnia\u0107 i wywo\u0142a\u0107 alergi\u0119 sk\u00f3rn\u0105. Natuaralne kosmetyki do piel\u0119gnacji twarzy.\" \/>\n<meta name=\"robots\" content=\"index, follow, max-snippet:-1, max-image-preview:large, max-video-preview:-1\" \/>\n<link rel=\"canonical\" href=\"https:\/\/yappco.bio\/en\/product\/micelarny-oczyszczajacy-plyn-do-demakijazu-oczu-twarzy-ust\/\" \/>\n<meta property=\"og:locale\" content=\"en_GB\" \/>\n<meta property=\"og:type\" content=\"article\" \/>\n<meta property=\"og:title\" content=\"P\u0142yn do demakija\u017cu - naturalne kosmetyki do piel\u0119gnacji twarzy\" \/>\n<meta property=\"og:description\" content=\"Produkt bez kompozycji zapachowej i barwnik\u00f3w, kt\u00f3re mog\u0105 podra\u017cnia\u0107 i wywo\u0142a\u0107 alergi\u0119 sk\u00f3rn\u0105. Natuaralne kosmetyki do piel\u0119gnacji twarzy.\" \/>\n<meta property=\"og:url\" content=\"https:\/\/yappco.bio\/en\/product\/micelarny-oczyszczajacy-plyn-do-demakijazu-oczu-twarzy-ust\/\" \/>\n<meta property=\"og:site_name\" content=\"Naturalna piel\u0119gnacja sk\u00f3ry i w\u0142os\u00f3w na bazie jab\u0142ek\" \/>\n<meta property=\"article:publisher\" content=\"https:\/\/www.facebook.com\/Yappcosmetics\" \/>\n<meta property=\"article:modified_time\" content=\"2025-09-23T11:07:06+00:00\" \/>\n<meta property=\"og:image\" content=\"https:\/\/yappco.bio\/wp-content\/uploads\/2020\/07\/Kartonik_110_Micellar_Clarifying_Face_Eyes_Lips_Makeup_Remover-2.png\" \/>\n\t<meta property=\"og:image:width\" content=\"1117\" \/>\n\t<meta property=\"og:image:height\" content=\"1600\" \/>\n\t<meta property=\"og:image:type\" content=\"image\/png\" \/>\n<meta name=\"twitter:card\" content=\"summary_large_image\" \/>\n<meta name=\"twitter:label1\" content=\"Estimated reading time\" \/>\n\t<meta name=\"twitter:data1\" content=\"1 minute\" \/>\n<script type=\"application\/ld+json\" class=\"yoast-schema-graph\">{\"@context\":\"https:\/\/schema.org\",\"@graph\":[{\"@type\":\"WebPage\",\"@id\":\"https:\/\/yappco.bio\/produkt\/micelarny-oczyszczajacy-plyn-do-demakijazu-oczu-twarzy-ust\/\",\"url\":\"https:\/\/yappco.bio\/produkt\/micelarny-oczyszczajacy-plyn-do-demakijazu-oczu-twarzy-ust\/\",\"name\":\"P\u0142yn do demakija\u017cu - naturalne kosmetyki do piel\u0119gnacji twarzy\",\"isPartOf\":{\"@id\":\"https:\/\/yappco.bio\/#website\"},\"datePublished\":\"2020-07-31T11:17:48+00:00\",\"dateModified\":\"2025-09-23T11:07:06+00:00\",\"description\":\"Produkt bez kompozycji zapachowej i barwnik\u00f3w, kt\u00f3re mog\u0105 podra\u017cnia\u0107 i wywo\u0142a\u0107 alergi\u0119 sk\u00f3rn\u0105. Natuaralne kosmetyki do piel\u0119gnacji twarzy.\",\"breadcrumb\":{\"@id\":\"https:\/\/yappco.bio\/produkt\/micelarny-oczyszczajacy-plyn-do-demakijazu-oczu-twarzy-ust\/#breadcrumb\"},\"inLanguage\":\"en-GB\",\"potentialAction\":[{\"@type\":\"ReadAction\",\"target\":[\"https:\/\/yappco.bio\/produkt\/micelarny-oczyszczajacy-plyn-do-demakijazu-oczu-twarzy-ust\/\"]}]},{\"@type\":\"BreadcrumbList\",\"@id\":\"https:\/\/yappco.bio\/produkt\/micelarny-oczyszczajacy-plyn-do-demakijazu-oczu-twarzy-ust\/#breadcrumb\",\"itemListElement\":[{\"@type\":\"ListItem\",\"position\":1,\"name\":\"Strona g\u0142\u00f3wna\",\"item\":\"https:\/\/yappco.bio\/\"},{\"@type\":\"ListItem\",\"position\":2,\"name\":\"Sklep\",\"item\":\"https:\/\/yappco.bio\/sklep\/\"},{\"@type\":\"ListItem\",\"position\":3,\"name\":\"Micelarny p\u0142yn do demakija\u017cu\"}]},{\"@type\":\"WebSite\",\"@id\":\"https:\/\/yappco.bio\/#website\",\"url\":\"https:\/\/yappco.bio\/\",\"name\":\"Naturalna piel\u0119gnacja sk\u00f3ry i w\u0142os\u00f3w na bazie jab\u0142ek\",\"description\":\"Jab\u0142ka piel\u0119gnuj\u0105, kwas poliglutaminowy ultra nawil\u017ca.\",\"publisher\":{\"@id\":\"https:\/\/yappco.bio\/#organization\"},\"potentialAction\":[{\"@type\":\"SearchAction\",\"target\":{\"@type\":\"EntryPoint\",\"urlTemplate\":\"https:\/\/yappco.bio\/?s={search_term_string}\"},\"query-input\":\"required name=search_term_string\"}],\"inLanguage\":\"en-GB\"},{\"@type\":\"Organization\",\"@id\":\"https:\/\/yappco.bio\/#organization\",\"name\":\"Naturalna piel\u0119gnacja sk\u00f3ry i w\u0142os\u00f3w na bazie jab\u0142ek\",\"url\":\"https:\/\/yappco.bio\/\",\"logo\":{\"@type\":\"ImageObject\",\"inLanguage\":\"en-GB\",\"@id\":\"https:\/\/yappco.bio\/#\/schema\/logo\/image\/\",\"url\":\"https:\/\/yappco.bio\/wp-content\/uploads\/2020\/07\/logo_yappco.png\",\"contentUrl\":\"https:\/\/yappco.bio\/wp-content\/uploads\/2020\/07\/logo_yappco.png\",\"width\":759,\"height\":351,\"caption\":\"Naturalna piel\u0119gnacja sk\u00f3ry i w\u0142os\u00f3w na bazie jab\u0142ek\"},\"image\":{\"@id\":\"https:\/\/yappco.bio\/#\/schema\/logo\/image\/\"},\"sameAs\":[\"https:\/\/www.facebook.com\/Yappcosmetics\",\"https:\/\/www.instagram.com\/yappco\"]}]}<\/script>\n<!-- \/ Yoast SEO plugin. -->","yoast_head_json":{"title":"P\u0142yn do demakija\u017cu - naturalne kosmetyki do piel\u0119gnacji twarzy","description":"Produkt bez kompozycji zapachowej i barwnik\u00f3w, kt\u00f3re mog\u0105 podra\u017cnia\u0107 i wywo\u0142a\u0107 alergi\u0119 sk\u00f3rn\u0105. Natuaralne kosmetyki do piel\u0119gnacji twarzy.","robots":{"index":"index","follow":"follow","max-snippet":"max-snippet:-1","max-image-preview":"max-image-preview:large","max-video-preview":"max-video-preview:-1"},"canonical":"https:\/\/yappco.bio\/en\/product\/micelarny-oczyszczajacy-plyn-do-demakijazu-oczu-twarzy-ust\/","og_locale":"en_GB","og_type":"article","og_title":"P\u0142yn do demakija\u017cu - naturalne kosmetyki do piel\u0119gnacji twarzy","og_description":"Produkt bez kompozycji zapachowej i barwnik\u00f3w, kt\u00f3re mog\u0105 podra\u017cnia\u0107 i wywo\u0142a\u0107 alergi\u0119 sk\u00f3rn\u0105. Natuaralne kosmetyki do piel\u0119gnacji twarzy.","og_url":"https:\/\/yappco.bio\/en\/product\/micelarny-oczyszczajacy-plyn-do-demakijazu-oczu-twarzy-ust\/","og_site_name":"Naturalna piel\u0119gnacja sk\u00f3ry i w\u0142os\u00f3w na bazie jab\u0142ek","article_publisher":"https:\/\/www.facebook.com\/Yappcosmetics","article_modified_time":"2025-09-23T11:07:06+00:00","og_image":[{"width":1117,"height":1600,"url":"https:\/\/yappco.bio\/wp-content\/uploads\/2020\/07\/Kartonik_110_Micellar_Clarifying_Face_Eyes_Lips_Makeup_Remover-2.png","type":"image\/png"}],"twitter_card":"summary_large_image","twitter_misc":{"Estimated reading time":"1 minute"},"schema":{"@context":"https:\/\/schema.org","@graph":[{"@type":"WebPage","@id":"https:\/\/yappco.bio\/produkt\/micelarny-oczyszczajacy-plyn-do-demakijazu-oczu-twarzy-ust\/","url":"https:\/\/yappco.bio\/produkt\/micelarny-oczyszczajacy-plyn-do-demakijazu-oczu-twarzy-ust\/","name":"P\u0142yn do demakija\u017cu - naturalne kosmetyki do piel\u0119gnacji twarzy","isPartOf":{"@id":"https:\/\/yappco.bio\/#website"},"datePublished":"2020-07-31T11:17:48+00:00","dateModified":"2025-09-23T11:07:06+00:00","description":"Produkt bez kompozycji zapachowej i barwnik\u00f3w, kt\u00f3re mog\u0105 podra\u017cnia\u0107 i wywo\u0142a\u0107 alergi\u0119 sk\u00f3rn\u0105. Natuaralne kosmetyki do piel\u0119gnacji twarzy.","breadcrumb":{"@id":"https:\/\/yappco.bio\/produkt\/micelarny-oczyszczajacy-plyn-do-demakijazu-oczu-twarzy-ust\/#breadcrumb"},"inLanguage":"en-GB","potentialAction":[{"@type":"ReadAction","target":["https:\/\/yappco.bio\/produkt\/micelarny-oczyszczajacy-plyn-do-demakijazu-oczu-twarzy-ust\/"]}]},{"@type":"BreadcrumbList","@id":"https:\/\/yappco.bio\/produkt\/micelarny-oczyszczajacy-plyn-do-demakijazu-oczu-twarzy-ust\/#breadcrumb","itemListElement":[{"@type":"ListItem","position":1,"name":"Strona g\u0142\u00f3wna","item":"https:\/\/yappco.bio\/"},{"@type":"ListItem","position":2,"name":"Sklep","item":"https:\/\/yappco.bio\/sklep\/"},{"@type":"ListItem","position":3,"name":"Micelarny p\u0142yn do demakija\u017cu"}]},{"@type":"WebSite","@id":"https:\/\/yappco.bio\/#website","url":"https:\/\/yappco.bio\/","name":"Naturalna piel\u0119gnacja sk\u00f3ry i w\u0142os\u00f3w na bazie jab\u0142ek","description":"Jab\u0142ka piel\u0119gnuj\u0105, kwas poliglutaminowy ultra nawil\u017ca.","publisher":{"@id":"https:\/\/yappco.bio\/#organization"},"potentialAction":[{"@type":"SearchAction","target":{"@type":"EntryPoint","urlTemplate":"https:\/\/yappco.bio\/?s={search_term_string}"},"query-input":"required name=search_term_string"}],"inLanguage":"en-GB"},{"@type":"Organization","@id":"https:\/\/yappco.bio\/#organization","name":"Naturalna piel\u0119gnacja sk\u00f3ry i w\u0142os\u00f3w na bazie jab\u0142ek","url":"https:\/\/yappco.bio\/","logo":{"@type":"ImageObject","inLanguage":"en-GB","@id":"https:\/\/yappco.bio\/#\/schema\/logo\/image\/","url":"https:\/\/yappco.bio\/wp-content\/uploads\/2020\/07\/logo_yappco.png","contentUrl":"https:\/\/yappco.bio\/wp-content\/uploads\/2020\/07\/logo_yappco.png","width":759,"height":351,"caption":"Naturalna piel\u0119gnacja sk\u00f3ry i w\u0142os\u00f3w na bazie jab\u0142ek"},"image":{"@id":"https:\/\/yappco.bio\/#\/schema\/logo\/image\/"},"sameAs":["https:\/\/www.facebook.com\/Yappcosmetics","https:\/\/www.instagram.com\/yappco"]}]}},"_links":{"self":[{"href":"https:\/\/yappco.bio\/en\/wp-json\/wp\/v2\/product\/2496"}],"collection":[{"href":"https:\/\/yappco.bio\/en\/wp-json\/wp\/v2\/product"}],"about":[{"href":"https:\/\/yappco.bio\/en\/wp-json\/wp\/v2\/types\/product"}],"wp:featuredmedia":[{"embeddable":true,"href":"https:\/\/yappco.bio\/en\/wp-json\/wp\/v2\/media\/7356"}],"wp:attachment":[{"href":"https:\/\/yappco.bio\/en\/wp-json\/wp\/v2\/media?parent=2496"}],"wp:term":[{"taxonomy":"product_cat","embeddable":true,"href":"https:\/\/yappco.bio\/en\/wp-json\/wp\/v2\/product_cat?post=2496"},{"taxonomy":"product_tag","embeddable":true,"href":"https:\/\/yappco.bio\/en\/wp-json\/wp\/v2\/product_tag?post=2496"}],"curies":[{"name":"wp","href":"https:\/\/api.w.org\/{rel}","templated":true}]}}