{"id":2493,"date":"2020-07-31T12:52:31","date_gmt":"2020-07-31T10:52:31","guid":{"rendered":"https:\/\/yappco.bio\/?post_type=product&#038;p=2493"},"modified":"2024-12-23T12:48:45","modified_gmt":"2024-12-23T11:48:45","slug":"regenerujacy-szampon-micelarny","status":"publish","type":"product","link":"https:\/\/yappco.bio\/en\/product\/regenerujacy-szampon-micelarny\/","title":{"rendered":"Micellar shampoo"},"content":{"rendered":"<p>Shampoo for daily scalp and hair care. It helps repair damage, close hair cuticles, mend split ends. It moisturizes and makes combing easier. It restores natural shine. To boost its performance, it is recommended to use Yappco hair conditioner. Appropriate compounds preserve natural, protective layer of scalp and hair.<\/p>","protected":false},"excerpt":{"rendered":"<p>REGENERATING  FOR DRY &amp; DAMAGED HAIR<\/p>","protected":false},"featured_media":7447,"template":"","meta":[],"product_cat":[22],"product_tag":[],"acf":[],"yoast_head":"<!-- This site is optimized with the Yoast SEO plugin v21.8.1 - https:\/\/yoast.com\/wordpress\/plugins\/seo\/ -->\n<title>Szampon micelarny - eko kosmetyki do piel\u0119gnacji w\u0142os\u00f3w<\/title>\n<meta name=\"description\" content=\"Szampon do codziennego mycia i piel\u0119gnacji w\u0142os\u00f3w i sk\u00f3ry g\u0142owy. Przywraca naturalny blask. Eko kosmetyki do piel\u0119gnacji w\u0142os\u00f3w.\" \/>\n<meta name=\"robots\" content=\"index, follow, max-snippet:-1, max-image-preview:large, max-video-preview:-1\" \/>\n<link rel=\"canonical\" href=\"https:\/\/yappco.bio\/en\/product\/regenerujacy-szampon-micelarny\/\" \/>\n<meta property=\"og:locale\" content=\"en_GB\" \/>\n<meta property=\"og:type\" content=\"article\" \/>\n<meta property=\"og:title\" content=\"Szampon micelarny - eko kosmetyki do piel\u0119gnacji w\u0142os\u00f3w\" \/>\n<meta property=\"og:description\" content=\"Szampon do codziennego mycia i piel\u0119gnacji w\u0142os\u00f3w i sk\u00f3ry g\u0142owy. Przywraca naturalny blask. Eko kosmetyki do piel\u0119gnacji w\u0142os\u00f3w.\" \/>\n<meta property=\"og:url\" content=\"https:\/\/yappco.bio\/en\/product\/regenerujacy-szampon-micelarny\/\" \/>\n<meta property=\"og:site_name\" content=\"Naturalna piel\u0119gnacja sk\u00f3ry i w\u0142os\u00f3w na bazie jab\u0142ek\" \/>\n<meta property=\"article:publisher\" content=\"https:\/\/www.facebook.com\/Yappcosmetics\" \/>\n<meta property=\"article:modified_time\" content=\"2024-12-23T11:48:45+00:00\" \/>\n<meta property=\"og:image\" content=\"https:\/\/yappco.bio\/wp-content\/uploads\/2020\/07\/Kartonik_200_Regenerating_Micellar_Shampoo-1.png\" \/>\n\t<meta property=\"og:image:width\" content=\"800\" \/>\n\t<meta property=\"og:image:height\" content=\"1600\" \/>\n\t<meta property=\"og:image:type\" content=\"image\/png\" \/>\n<meta name=\"twitter:card\" content=\"summary_large_image\" \/>\n<meta name=\"twitter:label1\" content=\"Estimated reading time\" \/>\n\t<meta name=\"twitter:data1\" content=\"1 minute\" \/>\n<script type=\"application\/ld+json\" class=\"yoast-schema-graph\">{\"@context\":\"https:\/\/schema.org\",\"@graph\":[{\"@type\":\"WebPage\",\"@id\":\"https:\/\/yappco.bio\/produkt\/regenerujacy-szampon-micelarny\/\",\"url\":\"https:\/\/yappco.bio\/produkt\/regenerujacy-szampon-micelarny\/\",\"name\":\"Szampon micelarny - eko kosmetyki do piel\u0119gnacji w\u0142os\u00f3w\",\"isPartOf\":{\"@id\":\"https:\/\/yappco.bio\/#website\"},\"datePublished\":\"2020-07-31T10:52:31+00:00\",\"dateModified\":\"2024-12-23T11:48:45+00:00\",\"description\":\"Szampon do codziennego mycia i piel\u0119gnacji w\u0142os\u00f3w i sk\u00f3ry g\u0142owy. Przywraca naturalny blask. Eko kosmetyki do piel\u0119gnacji w\u0142os\u00f3w.\",\"breadcrumb\":{\"@id\":\"https:\/\/yappco.bio\/produkt\/regenerujacy-szampon-micelarny\/#breadcrumb\"},\"inLanguage\":\"en-GB\",\"potentialAction\":[{\"@type\":\"ReadAction\",\"target\":[\"https:\/\/yappco.bio\/produkt\/regenerujacy-szampon-micelarny\/\"]}]},{\"@type\":\"BreadcrumbList\",\"@id\":\"https:\/\/yappco.bio\/produkt\/regenerujacy-szampon-micelarny\/#breadcrumb\",\"itemListElement\":[{\"@type\":\"ListItem\",\"position\":1,\"name\":\"Strona g\u0142\u00f3wna\",\"item\":\"https:\/\/yappco.bio\/\"},{\"@type\":\"ListItem\",\"position\":2,\"name\":\"Sklep\",\"item\":\"https:\/\/yappco.bio\/sklep\/\"},{\"@type\":\"ListItem\",\"position\":3,\"name\":\"Szampon micelarny\"}]},{\"@type\":\"WebSite\",\"@id\":\"https:\/\/yappco.bio\/#website\",\"url\":\"https:\/\/yappco.bio\/\",\"name\":\"Naturalna piel\u0119gnacja sk\u00f3ry i w\u0142os\u00f3w na bazie jab\u0142ek\",\"description\":\"Jab\u0142ka piel\u0119gnuj\u0105, kwas poliglutaminowy ultra nawil\u017ca.\",\"publisher\":{\"@id\":\"https:\/\/yappco.bio\/#organization\"},\"potentialAction\":[{\"@type\":\"SearchAction\",\"target\":{\"@type\":\"EntryPoint\",\"urlTemplate\":\"https:\/\/yappco.bio\/?s={search_term_string}\"},\"query-input\":\"required name=search_term_string\"}],\"inLanguage\":\"en-GB\"},{\"@type\":\"Organization\",\"@id\":\"https:\/\/yappco.bio\/#organization\",\"name\":\"Naturalna piel\u0119gnacja sk\u00f3ry i w\u0142os\u00f3w na bazie jab\u0142ek\",\"url\":\"https:\/\/yappco.bio\/\",\"logo\":{\"@type\":\"ImageObject\",\"inLanguage\":\"en-GB\",\"@id\":\"https:\/\/yappco.bio\/#\/schema\/logo\/image\/\",\"url\":\"https:\/\/yappco.bio\/wp-content\/uploads\/2020\/07\/logo_yappco.png\",\"contentUrl\":\"https:\/\/yappco.bio\/wp-content\/uploads\/2020\/07\/logo_yappco.png\",\"width\":759,\"height\":351,\"caption\":\"Naturalna piel\u0119gnacja sk\u00f3ry i w\u0142os\u00f3w na bazie jab\u0142ek\"},\"image\":{\"@id\":\"https:\/\/yappco.bio\/#\/schema\/logo\/image\/\"},\"sameAs\":[\"https:\/\/www.facebook.com\/Yappcosmetics\",\"https:\/\/www.instagram.com\/yappco\"]}]}<\/script>\n<!-- \/ Yoast SEO plugin. -->","yoast_head_json":{"title":"Szampon micelarny - eko kosmetyki do piel\u0119gnacji w\u0142os\u00f3w","description":"Szampon do codziennego mycia i piel\u0119gnacji w\u0142os\u00f3w i sk\u00f3ry g\u0142owy. Przywraca naturalny blask. Eko kosmetyki do piel\u0119gnacji w\u0142os\u00f3w.","robots":{"index":"index","follow":"follow","max-snippet":"max-snippet:-1","max-image-preview":"max-image-preview:large","max-video-preview":"max-video-preview:-1"},"canonical":"https:\/\/yappco.bio\/en\/product\/regenerujacy-szampon-micelarny\/","og_locale":"en_GB","og_type":"article","og_title":"Szampon micelarny - eko kosmetyki do piel\u0119gnacji w\u0142os\u00f3w","og_description":"Szampon do codziennego mycia i piel\u0119gnacji w\u0142os\u00f3w i sk\u00f3ry g\u0142owy. Przywraca naturalny blask. Eko kosmetyki do piel\u0119gnacji w\u0142os\u00f3w.","og_url":"https:\/\/yappco.bio\/en\/product\/regenerujacy-szampon-micelarny\/","og_site_name":"Naturalna piel\u0119gnacja sk\u00f3ry i w\u0142os\u00f3w na bazie jab\u0142ek","article_publisher":"https:\/\/www.facebook.com\/Yappcosmetics","article_modified_time":"2024-12-23T11:48:45+00:00","og_image":[{"width":800,"height":1600,"url":"https:\/\/yappco.bio\/wp-content\/uploads\/2020\/07\/Kartonik_200_Regenerating_Micellar_Shampoo-1.png","type":"image\/png"}],"twitter_card":"summary_large_image","twitter_misc":{"Estimated reading time":"1 minute"},"schema":{"@context":"https:\/\/schema.org","@graph":[{"@type":"WebPage","@id":"https:\/\/yappco.bio\/produkt\/regenerujacy-szampon-micelarny\/","url":"https:\/\/yappco.bio\/produkt\/regenerujacy-szampon-micelarny\/","name":"Szampon micelarny - eko kosmetyki do piel\u0119gnacji w\u0142os\u00f3w","isPartOf":{"@id":"https:\/\/yappco.bio\/#website"},"datePublished":"2020-07-31T10:52:31+00:00","dateModified":"2024-12-23T11:48:45+00:00","description":"Szampon do codziennego mycia i piel\u0119gnacji w\u0142os\u00f3w i sk\u00f3ry g\u0142owy. Przywraca naturalny blask. Eko kosmetyki do piel\u0119gnacji w\u0142os\u00f3w.","breadcrumb":{"@id":"https:\/\/yappco.bio\/produkt\/regenerujacy-szampon-micelarny\/#breadcrumb"},"inLanguage":"en-GB","potentialAction":[{"@type":"ReadAction","target":["https:\/\/yappco.bio\/produkt\/regenerujacy-szampon-micelarny\/"]}]},{"@type":"BreadcrumbList","@id":"https:\/\/yappco.bio\/produkt\/regenerujacy-szampon-micelarny\/#breadcrumb","itemListElement":[{"@type":"ListItem","position":1,"name":"Strona g\u0142\u00f3wna","item":"https:\/\/yappco.bio\/"},{"@type":"ListItem","position":2,"name":"Sklep","item":"https:\/\/yappco.bio\/sklep\/"},{"@type":"ListItem","position":3,"name":"Szampon micelarny"}]},{"@type":"WebSite","@id":"https:\/\/yappco.bio\/#website","url":"https:\/\/yappco.bio\/","name":"Naturalna piel\u0119gnacja sk\u00f3ry i w\u0142os\u00f3w na bazie jab\u0142ek","description":"Jab\u0142ka piel\u0119gnuj\u0105, kwas poliglutaminowy ultra nawil\u017ca.","publisher":{"@id":"https:\/\/yappco.bio\/#organization"},"potentialAction":[{"@type":"SearchAction","target":{"@type":"EntryPoint","urlTemplate":"https:\/\/yappco.bio\/?s={search_term_string}"},"query-input":"required name=search_term_string"}],"inLanguage":"en-GB"},{"@type":"Organization","@id":"https:\/\/yappco.bio\/#organization","name":"Naturalna piel\u0119gnacja sk\u00f3ry i w\u0142os\u00f3w na bazie jab\u0142ek","url":"https:\/\/yappco.bio\/","logo":{"@type":"ImageObject","inLanguage":"en-GB","@id":"https:\/\/yappco.bio\/#\/schema\/logo\/image\/","url":"https:\/\/yappco.bio\/wp-content\/uploads\/2020\/07\/logo_yappco.png","contentUrl":"https:\/\/yappco.bio\/wp-content\/uploads\/2020\/07\/logo_yappco.png","width":759,"height":351,"caption":"Naturalna piel\u0119gnacja sk\u00f3ry i w\u0142os\u00f3w na bazie jab\u0142ek"},"image":{"@id":"https:\/\/yappco.bio\/#\/schema\/logo\/image\/"},"sameAs":["https:\/\/www.facebook.com\/Yappcosmetics","https:\/\/www.instagram.com\/yappco"]}]}},"_links":{"self":[{"href":"https:\/\/yappco.bio\/en\/wp-json\/wp\/v2\/product\/2493"}],"collection":[{"href":"https:\/\/yappco.bio\/en\/wp-json\/wp\/v2\/product"}],"about":[{"href":"https:\/\/yappco.bio\/en\/wp-json\/wp\/v2\/types\/product"}],"wp:featuredmedia":[{"embeddable":true,"href":"https:\/\/yappco.bio\/en\/wp-json\/wp\/v2\/media\/7447"}],"wp:attachment":[{"href":"https:\/\/yappco.bio\/en\/wp-json\/wp\/v2\/media?parent=2493"}],"wp:term":[{"taxonomy":"product_cat","embeddable":true,"href":"https:\/\/yappco.bio\/en\/wp-json\/wp\/v2\/product_cat?post=2493"},{"taxonomy":"product_tag","embeddable":true,"href":"https:\/\/yappco.bio\/en\/wp-json\/wp\/v2\/product_tag?post=2493"}],"curies":[{"name":"wp","href":"https:\/\/api.w.org\/{rel}","templated":true}]}}