{"id":2447,"date":"2020-07-30T15:44:39","date_gmt":"2020-07-30T13:44:39","guid":{"rendered":"https:\/\/yappco.bio\/?post_type=product&#038;p=2447"},"modified":"2025-02-20T11:27:32","modified_gmt":"2025-02-20T10:27:32","slug":"gleboko-nawilzajacy-krem-do-twarzy-na-dzien","status":"publish","type":"product","link":"https:\/\/yappco.bio\/en\/product\/gleboko-nawilzajacy-krem-do-twarzy-na-dzien\/","title":{"rendered":"Face cream"},"content":{"rendered":"<p>The day cream provides deep and lasting moisture, dramatically increases elasticity, instantly gives feeling of comfort and smooth appearance. It spreads evenly and quickly, absorbs fast, does not block pores, perfect to wear under make up.<\/p>","protected":false},"excerpt":{"rendered":"<p>DEEP HYDRATION DAY MOISTURIZER<\/p>","protected":false},"featured_media":7371,"template":"","meta":[],"product_cat":[20],"product_tag":[],"acf":[],"yoast_head":"<!-- This site is optimized with the Yoast SEO plugin v21.8.1 - https:\/\/yoast.com\/wordpress\/plugins\/seo\/ -->\n<title>Nawil\u017caj\u0105cy krem do twarzy - wege kosmetyki do piel\u0119gnacji twarzy<\/title>\n<meta name=\"description\" content=\"Krem do twarzy na dzie\u0144 zapewnia g\u0142\u0119bokie i d\u0142ugotrwa\u0142e nawil\u017cenie oraz zwi\u0119ksza elastyczno\u015b\u0107 sk\u00f3ry, daje natychmiastowe uczucie g\u0142adko\u015bci.\" \/>\n<meta name=\"robots\" content=\"index, follow, max-snippet:-1, max-image-preview:large, max-video-preview:-1\" \/>\n<link rel=\"canonical\" href=\"https:\/\/yappco.bio\/en\/product\/gleboko-nawilzajacy-krem-do-twarzy-na-dzien\/\" \/>\n<meta property=\"og:locale\" content=\"en_GB\" \/>\n<meta property=\"og:type\" content=\"article\" \/>\n<meta property=\"og:title\" content=\"Nawil\u017caj\u0105cy krem do twarzy - wege kosmetyki do piel\u0119gnacji twarzy\" \/>\n<meta property=\"og:description\" content=\"Krem do twarzy na dzie\u0144 zapewnia g\u0142\u0119bokie i d\u0142ugotrwa\u0142e nawil\u017cenie oraz zwi\u0119ksza elastyczno\u015b\u0107 sk\u00f3ry, daje natychmiastowe uczucie g\u0142adko\u015bci.\" \/>\n<meta property=\"og:url\" content=\"https:\/\/yappco.bio\/en\/product\/gleboko-nawilzajacy-krem-do-twarzy-na-dzien\/\" \/>\n<meta property=\"og:site_name\" content=\"Naturalna piel\u0119gnacja sk\u00f3ry i w\u0142os\u00f3w na bazie jab\u0142ek\" \/>\n<meta property=\"article:publisher\" content=\"https:\/\/www.facebook.com\/Yappcosmetics\" \/>\n<meta property=\"article:modified_time\" content=\"2025-02-20T10:27:32+00:00\" \/>\n<meta property=\"og:image\" content=\"https:\/\/yappco.bio\/wp-content\/uploads\/2020\/07\/Kartonik_50_Deep_Hydrating_Day_Moisturizer-1-1.png\" \/>\n\t<meta property=\"og:image:width\" content=\"800\" \/>\n\t<meta property=\"og:image:height\" content=\"1600\" \/>\n\t<meta property=\"og:image:type\" content=\"image\/png\" \/>\n<meta name=\"twitter:card\" content=\"summary_large_image\" \/>\n<meta name=\"twitter:label1\" content=\"Estimated reading time\" \/>\n\t<meta name=\"twitter:data1\" content=\"1 minute\" \/>\n<script type=\"application\/ld+json\" class=\"yoast-schema-graph\">{\"@context\":\"https:\/\/schema.org\",\"@graph\":[{\"@type\":\"WebPage\",\"@id\":\"https:\/\/yappco.bio\/produkt\/gleboko-nawilzajacy-krem-do-twarzy-na-dzien\/\",\"url\":\"https:\/\/yappco.bio\/produkt\/gleboko-nawilzajacy-krem-do-twarzy-na-dzien\/\",\"name\":\"Nawil\u017caj\u0105cy krem do twarzy - wege kosmetyki do piel\u0119gnacji twarzy\",\"isPartOf\":{\"@id\":\"https:\/\/yappco.bio\/#website\"},\"datePublished\":\"2020-07-30T13:44:39+00:00\",\"dateModified\":\"2025-02-20T10:27:32+00:00\",\"description\":\"Krem do twarzy na dzie\u0144 zapewnia g\u0142\u0119bokie i d\u0142ugotrwa\u0142e nawil\u017cenie oraz zwi\u0119ksza elastyczno\u015b\u0107 sk\u00f3ry, daje natychmiastowe uczucie g\u0142adko\u015bci.\",\"breadcrumb\":{\"@id\":\"https:\/\/yappco.bio\/produkt\/gleboko-nawilzajacy-krem-do-twarzy-na-dzien\/#breadcrumb\"},\"inLanguage\":\"en-GB\",\"potentialAction\":[{\"@type\":\"ReadAction\",\"target\":[\"https:\/\/yappco.bio\/produkt\/gleboko-nawilzajacy-krem-do-twarzy-na-dzien\/\"]}]},{\"@type\":\"BreadcrumbList\",\"@id\":\"https:\/\/yappco.bio\/produkt\/gleboko-nawilzajacy-krem-do-twarzy-na-dzien\/#breadcrumb\",\"itemListElement\":[{\"@type\":\"ListItem\",\"position\":1,\"name\":\"Strona g\u0142\u00f3wna\",\"item\":\"https:\/\/yappco.bio\/\"},{\"@type\":\"ListItem\",\"position\":2,\"name\":\"Sklep\",\"item\":\"https:\/\/yappco.bio\/sklep\/\"},{\"@type\":\"ListItem\",\"position\":3,\"name\":\"Nawil\u017caj\u0105cy krem do twarzy\"}]},{\"@type\":\"WebSite\",\"@id\":\"https:\/\/yappco.bio\/#website\",\"url\":\"https:\/\/yappco.bio\/\",\"name\":\"Naturalna piel\u0119gnacja sk\u00f3ry i w\u0142os\u00f3w na bazie jab\u0142ek\",\"description\":\"Jab\u0142ka piel\u0119gnuj\u0105, kwas poliglutaminowy ultra nawil\u017ca.\",\"publisher\":{\"@id\":\"https:\/\/yappco.bio\/#organization\"},\"potentialAction\":[{\"@type\":\"SearchAction\",\"target\":{\"@type\":\"EntryPoint\",\"urlTemplate\":\"https:\/\/yappco.bio\/?s={search_term_string}\"},\"query-input\":\"required name=search_term_string\"}],\"inLanguage\":\"en-GB\"},{\"@type\":\"Organization\",\"@id\":\"https:\/\/yappco.bio\/#organization\",\"name\":\"Naturalna piel\u0119gnacja sk\u00f3ry i w\u0142os\u00f3w na bazie jab\u0142ek\",\"url\":\"https:\/\/yappco.bio\/\",\"logo\":{\"@type\":\"ImageObject\",\"inLanguage\":\"en-GB\",\"@id\":\"https:\/\/yappco.bio\/#\/schema\/logo\/image\/\",\"url\":\"https:\/\/yappco.bio\/wp-content\/uploads\/2020\/07\/logo_yappco.png\",\"contentUrl\":\"https:\/\/yappco.bio\/wp-content\/uploads\/2020\/07\/logo_yappco.png\",\"width\":759,\"height\":351,\"caption\":\"Naturalna piel\u0119gnacja sk\u00f3ry i w\u0142os\u00f3w na bazie jab\u0142ek\"},\"image\":{\"@id\":\"https:\/\/yappco.bio\/#\/schema\/logo\/image\/\"},\"sameAs\":[\"https:\/\/www.facebook.com\/Yappcosmetics\",\"https:\/\/www.instagram.com\/yappco\"]}]}<\/script>\n<!-- \/ Yoast SEO plugin. -->","yoast_head_json":{"title":"Nawil\u017caj\u0105cy krem do twarzy - wege kosmetyki do piel\u0119gnacji twarzy","description":"Krem do twarzy na dzie\u0144 zapewnia g\u0142\u0119bokie i d\u0142ugotrwa\u0142e nawil\u017cenie oraz zwi\u0119ksza elastyczno\u015b\u0107 sk\u00f3ry, daje natychmiastowe uczucie g\u0142adko\u015bci.","robots":{"index":"index","follow":"follow","max-snippet":"max-snippet:-1","max-image-preview":"max-image-preview:large","max-video-preview":"max-video-preview:-1"},"canonical":"https:\/\/yappco.bio\/en\/product\/gleboko-nawilzajacy-krem-do-twarzy-na-dzien\/","og_locale":"en_GB","og_type":"article","og_title":"Nawil\u017caj\u0105cy krem do twarzy - wege kosmetyki do piel\u0119gnacji twarzy","og_description":"Krem do twarzy na dzie\u0144 zapewnia g\u0142\u0119bokie i d\u0142ugotrwa\u0142e nawil\u017cenie oraz zwi\u0119ksza elastyczno\u015b\u0107 sk\u00f3ry, daje natychmiastowe uczucie g\u0142adko\u015bci.","og_url":"https:\/\/yappco.bio\/en\/product\/gleboko-nawilzajacy-krem-do-twarzy-na-dzien\/","og_site_name":"Naturalna piel\u0119gnacja sk\u00f3ry i w\u0142os\u00f3w na bazie jab\u0142ek","article_publisher":"https:\/\/www.facebook.com\/Yappcosmetics","article_modified_time":"2025-02-20T10:27:32+00:00","og_image":[{"width":800,"height":1600,"url":"https:\/\/yappco.bio\/wp-content\/uploads\/2020\/07\/Kartonik_50_Deep_Hydrating_Day_Moisturizer-1-1.png","type":"image\/png"}],"twitter_card":"summary_large_image","twitter_misc":{"Estimated reading time":"1 minute"},"schema":{"@context":"https:\/\/schema.org","@graph":[{"@type":"WebPage","@id":"https:\/\/yappco.bio\/produkt\/gleboko-nawilzajacy-krem-do-twarzy-na-dzien\/","url":"https:\/\/yappco.bio\/produkt\/gleboko-nawilzajacy-krem-do-twarzy-na-dzien\/","name":"Nawil\u017caj\u0105cy krem do twarzy - wege kosmetyki do piel\u0119gnacji twarzy","isPartOf":{"@id":"https:\/\/yappco.bio\/#website"},"datePublished":"2020-07-30T13:44:39+00:00","dateModified":"2025-02-20T10:27:32+00:00","description":"Krem do twarzy na dzie\u0144 zapewnia g\u0142\u0119bokie i d\u0142ugotrwa\u0142e nawil\u017cenie oraz zwi\u0119ksza elastyczno\u015b\u0107 sk\u00f3ry, daje natychmiastowe uczucie g\u0142adko\u015bci.","breadcrumb":{"@id":"https:\/\/yappco.bio\/produkt\/gleboko-nawilzajacy-krem-do-twarzy-na-dzien\/#breadcrumb"},"inLanguage":"en-GB","potentialAction":[{"@type":"ReadAction","target":["https:\/\/yappco.bio\/produkt\/gleboko-nawilzajacy-krem-do-twarzy-na-dzien\/"]}]},{"@type":"BreadcrumbList","@id":"https:\/\/yappco.bio\/produkt\/gleboko-nawilzajacy-krem-do-twarzy-na-dzien\/#breadcrumb","itemListElement":[{"@type":"ListItem","position":1,"name":"Strona g\u0142\u00f3wna","item":"https:\/\/yappco.bio\/"},{"@type":"ListItem","position":2,"name":"Sklep","item":"https:\/\/yappco.bio\/sklep\/"},{"@type":"ListItem","position":3,"name":"Nawil\u017caj\u0105cy krem do twarzy"}]},{"@type":"WebSite","@id":"https:\/\/yappco.bio\/#website","url":"https:\/\/yappco.bio\/","name":"Naturalna piel\u0119gnacja sk\u00f3ry i w\u0142os\u00f3w na bazie jab\u0142ek","description":"Jab\u0142ka piel\u0119gnuj\u0105, kwas poliglutaminowy ultra nawil\u017ca.","publisher":{"@id":"https:\/\/yappco.bio\/#organization"},"potentialAction":[{"@type":"SearchAction","target":{"@type":"EntryPoint","urlTemplate":"https:\/\/yappco.bio\/?s={search_term_string}"},"query-input":"required name=search_term_string"}],"inLanguage":"en-GB"},{"@type":"Organization","@id":"https:\/\/yappco.bio\/#organization","name":"Naturalna piel\u0119gnacja sk\u00f3ry i w\u0142os\u00f3w na bazie jab\u0142ek","url":"https:\/\/yappco.bio\/","logo":{"@type":"ImageObject","inLanguage":"en-GB","@id":"https:\/\/yappco.bio\/#\/schema\/logo\/image\/","url":"https:\/\/yappco.bio\/wp-content\/uploads\/2020\/07\/logo_yappco.png","contentUrl":"https:\/\/yappco.bio\/wp-content\/uploads\/2020\/07\/logo_yappco.png","width":759,"height":351,"caption":"Naturalna piel\u0119gnacja sk\u00f3ry i w\u0142os\u00f3w na bazie jab\u0142ek"},"image":{"@id":"https:\/\/yappco.bio\/#\/schema\/logo\/image\/"},"sameAs":["https:\/\/www.facebook.com\/Yappcosmetics","https:\/\/www.instagram.com\/yappco"]}]}},"_links":{"self":[{"href":"https:\/\/yappco.bio\/en\/wp-json\/wp\/v2\/product\/2447"}],"collection":[{"href":"https:\/\/yappco.bio\/en\/wp-json\/wp\/v2\/product"}],"about":[{"href":"https:\/\/yappco.bio\/en\/wp-json\/wp\/v2\/types\/product"}],"wp:featuredmedia":[{"embeddable":true,"href":"https:\/\/yappco.bio\/en\/wp-json\/wp\/v2\/media\/7371"}],"wp:attachment":[{"href":"https:\/\/yappco.bio\/en\/wp-json\/wp\/v2\/media?parent=2447"}],"wp:term":[{"taxonomy":"product_cat","embeddable":true,"href":"https:\/\/yappco.bio\/en\/wp-json\/wp\/v2\/product_cat?post=2447"},{"taxonomy":"product_tag","embeddable":true,"href":"https:\/\/yappco.bio\/en\/wp-json\/wp\/v2\/product_tag?post=2447"}],"curies":[{"name":"wp","href":"https:\/\/api.w.org\/{rel}","templated":true}]}}