{"id":76,"date":"2020-06-19T15:12:20","date_gmt":"2020-06-19T13:12:20","guid":{"rendered":"https:\/\/yappcov2.twojprogramista.pl\/?page_id=76"},"modified":"2020-10-14T10:02:50","modified_gmt":"2020-10-14T08:02:50","slug":"polityka-prywatnosci","status":"publish","type":"page","link":"https:\/\/yappco.bio\/en\/polityka-prywatnosci\/","title":{"rendered":"Privacy policy"},"content":{"rendered":"<div data-elementor-type=\"wp-page\" data-elementor-id=\"76\" class=\"elementor elementor-76\">\n\t\t\t\t\t\t<div class=\"elementor-inner\">\n\t\t\t\t<div class=\"elementor-section-wrap\">\n\t\t\t\t\t\t\t\t\t<section class=\"elementor-section elementor-top-section elementor-element elementor-element-b828722 elementor-section-boxed elementor-section-height-default elementor-section-height-default\" data-id=\"b828722\" data-element_type=\"section\">\n\t\t\t\t\t\t<div class=\"elementor-container elementor-column-gap-default\">\n\t\t\t\t\t\t\t<div class=\"elementor-row\">\n\t\t\t\t\t<div class=\"elementor-column elementor-col-100 elementor-top-column elementor-element elementor-element-8894d91\" data-id=\"8894d91\" data-element_type=\"column\">\n\t\t\t<div class=\"elementor-column-wrap elementor-element-populated\">\n\t\t\t\t\t\t\t<div class=\"elementor-widget-wrap\">\n\t\t\t\t\t\t<div class=\"elementor-element elementor-element-ab36d02 elementor-widget elementor-widget-text-editor\" data-id=\"ab36d02\" data-element_type=\"widget\" data-widget_type=\"text-editor.default\">\n\t\t\t\t<div class=\"elementor-widget-container\">\n\t\t\t\t\t\t\t\t<div class=\"elementor-text-editor elementor-clearfix\">\n\t\t\t\t<div><div><div><div><div class=\"block-editor-block-list__layout\"><div id=\"block-84312e89-ef01-4888-b6df-7e8034312790\" class=\"wp-block block-editor-block-list__block has-selected-ui\" tabindex=\"0\" role=\"group\" data-block=\"84312e89-ef01-4888-b6df-7e8034312790\" data-type=\"core\/freeform\" aria-label=\"Block: Classic\"><div id=\"editor-84312e89-ef01-4888-b6df-7e8034312790\" class=\"wp-block-freeform block-library-rich-text__tinymce mce-content-body html5-captions mce-edit-focus\" contenteditable=\"true\"><p><strong>Privacy policy<\/strong><\/p><ol><li>The Seller is the controller of Customers\u2019 and Consumers\u2019 personal information collected vie the Online Shop.<\/li><li>The data collected from Customers or Consumers via the Online Shop will be used for processing a Sales Contract, an also, providing the Customer or the Consumer have given their consent, for commercial purposes<\/li><li>Possible recipients of the Online Shop Customers\u2019 and Consumers\u2019  personal information are:<ol><li>\u00a0in case of a Customer or a Consumer who uses the Online Shop delivery method by Post or by Courier, the Controller discloses the collected personal data of the Customer or the Consumer to the selected Delivery Service Provider or to another entity providing delivery service commissioned by the Controller.<\/li><li>\u00a0In case of a Customer or a Consumer who uses the Online Shop payment method: e-payment, or by card, the Controller shall disclose the collected personal data of the Customer or the Consumer to a selected entity handling these payments for the Online Shop.<\/li><\/ol><\/li><li>Customer or a Consumer have the right to access and modify their personal information.<\/li><li>Providing personal information is voluntary, however, not providing the personal data mandatory for concluding a Sales Contract as indicated in Terms and Conditions will prevent the Sales Contract from being concluded.<\/li><\/ol><\/div><\/div><div class=\"block-list-appender\" tabindex=\"-1\">\u00a0<\/div><\/div><\/div><\/div><\/div><\/div><div tabindex=\"0\">\u00a0<\/div>\t\t\t\t\t<\/div>\n\t\t\t\t\t\t<\/div>\n\t\t\t\t<\/div>\n\t\t\t\t\t\t<\/div>\n\t\t\t\t\t<\/div>\n\t\t<\/div>\n\t\t\t\t\t\t\t\t<\/div>\n\t\t\t\t\t<\/div>\n\t\t<\/section>\n\t\t\t\t\t\t\t\t\t<\/div>\n\t\t\t<\/div>\n\t\t\t\t\t<\/div>","protected":false},"excerpt":{"rendered":"<p>PRIVACY POLICY The administrator of personal data of Customers and Consumers collected via the Online Store is the Seller. Personal data of Customers or Consumers collected by the administrator via the Online Store are collected in order to implement the Sales Agreement, and if the Customer or Consumer agrees - also for marketing purposes. The recipients of the personal data of the Customers and Consumers of the Store [\u2026]<\/p>","protected":false},"author":197,"featured_media":0,"parent":0,"menu_order":0,"comment_status":"closed","ping_status":"closed","template":"elementor_header_footer","meta":{"footnotes":""},"acf":[],"yoast_head":"<!-- This site is optimized with the Yoast SEO plugin v21.8.1 - https:\/\/yoast.com\/wordpress\/plugins\/seo\/ -->\n<title>Naturalna piel\u0119gnacja sk\u00f3ry i w\u0142os\u00f3w na bazie jab\u0142ek<\/title>\n<meta name=\"robots\" content=\"index, follow, max-snippet:-1, max-image-preview:large, max-video-preview:-1\" \/>\n<link rel=\"canonical\" href=\"https:\/\/yappco.bio\/en\/polityka-prywatnosci\/\" \/>\n<meta property=\"og:locale\" content=\"en_GB\" \/>\n<meta property=\"og:type\" content=\"article\" \/>\n<meta property=\"og:title\" content=\"Naturalna piel\u0119gnacja sk\u00f3ry i w\u0142os\u00f3w na bazie jab\u0142ek\" \/>\n<meta property=\"og:description\" content=\"POLITYKA PRYWATNO\u015aCI Administratorem danych osobowych Klient\u00f3w i Konsument\u00f3w zbieranych za po\u015brednictwem Sklepu internetowego jest Sprzedawca. Dane osobowe Klient\u00f3w lub Konsument\u00f3w zbierane przez administratora za po\u015brednictwem Sklepu internetowego zbierane s\u0105 w celu realizacji Umowy Sprzeda\u017cy, a je\u017celi Klient lub Konsument wyrazi na to zgod\u0119 &#8211; tak\u017ce w celu marketingowym. Odbiorcami danych osobowych Klient\u00f3w i Konsument\u00f3w Sklepu [&hellip;]\" \/>\n<meta property=\"og:url\" content=\"https:\/\/yappco.bio\/en\/polityka-prywatnosci\/\" \/>\n<meta property=\"og:site_name\" content=\"Naturalna piel\u0119gnacja sk\u00f3ry i w\u0142os\u00f3w na bazie jab\u0142ek\" \/>\n<meta property=\"article:publisher\" content=\"https:\/\/www.facebook.com\/Yappcosmetics\" \/>\n<meta property=\"article:modified_time\" content=\"2020-10-14T08:02:50+00:00\" \/>\n<meta name=\"twitter:card\" content=\"summary_large_image\" \/>\n<meta name=\"twitter:label1\" content=\"Estimated reading time\" \/>\n\t<meta name=\"twitter:data1\" content=\"1 minute\" \/>\n<script type=\"application\/ld+json\" class=\"yoast-schema-graph\">{\"@context\":\"https:\/\/schema.org\",\"@graph\":[{\"@type\":\"WebPage\",\"@id\":\"https:\/\/yappco.bio\/polityka-prywatnosci\/\",\"url\":\"https:\/\/yappco.bio\/polityka-prywatnosci\/\",\"name\":\"Naturalna piel\u0119gnacja sk\u00f3ry i w\u0142os\u00f3w na bazie jab\u0142ek\",\"isPartOf\":{\"@id\":\"https:\/\/yappco.bio\/#website\"},\"datePublished\":\"2020-06-19T13:12:20+00:00\",\"dateModified\":\"2020-10-14T08:02:50+00:00\",\"breadcrumb\":{\"@id\":\"https:\/\/yappco.bio\/polityka-prywatnosci\/#breadcrumb\"},\"inLanguage\":\"en-GB\",\"potentialAction\":[{\"@type\":\"ReadAction\",\"target\":[\"https:\/\/yappco.bio\/polityka-prywatnosci\/\"]}]},{\"@type\":\"BreadcrumbList\",\"@id\":\"https:\/\/yappco.bio\/polityka-prywatnosci\/#breadcrumb\",\"itemListElement\":[{\"@type\":\"ListItem\",\"position\":1,\"name\":\"Strona g\u0142\u00f3wna\",\"item\":\"https:\/\/yappco.bio\/\"},{\"@type\":\"ListItem\",\"position\":2,\"name\":\"Polityka prywatno\u015bci\"}]},{\"@type\":\"WebSite\",\"@id\":\"https:\/\/yappco.bio\/#website\",\"url\":\"https:\/\/yappco.bio\/\",\"name\":\"Naturalna piel\u0119gnacja sk\u00f3ry i w\u0142os\u00f3w na bazie jab\u0142ek\",\"description\":\"Jab\u0142ka piel\u0119gnuj\u0105, kwas poliglutaminowy ultra nawil\u017ca.\",\"publisher\":{\"@id\":\"https:\/\/yappco.bio\/#organization\"},\"potentialAction\":[{\"@type\":\"SearchAction\",\"target\":{\"@type\":\"EntryPoint\",\"urlTemplate\":\"https:\/\/yappco.bio\/?s={search_term_string}\"},\"query-input\":\"required name=search_term_string\"}],\"inLanguage\":\"en-GB\"},{\"@type\":\"Organization\",\"@id\":\"https:\/\/yappco.bio\/#organization\",\"name\":\"Naturalna piel\u0119gnacja sk\u00f3ry i w\u0142os\u00f3w na bazie jab\u0142ek\",\"url\":\"https:\/\/yappco.bio\/\",\"logo\":{\"@type\":\"ImageObject\",\"inLanguage\":\"en-GB\",\"@id\":\"https:\/\/yappco.bio\/#\/schema\/logo\/image\/\",\"url\":\"https:\/\/yappco.bio\/wp-content\/uploads\/2020\/07\/logo_yappco.png\",\"contentUrl\":\"https:\/\/yappco.bio\/wp-content\/uploads\/2020\/07\/logo_yappco.png\",\"width\":759,\"height\":351,\"caption\":\"Naturalna piel\u0119gnacja sk\u00f3ry i w\u0142os\u00f3w na bazie jab\u0142ek\"},\"image\":{\"@id\":\"https:\/\/yappco.bio\/#\/schema\/logo\/image\/\"},\"sameAs\":[\"https:\/\/www.facebook.com\/Yappcosmetics\",\"https:\/\/www.instagram.com\/yappco\"]}]}<\/script>\n<!-- \/ Yoast SEO plugin. -->","yoast_head_json":{"title":"Naturalna piel\u0119gnacja sk\u00f3ry i w\u0142os\u00f3w na bazie jab\u0142ek","robots":{"index":"index","follow":"follow","max-snippet":"max-snippet:-1","max-image-preview":"max-image-preview:large","max-video-preview":"max-video-preview:-1"},"canonical":"https:\/\/yappco.bio\/en\/polityka-prywatnosci\/","og_locale":"en_GB","og_type":"article","og_title":"Naturalna piel\u0119gnacja sk\u00f3ry i w\u0142os\u00f3w na bazie jab\u0142ek","og_description":"POLITYKA PRYWATNO\u015aCI Administratorem danych osobowych Klient\u00f3w i Konsument\u00f3w zbieranych za po\u015brednictwem Sklepu internetowego jest Sprzedawca. Dane osobowe Klient\u00f3w lub Konsument\u00f3w zbierane przez administratora za po\u015brednictwem Sklepu internetowego zbierane s\u0105 w celu realizacji Umowy Sprzeda\u017cy, a je\u017celi Klient lub Konsument wyrazi na to zgod\u0119 &#8211; tak\u017ce w celu marketingowym. Odbiorcami danych osobowych Klient\u00f3w i Konsument\u00f3w Sklepu [&hellip;]","og_url":"https:\/\/yappco.bio\/en\/polityka-prywatnosci\/","og_site_name":"Naturalna piel\u0119gnacja sk\u00f3ry i w\u0142os\u00f3w na bazie jab\u0142ek","article_publisher":"https:\/\/www.facebook.com\/Yappcosmetics","article_modified_time":"2020-10-14T08:02:50+00:00","twitter_card":"summary_large_image","twitter_misc":{"Estimated reading time":"1 minute"},"schema":{"@context":"https:\/\/schema.org","@graph":[{"@type":"WebPage","@id":"https:\/\/yappco.bio\/polityka-prywatnosci\/","url":"https:\/\/yappco.bio\/polityka-prywatnosci\/","name":"Naturalna piel\u0119gnacja sk\u00f3ry i w\u0142os\u00f3w na bazie jab\u0142ek","isPartOf":{"@id":"https:\/\/yappco.bio\/#website"},"datePublished":"2020-06-19T13:12:20+00:00","dateModified":"2020-10-14T08:02:50+00:00","breadcrumb":{"@id":"https:\/\/yappco.bio\/polityka-prywatnosci\/#breadcrumb"},"inLanguage":"en-GB","potentialAction":[{"@type":"ReadAction","target":["https:\/\/yappco.bio\/polityka-prywatnosci\/"]}]},{"@type":"BreadcrumbList","@id":"https:\/\/yappco.bio\/polityka-prywatnosci\/#breadcrumb","itemListElement":[{"@type":"ListItem","position":1,"name":"Strona g\u0142\u00f3wna","item":"https:\/\/yappco.bio\/"},{"@type":"ListItem","position":2,"name":"Polityka prywatno\u015bci"}]},{"@type":"WebSite","@id":"https:\/\/yappco.bio\/#website","url":"https:\/\/yappco.bio\/","name":"Naturalna piel\u0119gnacja sk\u00f3ry i w\u0142os\u00f3w na bazie jab\u0142ek","description":"Jab\u0142ka piel\u0119gnuj\u0105, kwas poliglutaminowy ultra nawil\u017ca.","publisher":{"@id":"https:\/\/yappco.bio\/#organization"},"potentialAction":[{"@type":"SearchAction","target":{"@type":"EntryPoint","urlTemplate":"https:\/\/yappco.bio\/?s={search_term_string}"},"query-input":"required name=search_term_string"}],"inLanguage":"en-GB"},{"@type":"Organization","@id":"https:\/\/yappco.bio\/#organization","name":"Naturalna piel\u0119gnacja sk\u00f3ry i w\u0142os\u00f3w na bazie jab\u0142ek","url":"https:\/\/yappco.bio\/","logo":{"@type":"ImageObject","inLanguage":"en-GB","@id":"https:\/\/yappco.bio\/#\/schema\/logo\/image\/","url":"https:\/\/yappco.bio\/wp-content\/uploads\/2020\/07\/logo_yappco.png","contentUrl":"https:\/\/yappco.bio\/wp-content\/uploads\/2020\/07\/logo_yappco.png","width":759,"height":351,"caption":"Naturalna piel\u0119gnacja sk\u00f3ry i w\u0142os\u00f3w na bazie jab\u0142ek"},"image":{"@id":"https:\/\/yappco.bio\/#\/schema\/logo\/image\/"},"sameAs":["https:\/\/www.facebook.com\/Yappcosmetics","https:\/\/www.instagram.com\/yappco"]}]}},"_links":{"self":[{"href":"https:\/\/yappco.bio\/en\/wp-json\/wp\/v2\/pages\/76"}],"collection":[{"href":"https:\/\/yappco.bio\/en\/wp-json\/wp\/v2\/pages"}],"about":[{"href":"https:\/\/yappco.bio\/en\/wp-json\/wp\/v2\/types\/page"}],"author":[{"embeddable":true,"href":"https:\/\/yappco.bio\/en\/wp-json\/wp\/v2\/users\/197"}],"replies":[{"embeddable":true,"href":"https:\/\/yappco.bio\/en\/wp-json\/wp\/v2\/comments?post=76"}],"version-history":[{"count":3,"href":"https:\/\/yappco.bio\/en\/wp-json\/wp\/v2\/pages\/76\/revisions"}],"predecessor-version":[{"id":4181,"href":"https:\/\/yappco.bio\/en\/wp-json\/wp\/v2\/pages\/76\/revisions\/4181"}],"wp:attachment":[{"href":"https:\/\/yappco.bio\/en\/wp-json\/wp\/v2\/media?parent=76"}],"curies":[{"name":"wp","href":"https:\/\/api.w.org\/{rel}","templated":true}]}}