{"id":74,"date":"2020-06-19T15:12:08","date_gmt":"2020-06-19T13:12:08","guid":{"rendered":"https:\/\/yappcov2.twojprogramista.pl\/?page_id=74"},"modified":"2020-10-14T10:02:41","modified_gmt":"2020-10-14T08:02:41","slug":"platnosc","status":"publish","type":"page","link":"https:\/\/yappco.bio\/en\/platnosc\/","title":{"rendered":"Payment"},"content":{"rendered":"<div data-elementor-type=\"wp-page\" data-elementor-id=\"74\" class=\"elementor elementor-74\">\n\t\t\t\t\t\t<div class=\"elementor-inner\">\n\t\t\t\t<div class=\"elementor-section-wrap\">\n\t\t\t\t\t\t\t\t\t<section class=\"elementor-section elementor-top-section elementor-element elementor-element-f4af8e5 elementor-section-boxed elementor-section-height-default elementor-section-height-default\" data-id=\"f4af8e5\" data-element_type=\"section\">\n\t\t\t\t\t\t<div class=\"elementor-container elementor-column-gap-default\">\n\t\t\t\t\t\t\t<div class=\"elementor-row\">\n\t\t\t\t\t<div class=\"elementor-column elementor-col-100 elementor-top-column elementor-element elementor-element-bb20491\" data-id=\"bb20491\" data-element_type=\"column\">\n\t\t\t<div class=\"elementor-column-wrap elementor-element-populated\">\n\t\t\t\t\t\t\t<div class=\"elementor-widget-wrap\">\n\t\t\t\t\t\t<div class=\"elementor-element elementor-element-19e5d6c elementor-widget elementor-widget-text-editor\" data-id=\"19e5d6c\" data-element_type=\"widget\" data-widget_type=\"text-editor.default\">\n\t\t\t\t<div class=\"elementor-widget-container\">\n\t\t\t\t\t\t\t\t<div class=\"elementor-text-editor elementor-clearfix\">\n\t\t\t\t<p><strong>PAYMENT<\/strong><\/p><p>Payment methods<\/p><p>While placing your Order you have two options of payment:<\/p><ul><li>Cash-on-delivery (cash only) \u2013 for Courier deliveries.<\/li><\/ul><p>If you select the payment method \u2018Cash-on-delivery\u2019, you make payment in cash to the courier at the time of delivery.  It is NOT possible to pay by card. You are required to have on you the exact amount of money you need to pay (the total cost of the Order i.e. the merchandise subtotal and the shipping cost). The courier may not be prepared to give your change.<\/p><ul><li>Payment in advance \u2013 for both Courier and InPost Parcel Locker deliveries. If you select Pick-up-in-store option, you may pay only online via \u2018przelewy24.pl\u2019 portal. This form of payment requires using the site of an external service provider. The service \u2018przelewy24\u2019 enables you to transfer money to our account within a few minutes.  When you select this payment method, you need to transfer the money within 1 hour from the moment you are redirected to \u2018przelewy24.pl\u2019. Please, remember that if there is no payment within this time , your Order will be cancelled automatically. The payment date is recorded as the date the Total amount of money for the Order is received by Yappco on its bank account.<\/li><\/ul><p>Payment methods<\/p><p>If you wish to receive VAT invoice\/receipt, please select this option while placing your Order. The invoice\/receipt will be attached to the parcel with your Order.<\/p><p>Refunds<\/p><p>In case of withdrawal from the contract, you will receive the refund in the same form of payment as your purchase was made. If you wish to receive it in a different form, please notify us.<\/p><p>\u00a0<\/p>\t\t\t\t\t<\/div>\n\t\t\t\t\t\t<\/div>\n\t\t\t\t<\/div>\n\t\t\t\t\t\t<\/div>\n\t\t\t\t\t<\/div>\n\t\t<\/div>\n\t\t\t\t\t\t\t\t<\/div>\n\t\t\t\t\t<\/div>\n\t\t<\/section>\n\t\t\t\t\t\t\t\t\t<\/div>\n\t\t\t<\/div>\n\t\t\t\t\t<\/div>","protected":false},"excerpt":{"rendered":"<p>P\u0141ATNO\u015a\u0106 Rodzaje i sposoby p\u0142atno\u015bci Przy sk\u0142adaniu Zam\u00f3wienia masz do wyboru dwie opcje dokonania p\u0142atno\u015bci: P\u0142atno\u015b\u0107 przy odbiorze (wy\u0142\u0105cznie got\u00f3wk\u0105) &#8211; mo\u017cliwa w przypadku dostarczenia przez Kuriera. Przy wysy\u0142ce za pobraniem koszty Zam\u00f3wienia wraz z kosztami dostawy przekazujesz Kurierowi przy odbiorze przesy\u0142ki. Jedyn\u0105 mo\u017cliw\u0105 form\u0105 p\u0142atno\u015bci jest w tym przypadku got\u00f3wka. Przy odbiorze Zam\u00f3wienia musisz [&hellip;]<\/p>","protected":false},"author":197,"featured_media":0,"parent":0,"menu_order":0,"comment_status":"closed","ping_status":"closed","template":"elementor_header_footer","meta":{"footnotes":""},"acf":[],"yoast_head":"<!-- This site is optimized with the Yoast SEO plugin v21.8.1 - https:\/\/yoast.com\/wordpress\/plugins\/seo\/ -->\n<title>Naturalna piel\u0119gnacja sk\u00f3ry i w\u0142os\u00f3w na bazie jab\u0142ek<\/title>\n<meta name=\"robots\" content=\"index, follow, max-snippet:-1, max-image-preview:large, max-video-preview:-1\" \/>\n<link rel=\"canonical\" href=\"https:\/\/yappco.bio\/en\/platnosc\/\" \/>\n<meta property=\"og:locale\" content=\"en_GB\" \/>\n<meta property=\"og:type\" content=\"article\" \/>\n<meta property=\"og:title\" content=\"Naturalna piel\u0119gnacja sk\u00f3ry i w\u0142os\u00f3w na bazie jab\u0142ek\" \/>\n<meta property=\"og:description\" content=\"P\u0141ATNO\u015a\u0106 Rodzaje i sposoby p\u0142atno\u015bci Przy sk\u0142adaniu Zam\u00f3wienia masz do wyboru dwie opcje dokonania p\u0142atno\u015bci: P\u0142atno\u015b\u0107 przy odbiorze (wy\u0142\u0105cznie got\u00f3wk\u0105) &#8211; mo\u017cliwa w przypadku dostarczenia przez Kuriera. Przy wysy\u0142ce za pobraniem koszty Zam\u00f3wienia wraz z kosztami dostawy przekazujesz Kurierowi przy odbiorze przesy\u0142ki. Jedyn\u0105 mo\u017cliw\u0105 form\u0105 p\u0142atno\u015bci jest w tym przypadku got\u00f3wka. Przy odbiorze Zam\u00f3wienia musisz [&hellip;]\" \/>\n<meta property=\"og:url\" content=\"https:\/\/yappco.bio\/en\/platnosc\/\" \/>\n<meta property=\"og:site_name\" content=\"Naturalna piel\u0119gnacja sk\u00f3ry i w\u0142os\u00f3w na bazie jab\u0142ek\" \/>\n<meta property=\"article:publisher\" content=\"https:\/\/www.facebook.com\/Yappcosmetics\" \/>\n<meta property=\"article:modified_time\" content=\"2020-10-14T08:02:41+00:00\" \/>\n<meta name=\"twitter:card\" content=\"summary_large_image\" \/>\n<meta name=\"twitter:label1\" content=\"Estimated reading time\" \/>\n\t<meta name=\"twitter:data1\" content=\"1 minute\" \/>\n<script type=\"application\/ld+json\" class=\"yoast-schema-graph\">{\"@context\":\"https:\/\/schema.org\",\"@graph\":[{\"@type\":\"WebPage\",\"@id\":\"https:\/\/yappco.bio\/platnosc\/\",\"url\":\"https:\/\/yappco.bio\/platnosc\/\",\"name\":\"Naturalna piel\u0119gnacja sk\u00f3ry i w\u0142os\u00f3w na bazie jab\u0142ek\",\"isPartOf\":{\"@id\":\"https:\/\/yappco.bio\/#website\"},\"datePublished\":\"2020-06-19T13:12:08+00:00\",\"dateModified\":\"2020-10-14T08:02:41+00:00\",\"breadcrumb\":{\"@id\":\"https:\/\/yappco.bio\/platnosc\/#breadcrumb\"},\"inLanguage\":\"en-GB\",\"potentialAction\":[{\"@type\":\"ReadAction\",\"target\":[\"https:\/\/yappco.bio\/platnosc\/\"]}]},{\"@type\":\"BreadcrumbList\",\"@id\":\"https:\/\/yappco.bio\/platnosc\/#breadcrumb\",\"itemListElement\":[{\"@type\":\"ListItem\",\"position\":1,\"name\":\"Strona g\u0142\u00f3wna\",\"item\":\"https:\/\/yappco.bio\/\"},{\"@type\":\"ListItem\",\"position\":2,\"name\":\"P\u0142atno\u015b\u0107\"}]},{\"@type\":\"WebSite\",\"@id\":\"https:\/\/yappco.bio\/#website\",\"url\":\"https:\/\/yappco.bio\/\",\"name\":\"Naturalna piel\u0119gnacja sk\u00f3ry i w\u0142os\u00f3w na bazie jab\u0142ek\",\"description\":\"Jab\u0142ka piel\u0119gnuj\u0105, kwas poliglutaminowy ultra nawil\u017ca.\",\"publisher\":{\"@id\":\"https:\/\/yappco.bio\/#organization\"},\"potentialAction\":[{\"@type\":\"SearchAction\",\"target\":{\"@type\":\"EntryPoint\",\"urlTemplate\":\"https:\/\/yappco.bio\/?s={search_term_string}\"},\"query-input\":\"required name=search_term_string\"}],\"inLanguage\":\"en-GB\"},{\"@type\":\"Organization\",\"@id\":\"https:\/\/yappco.bio\/#organization\",\"name\":\"Naturalna piel\u0119gnacja sk\u00f3ry i w\u0142os\u00f3w na bazie jab\u0142ek\",\"url\":\"https:\/\/yappco.bio\/\",\"logo\":{\"@type\":\"ImageObject\",\"inLanguage\":\"en-GB\",\"@id\":\"https:\/\/yappco.bio\/#\/schema\/logo\/image\/\",\"url\":\"https:\/\/yappco.bio\/wp-content\/uploads\/2020\/07\/logo_yappco.png\",\"contentUrl\":\"https:\/\/yappco.bio\/wp-content\/uploads\/2020\/07\/logo_yappco.png\",\"width\":759,\"height\":351,\"caption\":\"Naturalna piel\u0119gnacja sk\u00f3ry i w\u0142os\u00f3w na bazie jab\u0142ek\"},\"image\":{\"@id\":\"https:\/\/yappco.bio\/#\/schema\/logo\/image\/\"},\"sameAs\":[\"https:\/\/www.facebook.com\/Yappcosmetics\",\"https:\/\/www.instagram.com\/yappco\"]}]}<\/script>\n<!-- \/ Yoast SEO plugin. -->","yoast_head_json":{"title":"Naturalna piel\u0119gnacja sk\u00f3ry i w\u0142os\u00f3w na bazie jab\u0142ek","robots":{"index":"index","follow":"follow","max-snippet":"max-snippet:-1","max-image-preview":"max-image-preview:large","max-video-preview":"max-video-preview:-1"},"canonical":"https:\/\/yappco.bio\/en\/platnosc\/","og_locale":"en_GB","og_type":"article","og_title":"Naturalna piel\u0119gnacja sk\u00f3ry i w\u0142os\u00f3w na bazie jab\u0142ek","og_description":"P\u0141ATNO\u015a\u0106 Rodzaje i sposoby p\u0142atno\u015bci Przy sk\u0142adaniu Zam\u00f3wienia masz do wyboru dwie opcje dokonania p\u0142atno\u015bci: P\u0142atno\u015b\u0107 przy odbiorze (wy\u0142\u0105cznie got\u00f3wk\u0105) &#8211; mo\u017cliwa w przypadku dostarczenia przez Kuriera. Przy wysy\u0142ce za pobraniem koszty Zam\u00f3wienia wraz z kosztami dostawy przekazujesz Kurierowi przy odbiorze przesy\u0142ki. Jedyn\u0105 mo\u017cliw\u0105 form\u0105 p\u0142atno\u015bci jest w tym przypadku got\u00f3wka. Przy odbiorze Zam\u00f3wienia musisz [&hellip;]","og_url":"https:\/\/yappco.bio\/en\/platnosc\/","og_site_name":"Naturalna piel\u0119gnacja sk\u00f3ry i w\u0142os\u00f3w na bazie jab\u0142ek","article_publisher":"https:\/\/www.facebook.com\/Yappcosmetics","article_modified_time":"2020-10-14T08:02:41+00:00","twitter_card":"summary_large_image","twitter_misc":{"Estimated reading time":"1 minute"},"schema":{"@context":"https:\/\/schema.org","@graph":[{"@type":"WebPage","@id":"https:\/\/yappco.bio\/platnosc\/","url":"https:\/\/yappco.bio\/platnosc\/","name":"Naturalna piel\u0119gnacja sk\u00f3ry i w\u0142os\u00f3w na bazie jab\u0142ek","isPartOf":{"@id":"https:\/\/yappco.bio\/#website"},"datePublished":"2020-06-19T13:12:08+00:00","dateModified":"2020-10-14T08:02:41+00:00","breadcrumb":{"@id":"https:\/\/yappco.bio\/platnosc\/#breadcrumb"},"inLanguage":"en-GB","potentialAction":[{"@type":"ReadAction","target":["https:\/\/yappco.bio\/platnosc\/"]}]},{"@type":"BreadcrumbList","@id":"https:\/\/yappco.bio\/platnosc\/#breadcrumb","itemListElement":[{"@type":"ListItem","position":1,"name":"Strona g\u0142\u00f3wna","item":"https:\/\/yappco.bio\/"},{"@type":"ListItem","position":2,"name":"P\u0142atno\u015b\u0107"}]},{"@type":"WebSite","@id":"https:\/\/yappco.bio\/#website","url":"https:\/\/yappco.bio\/","name":"Naturalna piel\u0119gnacja sk\u00f3ry i w\u0142os\u00f3w na bazie jab\u0142ek","description":"Jab\u0142ka piel\u0119gnuj\u0105, kwas poliglutaminowy ultra nawil\u017ca.","publisher":{"@id":"https:\/\/yappco.bio\/#organization"},"potentialAction":[{"@type":"SearchAction","target":{"@type":"EntryPoint","urlTemplate":"https:\/\/yappco.bio\/?s={search_term_string}"},"query-input":"required name=search_term_string"}],"inLanguage":"en-GB"},{"@type":"Organization","@id":"https:\/\/yappco.bio\/#organization","name":"Naturalna piel\u0119gnacja sk\u00f3ry i w\u0142os\u00f3w na bazie jab\u0142ek","url":"https:\/\/yappco.bio\/","logo":{"@type":"ImageObject","inLanguage":"en-GB","@id":"https:\/\/yappco.bio\/#\/schema\/logo\/image\/","url":"https:\/\/yappco.bio\/wp-content\/uploads\/2020\/07\/logo_yappco.png","contentUrl":"https:\/\/yappco.bio\/wp-content\/uploads\/2020\/07\/logo_yappco.png","width":759,"height":351,"caption":"Naturalna piel\u0119gnacja sk\u00f3ry i w\u0142os\u00f3w na bazie jab\u0142ek"},"image":{"@id":"https:\/\/yappco.bio\/#\/schema\/logo\/image\/"},"sameAs":["https:\/\/www.facebook.com\/Yappcosmetics","https:\/\/www.instagram.com\/yappco"]}]}},"_links":{"self":[{"href":"https:\/\/yappco.bio\/en\/wp-json\/wp\/v2\/pages\/74"}],"collection":[{"href":"https:\/\/yappco.bio\/en\/wp-json\/wp\/v2\/pages"}],"about":[{"href":"https:\/\/yappco.bio\/en\/wp-json\/wp\/v2\/types\/page"}],"author":[{"embeddable":true,"href":"https:\/\/yappco.bio\/en\/wp-json\/wp\/v2\/users\/197"}],"replies":[{"embeddable":true,"href":"https:\/\/yappco.bio\/en\/wp-json\/wp\/v2\/comments?post=74"}],"version-history":[{"count":3,"href":"https:\/\/yappco.bio\/en\/wp-json\/wp\/v2\/pages\/74\/revisions"}],"predecessor-version":[{"id":4180,"href":"https:\/\/yappco.bio\/en\/wp-json\/wp\/v2\/pages\/74\/revisions\/4180"}],"wp:attachment":[{"href":"https:\/\/yappco.bio\/en\/wp-json\/wp\/v2\/media?parent=74"}],"curies":[{"name":"wp","href":"https:\/\/api.w.org\/{rel}","templated":true}]}}