{"id":72,"date":"2020-06-19T15:11:56","date_gmt":"2020-06-19T13:11:56","guid":{"rendered":"https:\/\/yappcov2.twojprogramista.pl\/?page_id=72"},"modified":"2021-05-13T09:27:45","modified_gmt":"2021-05-13T07:27:45","slug":"dostawa","status":"publish","type":"page","link":"https:\/\/yappco.bio\/en\/dostawa\/","title":{"rendered":"Shipping"},"content":{"rendered":"<div data-elementor-type=\"wp-page\" data-elementor-id=\"72\" class=\"elementor elementor-72\">\n\t\t\t\t\t\t<div class=\"elementor-inner\">\n\t\t\t\t<div class=\"elementor-section-wrap\">\n\t\t\t\t\t\t\t\t\t<section class=\"elementor-section elementor-top-section elementor-element elementor-element-b529b6e elementor-section-boxed elementor-section-height-default elementor-section-height-default\" data-id=\"b529b6e\" data-element_type=\"section\">\n\t\t\t\t\t\t<div class=\"elementor-container elementor-column-gap-default\">\n\t\t\t\t\t\t\t<div class=\"elementor-row\">\n\t\t\t\t\t<div class=\"elementor-column elementor-col-100 elementor-top-column elementor-element elementor-element-49dbe8e\" data-id=\"49dbe8e\" data-element_type=\"column\">\n\t\t\t<div class=\"elementor-column-wrap elementor-element-populated\">\n\t\t\t\t\t\t\t<div class=\"elementor-widget-wrap\">\n\t\t\t\t\t\t<div class=\"elementor-element elementor-element-0df79b6 elementor-widget elementor-widget-text-editor\" data-id=\"0df79b6\" data-element_type=\"widget\" data-widget_type=\"text-editor.default\">\n\t\t\t\t<div class=\"elementor-widget-container\">\n\t\t\t\t\t\t\t\t<div class=\"elementor-text-editor elementor-clearfix\">\n\t\t\t\t<p>SHIPPING AND DELIVERY<\/p><p>Options for shipping and delivery:<\/p><ul><li>DHL Courier Service ( within Poland also with the option Cash-on-Delivery, and abroad)<\/li><li>InPost Courier Service (within Poland also with the option Cash-on-Delivery)<\/li><li>InPost Parcel Lockers (within Poland,  Cash-on-Delivery impossible)<\/li><\/ul><p>Options for shipping and delivery:<\/p><p>Within Poland the standard shipping time is 2 business days. Within European Union it is usually 3-4 business days. Shipping to other destinations is preceded by email contact at <a href=\"mailto:contact@yappco.bio\">contact@yappco.bio<\/a> determine the conditions. The time couriers deliver parcels is normally 8.00 -17.00 on business days exclusively - Saturdays, Sundays, and Bank Holidays are excluded.<\/p><p>Shipping time<\/p><p>The Republic of Poland<\/p><p>Delivery costs are:<\/p><ul><li>Courier, prepaid \u2013 20z\u0142 (20 PLN)<\/li><li>Courier, cash-on-delivery  \u2013 25z\u0142 (25 PLN)<\/li><li>InPost parcel lockers \u2013 15z\u0142 (15 PLN)<\/li><\/ul><p>The above shipping costs refer to Orders which can be packed in 1 cardboard box and weigh up to 10 kg. If an order does not meet these requirements, you will be notified about it via email at the stage of placing the Order.<\/p><p>European Union (EUR)<\/p><table width=\"160\"><tbody><tr><td width=\"96\"><p>Austria<\/p><\/td><td width=\"64\"><p>56,1<\/p><\/td><\/tr><tr><td width=\"96\"><p>Belgium<\/p><\/td><td width=\"64\"><p>56,1<\/p><\/td><\/tr><tr><td width=\"96\"><p>Belgium<\/p><\/td><td width=\"64\"><p>77<\/p><\/td><\/tr><tr><td width=\"96\"><p>Croatia<\/p><\/td><td width=\"64\"><p>66,4<\/p><\/td><\/tr><tr><td width=\"96\"><p>Czechia<\/p><\/td><td width=\"64\"><p>50,1<\/p><\/td><\/tr><tr><td width=\"96\"><p>Denmark<\/p><\/td><td width=\"64\"><p>66,4<\/p><\/td><\/tr><tr><td width=\"96\"><p>Estonia<\/p><\/td><td width=\"64\"><p>66,4<\/p><\/td><\/tr><tr><td width=\"96\"><p>Finland<\/p><\/td><td width=\"64\"><p>66,4<\/p><\/td><\/tr><tr><td width=\"96\"><p>France<\/p><\/td><td width=\"64\"><p>90<\/p><\/td><\/tr><tr><td width=\"96\"><p>Greece<\/p><\/td><td width=\"64\"><p>76,7<\/p><\/td><\/tr><tr><td width=\"96\"><p>Spain<\/p><\/td><td width=\"64\"><p>76,7<\/p><\/td><\/tr><tr><td width=\"96\"><p>The Netherlands<\/p><\/td><td width=\"64\"><p>56,1<\/p><\/td><\/tr><tr><td width=\"96\"><p>Ireland<\/p><\/td><td width=\"64\"><p>76,7<\/p><\/td><\/tr><tr><td width=\"96\"><p>Latvia<\/p><\/td><td width=\"64\"><p>56,1<\/p><\/td><\/tr><tr><td width=\"96\"><p>Luxemburg<\/p><\/td><td width=\"64\"><p>56,1<\/p><\/td><\/tr><tr><td width=\"96\"><p>Latvia<\/p><\/td><td width=\"64\"><p>66,4<\/p><\/td><\/tr><tr><td width=\"96\"><p>Monaco<\/p><\/td><td width=\"64\"><p>90<\/p><\/td><\/tr><tr><td width=\"96\"><p>Germany<\/p><\/td><td width=\"64\"><p>50,1<\/p><\/td><\/tr><tr><td width=\"96\"><p>Portugal<\/p><\/td><td width=\"64\"><p>76,7<\/p><\/td><\/tr><tr><td width=\"96\"><p>Romania<\/p><\/td><td width=\"64\"><p>76,7<\/p><\/td><\/tr><tr><td width=\"96\"><p>Slovakia<\/p><\/td><td width=\"64\"><p>50,1<\/p><\/td><\/tr><tr><td width=\"96\"><p>Slovenia<\/p><\/td><td width=\"64\"><p>56,1<\/p><\/td><\/tr><tr><td width=\"96\"><p>Sweden<\/p><\/td><td width=\"64\"><p>66,4<\/p><\/td><\/tr><tr><td width=\"96\"><p>Hungary<\/p><\/td><td width=\"64\"><p>56,1<\/p><\/td><\/tr><tr><td width=\"96\"><p>The Great Britain<\/p><\/td><td width=\"64\"><p>66,4<\/p><\/td><\/tr><tr><td width=\"96\"><p>Italy<\/p><\/td><td width=\"64\"><p>90<\/p><\/td><\/tr><tr><td width=\"96\"><p>Cyprus<\/p><\/td><td width=\"64\"><p>437<\/p><\/td><\/tr><tr><td width=\"96\"><p>Malta<\/p><\/td><td width=\"64\"><p>437<\/p><\/td><\/tr><\/tbody><\/table><p>The above shipping costs refer to Orders which can be packed in 1 cardboard box and weigh up to 10 kg. If an order does not meet these requirements, you will be notified about it via email at the stage of placing the Order.<\/p><p>Other countries<\/p><p>Shipping to destinations outside European Union requires email contact at contact@yappco.bio <a href=\"mailto:contact@yappco.bio\">contact@yappco.bio<\/a> to determine the conditions.<\/p><p>3.4. Delivery<\/p><p>A courier is not obliged to contact you before delivering the parcel.  The time of your order delivery depends on the courier\u2019s route. Once your order has been placed, it is impossible to modify the shipping address and\/or method.<\/p><p>If you select the payment method \u2018Cash-on-delivery\u2019, you make payment in cash to the courier at the time of delivery. You are required to have on you the exact amount of money you need to pay (the total cost of the Order i.e. the merchandise subtotal and the shipping cost) \u2013 the courier may not be prepared to give your change. Currently, it is not possible to pay-on-delivery by (credit\/debit) card.<\/p><p>We recommend you inspecting the package thoroughly on delivery. In case the outer packaging shows signs of damage, please report it immediately to the Courier and in their presence fill in a damage complaint form, and next report it to Yappco shop.<\/p><p>If you ticked the option \u2018Invoice\u2019 while placing the Order, it will be attached to the parcel with your Order.<\/p>\t\t\t\t\t<\/div>\n\t\t\t\t\t\t<\/div>\n\t\t\t\t<\/div>\n\t\t\t\t\t\t<\/div>\n\t\t\t\t\t<\/div>\n\t\t<\/div>\n\t\t\t\t\t\t\t\t<\/div>\n\t\t\t\t\t<\/div>\n\t\t<\/section>\n\t\t\t\t\t\t\t\t\t<\/div>\n\t\t\t<\/div>\n\t\t\t\t\t<\/div>","protected":false},"excerpt":{"rendered":"<p>DOSTAWA Dostawa mo\u017ce by\u0107 realizowana w r\u00f3\u017cnych formach: kurierem DHL (dostawy do Polski r\u00f3wnie\u017c przy p\u0142atno\u015bciach got\u00f3wkowych oraz za granic\u0119) kurierem InPost (dostawy do Polski r\u00f3wnie\u017c przy p\u0142atno\u015bciach got\u00f3wkowych) odbi\u00f3r w paczkomacie In Post (dostawy do Polski bez p\u0142atno\u015bci got\u00f3wkowych) Czas dostawy W Polsce czas dostawy to zazwyczaj 2 dni robocze. W Unii Europejskiej to [&hellip;]<\/p>","protected":false},"author":197,"featured_media":0,"parent":0,"menu_order":0,"comment_status":"closed","ping_status":"closed","template":"elementor_header_footer","meta":{"footnotes":""},"acf":[],"yoast_head":"<!-- This site is optimized with the Yoast SEO plugin v21.8.1 - https:\/\/yoast.com\/wordpress\/plugins\/seo\/ -->\n<title>Naturalna piel\u0119gnacja sk\u00f3ry i w\u0142os\u00f3w na bazie jab\u0142ek<\/title>\n<meta name=\"robots\" content=\"index, follow, max-snippet:-1, max-image-preview:large, max-video-preview:-1\" \/>\n<link rel=\"canonical\" href=\"https:\/\/yappco.bio\/en\/dostawa\/\" \/>\n<meta property=\"og:locale\" content=\"en_GB\" \/>\n<meta property=\"og:type\" content=\"article\" \/>\n<meta property=\"og:title\" content=\"Naturalna piel\u0119gnacja sk\u00f3ry i w\u0142os\u00f3w na bazie jab\u0142ek\" \/>\n<meta property=\"og:description\" content=\"DOSTAWA Dostawa mo\u017ce by\u0107 realizowana w r\u00f3\u017cnych formach: kurierem DHL (dostawy do Polski r\u00f3wnie\u017c przy p\u0142atno\u015bciach got\u00f3wkowych oraz za granic\u0119) kurierem InPost (dostawy do Polski r\u00f3wnie\u017c przy p\u0142atno\u015bciach got\u00f3wkowych) odbi\u00f3r w paczkomacie In Post (dostawy do Polski bez p\u0142atno\u015bci got\u00f3wkowych) Czas dostawy W Polsce czas dostawy to zazwyczaj 2 dni robocze. W Unii Europejskiej to [&hellip;]\" \/>\n<meta property=\"og:url\" content=\"https:\/\/yappco.bio\/en\/dostawa\/\" \/>\n<meta property=\"og:site_name\" content=\"Naturalna piel\u0119gnacja sk\u00f3ry i w\u0142os\u00f3w na bazie jab\u0142ek\" \/>\n<meta property=\"article:publisher\" content=\"https:\/\/www.facebook.com\/Yappcosmetics\" \/>\n<meta property=\"article:modified_time\" content=\"2021-05-13T07:27:45+00:00\" \/>\n<meta name=\"twitter:card\" content=\"summary_large_image\" \/>\n<meta name=\"twitter:label1\" content=\"Estimated reading time\" \/>\n\t<meta name=\"twitter:data1\" content=\"2 minutes\" \/>\n<script type=\"application\/ld+json\" class=\"yoast-schema-graph\">{\"@context\":\"https:\/\/schema.org\",\"@graph\":[{\"@type\":\"WebPage\",\"@id\":\"https:\/\/yappco.bio\/dostawa\/\",\"url\":\"https:\/\/yappco.bio\/dostawa\/\",\"name\":\"Naturalna piel\u0119gnacja sk\u00f3ry i w\u0142os\u00f3w na bazie jab\u0142ek\",\"isPartOf\":{\"@id\":\"https:\/\/yappco.bio\/#website\"},\"datePublished\":\"2020-06-19T13:11:56+00:00\",\"dateModified\":\"2021-05-13T07:27:45+00:00\",\"breadcrumb\":{\"@id\":\"https:\/\/yappco.bio\/dostawa\/#breadcrumb\"},\"inLanguage\":\"en-GB\",\"potentialAction\":[{\"@type\":\"ReadAction\",\"target\":[\"https:\/\/yappco.bio\/dostawa\/\"]}]},{\"@type\":\"BreadcrumbList\",\"@id\":\"https:\/\/yappco.bio\/dostawa\/#breadcrumb\",\"itemListElement\":[{\"@type\":\"ListItem\",\"position\":1,\"name\":\"Strona g\u0142\u00f3wna\",\"item\":\"https:\/\/yappco.bio\/\"},{\"@type\":\"ListItem\",\"position\":2,\"name\":\"Dostawa\"}]},{\"@type\":\"WebSite\",\"@id\":\"https:\/\/yappco.bio\/#website\",\"url\":\"https:\/\/yappco.bio\/\",\"name\":\"Naturalna piel\u0119gnacja sk\u00f3ry i w\u0142os\u00f3w na bazie jab\u0142ek\",\"description\":\"Jab\u0142ka piel\u0119gnuj\u0105, kwas poliglutaminowy ultra nawil\u017ca.\",\"publisher\":{\"@id\":\"https:\/\/yappco.bio\/#organization\"},\"potentialAction\":[{\"@type\":\"SearchAction\",\"target\":{\"@type\":\"EntryPoint\",\"urlTemplate\":\"https:\/\/yappco.bio\/?s={search_term_string}\"},\"query-input\":\"required name=search_term_string\"}],\"inLanguage\":\"en-GB\"},{\"@type\":\"Organization\",\"@id\":\"https:\/\/yappco.bio\/#organization\",\"name\":\"Naturalna piel\u0119gnacja sk\u00f3ry i w\u0142os\u00f3w na bazie jab\u0142ek\",\"url\":\"https:\/\/yappco.bio\/\",\"logo\":{\"@type\":\"ImageObject\",\"inLanguage\":\"en-GB\",\"@id\":\"https:\/\/yappco.bio\/#\/schema\/logo\/image\/\",\"url\":\"https:\/\/yappco.bio\/wp-content\/uploads\/2020\/07\/logo_yappco.png\",\"contentUrl\":\"https:\/\/yappco.bio\/wp-content\/uploads\/2020\/07\/logo_yappco.png\",\"width\":759,\"height\":351,\"caption\":\"Naturalna piel\u0119gnacja sk\u00f3ry i w\u0142os\u00f3w na bazie jab\u0142ek\"},\"image\":{\"@id\":\"https:\/\/yappco.bio\/#\/schema\/logo\/image\/\"},\"sameAs\":[\"https:\/\/www.facebook.com\/Yappcosmetics\",\"https:\/\/www.instagram.com\/yappco\"]}]}<\/script>\n<!-- \/ Yoast SEO plugin. -->","yoast_head_json":{"title":"Naturalna piel\u0119gnacja sk\u00f3ry i w\u0142os\u00f3w na bazie jab\u0142ek","robots":{"index":"index","follow":"follow","max-snippet":"max-snippet:-1","max-image-preview":"max-image-preview:large","max-video-preview":"max-video-preview:-1"},"canonical":"https:\/\/yappco.bio\/en\/dostawa\/","og_locale":"en_GB","og_type":"article","og_title":"Naturalna piel\u0119gnacja sk\u00f3ry i w\u0142os\u00f3w na bazie jab\u0142ek","og_description":"DOSTAWA Dostawa mo\u017ce by\u0107 realizowana w r\u00f3\u017cnych formach: kurierem DHL (dostawy do Polski r\u00f3wnie\u017c przy p\u0142atno\u015bciach got\u00f3wkowych oraz za granic\u0119) kurierem InPost (dostawy do Polski r\u00f3wnie\u017c przy p\u0142atno\u015bciach got\u00f3wkowych) odbi\u00f3r w paczkomacie In Post (dostawy do Polski bez p\u0142atno\u015bci got\u00f3wkowych) Czas dostawy W Polsce czas dostawy to zazwyczaj 2 dni robocze. W Unii Europejskiej to [&hellip;]","og_url":"https:\/\/yappco.bio\/en\/dostawa\/","og_site_name":"Naturalna piel\u0119gnacja sk\u00f3ry i w\u0142os\u00f3w na bazie jab\u0142ek","article_publisher":"https:\/\/www.facebook.com\/Yappcosmetics","article_modified_time":"2021-05-13T07:27:45+00:00","twitter_card":"summary_large_image","twitter_misc":{"Estimated reading time":"2 minutes"},"schema":{"@context":"https:\/\/schema.org","@graph":[{"@type":"WebPage","@id":"https:\/\/yappco.bio\/dostawa\/","url":"https:\/\/yappco.bio\/dostawa\/","name":"Naturalna piel\u0119gnacja sk\u00f3ry i w\u0142os\u00f3w na bazie jab\u0142ek","isPartOf":{"@id":"https:\/\/yappco.bio\/#website"},"datePublished":"2020-06-19T13:11:56+00:00","dateModified":"2021-05-13T07:27:45+00:00","breadcrumb":{"@id":"https:\/\/yappco.bio\/dostawa\/#breadcrumb"},"inLanguage":"en-GB","potentialAction":[{"@type":"ReadAction","target":["https:\/\/yappco.bio\/dostawa\/"]}]},{"@type":"BreadcrumbList","@id":"https:\/\/yappco.bio\/dostawa\/#breadcrumb","itemListElement":[{"@type":"ListItem","position":1,"name":"Strona g\u0142\u00f3wna","item":"https:\/\/yappco.bio\/"},{"@type":"ListItem","position":2,"name":"Dostawa"}]},{"@type":"WebSite","@id":"https:\/\/yappco.bio\/#website","url":"https:\/\/yappco.bio\/","name":"Naturalna piel\u0119gnacja sk\u00f3ry i w\u0142os\u00f3w na bazie jab\u0142ek","description":"Jab\u0142ka piel\u0119gnuj\u0105, kwas poliglutaminowy ultra nawil\u017ca.","publisher":{"@id":"https:\/\/yappco.bio\/#organization"},"potentialAction":[{"@type":"SearchAction","target":{"@type":"EntryPoint","urlTemplate":"https:\/\/yappco.bio\/?s={search_term_string}"},"query-input":"required name=search_term_string"}],"inLanguage":"en-GB"},{"@type":"Organization","@id":"https:\/\/yappco.bio\/#organization","name":"Naturalna piel\u0119gnacja sk\u00f3ry i w\u0142os\u00f3w na bazie jab\u0142ek","url":"https:\/\/yappco.bio\/","logo":{"@type":"ImageObject","inLanguage":"en-GB","@id":"https:\/\/yappco.bio\/#\/schema\/logo\/image\/","url":"https:\/\/yappco.bio\/wp-content\/uploads\/2020\/07\/logo_yappco.png","contentUrl":"https:\/\/yappco.bio\/wp-content\/uploads\/2020\/07\/logo_yappco.png","width":759,"height":351,"caption":"Naturalna piel\u0119gnacja sk\u00f3ry i w\u0142os\u00f3w na bazie jab\u0142ek"},"image":{"@id":"https:\/\/yappco.bio\/#\/schema\/logo\/image\/"},"sameAs":["https:\/\/www.facebook.com\/Yappcosmetics","https:\/\/www.instagram.com\/yappco"]}]}},"_links":{"self":[{"href":"https:\/\/yappco.bio\/en\/wp-json\/wp\/v2\/pages\/72"}],"collection":[{"href":"https:\/\/yappco.bio\/en\/wp-json\/wp\/v2\/pages"}],"about":[{"href":"https:\/\/yappco.bio\/en\/wp-json\/wp\/v2\/types\/page"}],"author":[{"embeddable":true,"href":"https:\/\/yappco.bio\/en\/wp-json\/wp\/v2\/users\/197"}],"replies":[{"embeddable":true,"href":"https:\/\/yappco.bio\/en\/wp-json\/wp\/v2\/comments?post=72"}],"version-history":[{"count":5,"href":"https:\/\/yappco.bio\/en\/wp-json\/wp\/v2\/pages\/72\/revisions"}],"predecessor-version":[{"id":5012,"href":"https:\/\/yappco.bio\/en\/wp-json\/wp\/v2\/pages\/72\/revisions\/5012"}],"wp:attachment":[{"href":"https:\/\/yappco.bio\/en\/wp-json\/wp\/v2\/media?parent=72"}],"curies":[{"name":"wp","href":"https:\/\/api.w.org\/{rel}","templated":true}]}}