{"id":6053,"date":"2022-03-24T11:06:01","date_gmt":"2022-03-24T10:06:01","guid":{"rendered":"https:\/\/yappco.bio\/?post_type=product&#038;p=6053"},"modified":"2024-12-23T12:46:16","modified_gmt":"2024-12-23T11:46:16","slug":"maska-liftingujaca","status":"publish","type":"product","link":"https:\/\/yappco.bio\/ar\/product\/maska-liftingujaca\/","title":{"rendered":"\u0642\u0646\u0627\u0639 \u0627\u0644\u0631\u0641\u0639"},"content":{"rendered":"<p>Liftinguj\u0105ca maska d\u0142ugotrwale poprawiaj\u0105ca spr\u0119\u017cysto\u015b\u0107 sk\u00f3ry twarzy i szyi. Zastosowanie w kosmetyku <strong>ekstraktu arganowego <\/strong>wyg\u0142adza sk\u00f3r\u0119 oraz stymuluje syntez\u0119 kolagenu odpowiedzialnego za napr\u0119\u017cenie sk\u00f3ry. Dzi\u0119ki u\u017cyciu <strong>oleju z nasion smoczego owocu<\/strong> o silnym dzia\u0142aniu antyoksydacyjnym maska zapobiega starzeniu sk\u00f3ry i utracie przez ni\u0105 elastyczno\u015bci. Tak jak ca\u0142a seria Yappco, kosmetyk oparty jest na unikalnej nawil\u017caj\u0105cej i przeciwstarzeniowej kompozycji <strong>olejku z pestek z jab\u0142ek, ekstraktu z jab\u0142ek i kwasu gamma PGA<\/strong>. Maska nadaje twarzy i szyi alabastrowy wygl\u0105d, a cera staje si\u0119 g\u0142adka i b\u0142yszcz\u0105ca.<\/p>","protected":false},"excerpt":{"rendered":"<p>\u0644\u0644\u0648\u062c\u0647 \u0648\u0627\u0644\u0631\u0642\u0628\u0629<\/p>","protected":false},"featured_media":7348,"template":"","meta":[],"product_cat":[88,20],"product_tag":[89],"acf":[],"yoast_head":"<!-- This site is optimized with the Yoast SEO plugin v21.8.1 - https:\/\/yoast.com\/wordpress\/plugins\/seo\/ -->\n<title>Naturalna piel\u0119gnacja sk\u00f3ry i w\u0142os\u00f3w na bazie jab\u0142ek<\/title>\n<meta name=\"robots\" content=\"index, follow, max-snippet:-1, max-image-preview:large, max-video-preview:-1\" \/>\n<link rel=\"canonical\" href=\"https:\/\/yappco.bio\/ar\/product\/maska-liftingujaca\/\" \/>\n<meta property=\"og:locale\" content=\"ar_AR\" \/>\n<meta property=\"og:type\" content=\"article\" \/>\n<meta property=\"og:title\" content=\"Naturalna piel\u0119gnacja sk\u00f3ry i w\u0142os\u00f3w na bazie jab\u0142ek\" \/>\n<meta property=\"og:description\" content=\"NA TWARZ I SZYJ\u0118\" \/>\n<meta property=\"og:url\" content=\"https:\/\/yappco.bio\/ar\/product\/maska-liftingujaca\/\" \/>\n<meta property=\"og:site_name\" content=\"Naturalna piel\u0119gnacja sk\u00f3ry i w\u0142os\u00f3w na bazie jab\u0142ek\" \/>\n<meta property=\"article:publisher\" content=\"https:\/\/www.facebook.com\/Yappcosmetics\" \/>\n<meta property=\"article:modified_time\" content=\"2024-12-23T11:46:16+00:00\" \/>\n<meta property=\"og:image\" content=\"https:\/\/yappco.bio\/wp-content\/uploads\/2022\/03\/Intensive_Face_Neck_Mask-1.png\" \/>\n\t<meta property=\"og:image:width\" content=\"800\" \/>\n\t<meta property=\"og:image:height\" content=\"1600\" \/>\n\t<meta property=\"og:image:type\" content=\"image\/png\" \/>\n<meta name=\"twitter:card\" content=\"summary_large_image\" \/>\n<meta name=\"twitter:label1\" content=\"\u0648\u0642\u062a \u0627\u0644\u0642\u0631\u0627\u0621\u0629 \u0627\u0644\u0645\u064f\u0642\u062f\u0651\u0631\" \/>\n\t<meta name=\"twitter:data1\" content=\"\u062f\u0642\u064a\u0642\u0629 \u0648\u0627\u062d\u062f\u0629\" \/>\n<script type=\"application\/ld+json\" class=\"yoast-schema-graph\">{\"@context\":\"https:\/\/schema.org\",\"@graph\":[{\"@type\":\"WebPage\",\"@id\":\"https:\/\/yappco.bio\/produkt\/maska-liftingujaca\/\",\"url\":\"https:\/\/yappco.bio\/produkt\/maska-liftingujaca\/\",\"name\":\"Naturalna piel\u0119gnacja sk\u00f3ry i w\u0142os\u00f3w na bazie jab\u0142ek\",\"isPartOf\":{\"@id\":\"https:\/\/yappco.bio\/#website\"},\"datePublished\":\"2022-03-24T10:06:01+00:00\",\"dateModified\":\"2024-12-23T11:46:16+00:00\",\"breadcrumb\":{\"@id\":\"https:\/\/yappco.bio\/produkt\/maska-liftingujaca\/#breadcrumb\"},\"inLanguage\":\"ar\",\"potentialAction\":[{\"@type\":\"ReadAction\",\"target\":[\"https:\/\/yappco.bio\/produkt\/maska-liftingujaca\/\"]}]},{\"@type\":\"BreadcrumbList\",\"@id\":\"https:\/\/yappco.bio\/produkt\/maska-liftingujaca\/#breadcrumb\",\"itemListElement\":[{\"@type\":\"ListItem\",\"position\":1,\"name\":\"Strona g\u0142\u00f3wna\",\"item\":\"https:\/\/yappco.bio\/\"},{\"@type\":\"ListItem\",\"position\":2,\"name\":\"Sklep\",\"item\":\"https:\/\/yappco.bio\/sklep\/\"},{\"@type\":\"ListItem\",\"position\":3,\"name\":\"Maska liftinguj\u0105ca\"}]},{\"@type\":\"WebSite\",\"@id\":\"https:\/\/yappco.bio\/#website\",\"url\":\"https:\/\/yappco.bio\/\",\"name\":\"Naturalna piel\u0119gnacja sk\u00f3ry i w\u0142os\u00f3w na bazie jab\u0142ek\",\"description\":\"Jab\u0142ka piel\u0119gnuj\u0105, kwas poliglutaminowy ultra nawil\u017ca.\",\"publisher\":{\"@id\":\"https:\/\/yappco.bio\/#organization\"},\"potentialAction\":[{\"@type\":\"SearchAction\",\"target\":{\"@type\":\"EntryPoint\",\"urlTemplate\":\"https:\/\/yappco.bio\/?s={search_term_string}\"},\"query-input\":\"required name=search_term_string\"}],\"inLanguage\":\"ar\"},{\"@type\":\"Organization\",\"@id\":\"https:\/\/yappco.bio\/#organization\",\"name\":\"Naturalna piel\u0119gnacja sk\u00f3ry i w\u0142os\u00f3w na bazie jab\u0142ek\",\"url\":\"https:\/\/yappco.bio\/\",\"logo\":{\"@type\":\"ImageObject\",\"inLanguage\":\"ar\",\"@id\":\"https:\/\/yappco.bio\/#\/schema\/logo\/image\/\",\"url\":\"https:\/\/yappco.bio\/wp-content\/uploads\/2020\/07\/logo_yappco.png\",\"contentUrl\":\"https:\/\/yappco.bio\/wp-content\/uploads\/2020\/07\/logo_yappco.png\",\"width\":759,\"height\":351,\"caption\":\"Naturalna piel\u0119gnacja sk\u00f3ry i w\u0142os\u00f3w na bazie jab\u0142ek\"},\"image\":{\"@id\":\"https:\/\/yappco.bio\/#\/schema\/logo\/image\/\"},\"sameAs\":[\"https:\/\/www.facebook.com\/Yappcosmetics\",\"https:\/\/www.instagram.com\/yappco\"]}]}<\/script>\n<!-- \/ Yoast SEO plugin. -->","yoast_head_json":{"title":"Naturalna piel\u0119gnacja sk\u00f3ry i w\u0142os\u00f3w na bazie jab\u0142ek","robots":{"index":"index","follow":"follow","max-snippet":"max-snippet:-1","max-image-preview":"max-image-preview:large","max-video-preview":"max-video-preview:-1"},"canonical":"https:\/\/yappco.bio\/ar\/product\/maska-liftingujaca\/","og_locale":"ar_AR","og_type":"article","og_title":"Naturalna piel\u0119gnacja sk\u00f3ry i w\u0142os\u00f3w na bazie jab\u0142ek","og_description":"NA TWARZ I SZYJ\u0118","og_url":"https:\/\/yappco.bio\/ar\/product\/maska-liftingujaca\/","og_site_name":"Naturalna piel\u0119gnacja sk\u00f3ry i w\u0142os\u00f3w na bazie jab\u0142ek","article_publisher":"https:\/\/www.facebook.com\/Yappcosmetics","article_modified_time":"2024-12-23T11:46:16+00:00","og_image":[{"width":800,"height":1600,"url":"https:\/\/yappco.bio\/wp-content\/uploads\/2022\/03\/Intensive_Face_Neck_Mask-1.png","type":"image\/png"}],"twitter_card":"summary_large_image","twitter_misc":{"\u0648\u0642\u062a \u0627\u0644\u0642\u0631\u0627\u0621\u0629 \u0627\u0644\u0645\u064f\u0642\u062f\u0651\u0631":"\u062f\u0642\u064a\u0642\u0629 \u0648\u0627\u062d\u062f\u0629"},"schema":{"@context":"https:\/\/schema.org","@graph":[{"@type":"WebPage","@id":"https:\/\/yappco.bio\/produkt\/maska-liftingujaca\/","url":"https:\/\/yappco.bio\/produkt\/maska-liftingujaca\/","name":"Naturalna piel\u0119gnacja sk\u00f3ry i w\u0142os\u00f3w na bazie jab\u0142ek","isPartOf":{"@id":"https:\/\/yappco.bio\/#website"},"datePublished":"2022-03-24T10:06:01+00:00","dateModified":"2024-12-23T11:46:16+00:00","breadcrumb":{"@id":"https:\/\/yappco.bio\/produkt\/maska-liftingujaca\/#breadcrumb"},"inLanguage":"ar","potentialAction":[{"@type":"ReadAction","target":["https:\/\/yappco.bio\/produkt\/maska-liftingujaca\/"]}]},{"@type":"BreadcrumbList","@id":"https:\/\/yappco.bio\/produkt\/maska-liftingujaca\/#breadcrumb","itemListElement":[{"@type":"ListItem","position":1,"name":"Strona g\u0142\u00f3wna","item":"https:\/\/yappco.bio\/"},{"@type":"ListItem","position":2,"name":"Sklep","item":"https:\/\/yappco.bio\/sklep\/"},{"@type":"ListItem","position":3,"name":"Maska liftinguj\u0105ca"}]},{"@type":"WebSite","@id":"https:\/\/yappco.bio\/#website","url":"https:\/\/yappco.bio\/","name":"Naturalna piel\u0119gnacja sk\u00f3ry i w\u0142os\u00f3w na bazie jab\u0142ek","description":"Jab\u0142ka piel\u0119gnuj\u0105, kwas poliglutaminowy ultra nawil\u017ca.","publisher":{"@id":"https:\/\/yappco.bio\/#organization"},"potentialAction":[{"@type":"SearchAction","target":{"@type":"EntryPoint","urlTemplate":"https:\/\/yappco.bio\/?s={search_term_string}"},"query-input":"required name=search_term_string"}],"inLanguage":"ar"},{"@type":"Organization","@id":"https:\/\/yappco.bio\/#organization","name":"Naturalna piel\u0119gnacja sk\u00f3ry i w\u0142os\u00f3w na bazie jab\u0142ek","url":"https:\/\/yappco.bio\/","logo":{"@type":"ImageObject","inLanguage":"ar","@id":"https:\/\/yappco.bio\/#\/schema\/logo\/image\/","url":"https:\/\/yappco.bio\/wp-content\/uploads\/2020\/07\/logo_yappco.png","contentUrl":"https:\/\/yappco.bio\/wp-content\/uploads\/2020\/07\/logo_yappco.png","width":759,"height":351,"caption":"Naturalna piel\u0119gnacja sk\u00f3ry i w\u0142os\u00f3w na bazie jab\u0142ek"},"image":{"@id":"https:\/\/yappco.bio\/#\/schema\/logo\/image\/"},"sameAs":["https:\/\/www.facebook.com\/Yappcosmetics","https:\/\/www.instagram.com\/yappco"]}]}},"_links":{"self":[{"href":"https:\/\/yappco.bio\/ar\/wp-json\/wp\/v2\/product\/6053"}],"collection":[{"href":"https:\/\/yappco.bio\/ar\/wp-json\/wp\/v2\/product"}],"about":[{"href":"https:\/\/yappco.bio\/ar\/wp-json\/wp\/v2\/types\/product"}],"wp:featuredmedia":[{"embeddable":true,"href":"https:\/\/yappco.bio\/ar\/wp-json\/wp\/v2\/media\/7348"}],"wp:attachment":[{"href":"https:\/\/yappco.bio\/ar\/wp-json\/wp\/v2\/media?parent=6053"}],"wp:term":[{"taxonomy":"product_cat","embeddable":true,"href":"https:\/\/yappco.bio\/ar\/wp-json\/wp\/v2\/product_cat?post=6053"},{"taxonomy":"product_tag","embeddable":true,"href":"https:\/\/yappco.bio\/ar\/wp-json\/wp\/v2\/product_tag?post=6053"}],"curies":[{"name":"wp","href":"https:\/\/api.w.org\/{rel}","templated":true}]}}