{"id":6038,"date":"2022-03-24T09:12:06","date_gmt":"2022-03-24T08:12:06","guid":{"rendered":"https:\/\/yappco.bio\/?post_type=product&#038;p=6038"},"modified":"2025-10-22T14:58:13","modified_gmt":"2025-10-22T12:58:13","slug":"maska-peelingujaca","status":"publish","type":"product","link":"https:\/\/yappco.bio\/ar\/product\/maska-peelingujaca\/","title":{"rendered":"\u062a\u0642\u0634\u064a\u0631 \u0627\u0644\u0642\u0646\u0627\u0639"},"content":{"rendered":"<p>Zmniejszaj\u0105cy niedoskona\u0142o\u015bci kosmetyk o podw\u00f3jnej sile dzia\u0142ania &#8211; peelingu i piel\u0119gnacyjnej maseczki. Dzi\u0119ki zastosowaniu <strong>drobinek pestek moreli<\/strong> maska skutecznie, a zarazem delikatnie usuwa zrogowacia\u0142y nask\u00f3rek. Od\u015bwie\u017ca i wyg\u0142adza sk\u00f3r\u0119, nadaj\u0105c jej aksamitny wygl\u0105d. Peeling nie podra\u017cnia i nie narusza r\u00f3wnowagi sk\u00f3ry. Receptura oparta na <strong>zielonej glince<\/strong> dzia\u0142a detoksykuj\u0105co, antyseptycznie i oczyszczaj\u0105co oraz normalizuje sk\u00f3r\u0119 mieszan\u0105 i t\u0142ust\u0105. Absorbuje sebum i zanieczyszczenia gromadz\u0105ce si\u0119 na sk\u00f3rze. Bogata w mikro- i makroelementy, kt\u00f3re wzmacniaj\u0105 sk\u00f3r\u0119. Tak jak ca\u0142a seria Yappco, kosmetyk oparty jest na unikalnej nawil\u017caj\u0105cej i przeciwstarzeniowej kompozycji <strong>olejku z pestek z jab\u0142ek, ekstraktu z jab\u0142ek i kwasu gamma PGA<\/strong>. Maska zmniejsza i wyr\u00f3wnuje niedoskona\u0142o\u015bci, nadaje twarzy g\u0142adki i alabastrowy wygl\u0105d.<\/p>","protected":false},"excerpt":{"rendered":"<p>\u062a\u0646\u0639\u064a\u0645 \u0645\u0639 \u0627\u0644\u0637\u064a\u0646<\/p>","protected":false},"featured_media":7354,"template":"","meta":[],"product_cat":[20],"product_tag":[],"acf":[],"yoast_head":"<!-- This site is optimized with the Yoast SEO plugin v21.8.1 - https:\/\/yoast.com\/wordpress\/plugins\/seo\/ -->\n<title>Naturalna piel\u0119gnacja sk\u00f3ry i w\u0142os\u00f3w na bazie jab\u0142ek<\/title>\n<meta name=\"robots\" content=\"index, follow, max-snippet:-1, max-image-preview:large, max-video-preview:-1\" \/>\n<link rel=\"canonical\" href=\"https:\/\/yappco.bio\/ar\/product\/maska-peelingujaca\/\" \/>\n<meta property=\"og:locale\" content=\"ar_AR\" \/>\n<meta property=\"og:type\" content=\"article\" \/>\n<meta property=\"og:title\" content=\"Naturalna piel\u0119gnacja sk\u00f3ry i w\u0142os\u00f3w na bazie jab\u0142ek\" \/>\n<meta property=\"og:description\" content=\"WYG\u0141ADZAJ\u0104CA Z GLINK\u0104\" \/>\n<meta property=\"og:url\" content=\"https:\/\/yappco.bio\/ar\/product\/maska-peelingujaca\/\" \/>\n<meta property=\"og:site_name\" content=\"Naturalna piel\u0119gnacja sk\u00f3ry i w\u0142os\u00f3w na bazie jab\u0142ek\" \/>\n<meta property=\"article:publisher\" content=\"https:\/\/www.facebook.com\/Yappcosmetics\" \/>\n<meta property=\"article:modified_time\" content=\"2025-10-22T12:58:13+00:00\" \/>\n<meta property=\"og:image\" content=\"https:\/\/yappco.bio\/wp-content\/uploads\/2022\/03\/scrub_mask_clay-1.png\" \/>\n\t<meta property=\"og:image:width\" content=\"800\" \/>\n\t<meta property=\"og:image:height\" content=\"1600\" \/>\n\t<meta property=\"og:image:type\" content=\"image\/png\" \/>\n<meta name=\"twitter:card\" content=\"summary_large_image\" \/>\n<meta name=\"twitter:label1\" content=\"\u0648\u0642\u062a \u0627\u0644\u0642\u0631\u0627\u0621\u0629 \u0627\u0644\u0645\u064f\u0642\u062f\u0651\u0631\" \/>\n\t<meta name=\"twitter:data1\" content=\"\u062f\u0642\u064a\u0642\u0629 \u0648\u0627\u062d\u062f\u0629\" \/>\n<script type=\"application\/ld+json\" class=\"yoast-schema-graph\">{\"@context\":\"https:\/\/schema.org\",\"@graph\":[{\"@type\":\"WebPage\",\"@id\":\"https:\/\/yappco.bio\/produkt\/maska-peelingujaca\/\",\"url\":\"https:\/\/yappco.bio\/produkt\/maska-peelingujaca\/\",\"name\":\"Naturalna piel\u0119gnacja sk\u00f3ry i w\u0142os\u00f3w na bazie jab\u0142ek\",\"isPartOf\":{\"@id\":\"https:\/\/yappco.bio\/#website\"},\"datePublished\":\"2022-03-24T08:12:06+00:00\",\"dateModified\":\"2025-10-22T12:58:13+00:00\",\"breadcrumb\":{\"@id\":\"https:\/\/yappco.bio\/produkt\/maska-peelingujaca\/#breadcrumb\"},\"inLanguage\":\"ar\",\"potentialAction\":[{\"@type\":\"ReadAction\",\"target\":[\"https:\/\/yappco.bio\/produkt\/maska-peelingujaca\/\"]}]},{\"@type\":\"BreadcrumbList\",\"@id\":\"https:\/\/yappco.bio\/produkt\/maska-peelingujaca\/#breadcrumb\",\"itemListElement\":[{\"@type\":\"ListItem\",\"position\":1,\"name\":\"Strona g\u0142\u00f3wna\",\"item\":\"https:\/\/yappco.bio\/\"},{\"@type\":\"ListItem\",\"position\":2,\"name\":\"Sklep\",\"item\":\"https:\/\/yappco.bio\/sklep\/\"},{\"@type\":\"ListItem\",\"position\":3,\"name\":\"Maska-peeling\"}]},{\"@type\":\"WebSite\",\"@id\":\"https:\/\/yappco.bio\/#website\",\"url\":\"https:\/\/yappco.bio\/\",\"name\":\"Naturalna piel\u0119gnacja sk\u00f3ry i w\u0142os\u00f3w na bazie jab\u0142ek\",\"description\":\"Jab\u0142ka piel\u0119gnuj\u0105, kwas poliglutaminowy ultra nawil\u017ca.\",\"publisher\":{\"@id\":\"https:\/\/yappco.bio\/#organization\"},\"potentialAction\":[{\"@type\":\"SearchAction\",\"target\":{\"@type\":\"EntryPoint\",\"urlTemplate\":\"https:\/\/yappco.bio\/?s={search_term_string}\"},\"query-input\":\"required name=search_term_string\"}],\"inLanguage\":\"ar\"},{\"@type\":\"Organization\",\"@id\":\"https:\/\/yappco.bio\/#organization\",\"name\":\"Naturalna piel\u0119gnacja sk\u00f3ry i w\u0142os\u00f3w na bazie jab\u0142ek\",\"url\":\"https:\/\/yappco.bio\/\",\"logo\":{\"@type\":\"ImageObject\",\"inLanguage\":\"ar\",\"@id\":\"https:\/\/yappco.bio\/#\/schema\/logo\/image\/\",\"url\":\"https:\/\/yappco.bio\/wp-content\/uploads\/2020\/07\/logo_yappco.png\",\"contentUrl\":\"https:\/\/yappco.bio\/wp-content\/uploads\/2020\/07\/logo_yappco.png\",\"width\":759,\"height\":351,\"caption\":\"Naturalna piel\u0119gnacja sk\u00f3ry i w\u0142os\u00f3w na bazie jab\u0142ek\"},\"image\":{\"@id\":\"https:\/\/yappco.bio\/#\/schema\/logo\/image\/\"},\"sameAs\":[\"https:\/\/www.facebook.com\/Yappcosmetics\",\"https:\/\/www.instagram.com\/yappco\"]}]}<\/script>\n<!-- \/ Yoast SEO plugin. -->","yoast_head_json":{"title":"Naturalna piel\u0119gnacja sk\u00f3ry i w\u0142os\u00f3w na bazie jab\u0142ek","robots":{"index":"index","follow":"follow","max-snippet":"max-snippet:-1","max-image-preview":"max-image-preview:large","max-video-preview":"max-video-preview:-1"},"canonical":"https:\/\/yappco.bio\/ar\/product\/maska-peelingujaca\/","og_locale":"ar_AR","og_type":"article","og_title":"Naturalna piel\u0119gnacja sk\u00f3ry i w\u0142os\u00f3w na bazie jab\u0142ek","og_description":"WYG\u0141ADZAJ\u0104CA Z GLINK\u0104","og_url":"https:\/\/yappco.bio\/ar\/product\/maska-peelingujaca\/","og_site_name":"Naturalna piel\u0119gnacja sk\u00f3ry i w\u0142os\u00f3w na bazie jab\u0142ek","article_publisher":"https:\/\/www.facebook.com\/Yappcosmetics","article_modified_time":"2025-10-22T12:58:13+00:00","og_image":[{"width":800,"height":1600,"url":"https:\/\/yappco.bio\/wp-content\/uploads\/2022\/03\/scrub_mask_clay-1.png","type":"image\/png"}],"twitter_card":"summary_large_image","twitter_misc":{"\u0648\u0642\u062a \u0627\u0644\u0642\u0631\u0627\u0621\u0629 \u0627\u0644\u0645\u064f\u0642\u062f\u0651\u0631":"\u062f\u0642\u064a\u0642\u0629 \u0648\u0627\u062d\u062f\u0629"},"schema":{"@context":"https:\/\/schema.org","@graph":[{"@type":"WebPage","@id":"https:\/\/yappco.bio\/produkt\/maska-peelingujaca\/","url":"https:\/\/yappco.bio\/produkt\/maska-peelingujaca\/","name":"Naturalna piel\u0119gnacja sk\u00f3ry i w\u0142os\u00f3w na bazie jab\u0142ek","isPartOf":{"@id":"https:\/\/yappco.bio\/#website"},"datePublished":"2022-03-24T08:12:06+00:00","dateModified":"2025-10-22T12:58:13+00:00","breadcrumb":{"@id":"https:\/\/yappco.bio\/produkt\/maska-peelingujaca\/#breadcrumb"},"inLanguage":"ar","potentialAction":[{"@type":"ReadAction","target":["https:\/\/yappco.bio\/produkt\/maska-peelingujaca\/"]}]},{"@type":"BreadcrumbList","@id":"https:\/\/yappco.bio\/produkt\/maska-peelingujaca\/#breadcrumb","itemListElement":[{"@type":"ListItem","position":1,"name":"Strona g\u0142\u00f3wna","item":"https:\/\/yappco.bio\/"},{"@type":"ListItem","position":2,"name":"Sklep","item":"https:\/\/yappco.bio\/sklep\/"},{"@type":"ListItem","position":3,"name":"Maska-peeling"}]},{"@type":"WebSite","@id":"https:\/\/yappco.bio\/#website","url":"https:\/\/yappco.bio\/","name":"Naturalna piel\u0119gnacja sk\u00f3ry i w\u0142os\u00f3w na bazie jab\u0142ek","description":"Jab\u0142ka piel\u0119gnuj\u0105, kwas poliglutaminowy ultra nawil\u017ca.","publisher":{"@id":"https:\/\/yappco.bio\/#organization"},"potentialAction":[{"@type":"SearchAction","target":{"@type":"EntryPoint","urlTemplate":"https:\/\/yappco.bio\/?s={search_term_string}"},"query-input":"required name=search_term_string"}],"inLanguage":"ar"},{"@type":"Organization","@id":"https:\/\/yappco.bio\/#organization","name":"Naturalna piel\u0119gnacja sk\u00f3ry i w\u0142os\u00f3w na bazie jab\u0142ek","url":"https:\/\/yappco.bio\/","logo":{"@type":"ImageObject","inLanguage":"ar","@id":"https:\/\/yappco.bio\/#\/schema\/logo\/image\/","url":"https:\/\/yappco.bio\/wp-content\/uploads\/2020\/07\/logo_yappco.png","contentUrl":"https:\/\/yappco.bio\/wp-content\/uploads\/2020\/07\/logo_yappco.png","width":759,"height":351,"caption":"Naturalna piel\u0119gnacja sk\u00f3ry i w\u0142os\u00f3w na bazie jab\u0142ek"},"image":{"@id":"https:\/\/yappco.bio\/#\/schema\/logo\/image\/"},"sameAs":["https:\/\/www.facebook.com\/Yappcosmetics","https:\/\/www.instagram.com\/yappco"]}]}},"_links":{"self":[{"href":"https:\/\/yappco.bio\/ar\/wp-json\/wp\/v2\/product\/6038"}],"collection":[{"href":"https:\/\/yappco.bio\/ar\/wp-json\/wp\/v2\/product"}],"about":[{"href":"https:\/\/yappco.bio\/ar\/wp-json\/wp\/v2\/types\/product"}],"wp:featuredmedia":[{"embeddable":true,"href":"https:\/\/yappco.bio\/ar\/wp-json\/wp\/v2\/media\/7354"}],"wp:attachment":[{"href":"https:\/\/yappco.bio\/ar\/wp-json\/wp\/v2\/media?parent=6038"}],"wp:term":[{"taxonomy":"product_cat","embeddable":true,"href":"https:\/\/yappco.bio\/ar\/wp-json\/wp\/v2\/product_cat?post=6038"},{"taxonomy":"product_tag","embeddable":true,"href":"https:\/\/yappco.bio\/ar\/wp-json\/wp\/v2\/product_tag?post=6038"}],"curies":[{"name":"wp","href":"https:\/\/api.w.org\/{rel}","templated":true}]}}