{"id":6037,"date":"2022-03-23T14:15:14","date_gmt":"2022-03-23T13:15:14","guid":{"rendered":"https:\/\/yappco.bio\/?post_type=product&#038;p=6037"},"modified":"2024-12-23T12:46:57","modified_gmt":"2024-12-23T11:46:57","slug":"serum-na-glebokie-zmarszczki-i-przebarwienia","status":"publish","type":"product","link":"https:\/\/yappco.bio\/ar\/product\/serum-na-glebokie-zmarszczki-i-przebarwienia\/","title":{"rendered":"\u0627\u0644\u0639\u0644\u0627\u062c \u0628\u0642\u0639\u0629"},"content":{"rendered":"<p>Kuracja skutecznie redukuj\u0105ca przebarwienia, drobne linie i g\u0142\u0119bsze zmarszczki wywo\u0142ane mimik\u0105 twarzy, zmianami hormonalnymi lub starzeniem sk\u00f3ry, spowolnion\u0105 produkcj\u0105 kolagenu, utrat\u0105 j\u0119drno\u015bci i napi\u0119cia. Specjalna kompozycja ekstrakt\u00f3w z sorzychy ziemnej, oleju ze smoczego owocu oraz ekstrakt\u00f3w z jab\u0142ek przyczynia si\u0119 do sp\u0142ycenia zmarszczek, ma silne w\u0142a\u015bciwo\u015bci antyoksydacyjne oraz stymuluje wytwarzanie kolagenu. Kwas gamma PGA d\u0142ugotrwale i g\u0142\u0119boko nawil\u017ca poszczeg\u00f3lne warstwy sk\u00f3ry, a\u017c do sk\u00f3ry w\u0142a\u015bciwej. Arbutyna z jag\u00f3d m\u0105cznicy lekarskiej rozja\u015bnienia i wyr\u00f3wnuje koloryt, redukuje przebarwienia. Produkt ma lekk\u0105 konsystencj\u0119, nie zapycha por\u00f3w, szybko si\u0119 wch\u0142ania. Pozostawia sk\u00f3r\u0119 mi\u0119kk\u0105 i aksamitn\u0105. Tak jak ca\u0142a seria Yappco oparta jest na unikalnej kompozycji olejku z pestek z jab\u0142ek, ekstraktu z jab\u0142ek i kwasu gamma PGA.<\/p>","protected":false},"excerpt":{"rendered":"<p>\u0636\u062f \u0627\u0644\u062a\u062c\u0627\u0639\u064a\u062f \u0627\u0644\u0639\u0645\u064a\u0642\u0629 \u0648\u062a\u063a\u064a\u0631 \u0627\u0644\u0644\u0648\u0646 \u0641\u064a \u0627\u0644\u0644\u064a\u0644<\/p>","protected":false},"featured_media":7414,"template":"","meta":[],"product_cat":[20],"product_tag":[84],"acf":[],"yoast_head":"<!-- This site is optimized with the Yoast SEO plugin v21.8.1 - https:\/\/yoast.com\/wordpress\/plugins\/seo\/ -->\n<title>Naturalna piel\u0119gnacja sk\u00f3ry i w\u0142os\u00f3w na bazie jab\u0142ek<\/title>\n<meta name=\"robots\" content=\"index, follow, max-snippet:-1, max-image-preview:large, max-video-preview:-1\" \/>\n<link rel=\"canonical\" href=\"https:\/\/yappco.bio\/ar\/product\/serum-na-glebokie-zmarszczki-i-przebarwienia\/\" \/>\n<meta property=\"og:locale\" content=\"ar_AR\" \/>\n<meta property=\"og:type\" content=\"article\" \/>\n<meta property=\"og:title\" content=\"Naturalna piel\u0119gnacja sk\u00f3ry i w\u0142os\u00f3w na bazie jab\u0142ek\" \/>\n<meta property=\"og:description\" content=\"PRZECIW G\u0141\u0118BOKIM ZMARSZCZKOM I PRZEBARWIENIOM NA NOC\" \/>\n<meta property=\"og:url\" content=\"https:\/\/yappco.bio\/ar\/product\/serum-na-glebokie-zmarszczki-i-przebarwienia\/\" \/>\n<meta property=\"og:site_name\" content=\"Naturalna piel\u0119gnacja sk\u00f3ry i w\u0142os\u00f3w na bazie jab\u0142ek\" \/>\n<meta property=\"article:publisher\" content=\"https:\/\/www.facebook.com\/Yappcosmetics\" \/>\n<meta property=\"article:modified_time\" content=\"2024-12-23T11:46:57+00:00\" \/>\n<meta property=\"og:image\" content=\"https:\/\/yappco.bio\/wp-content\/uploads\/2022\/03\/Intensive_wrinklespot_discoloration-2.png\" \/>\n\t<meta property=\"og:image:width\" content=\"800\" \/>\n\t<meta property=\"og:image:height\" content=\"1600\" \/>\n\t<meta property=\"og:image:type\" content=\"image\/png\" \/>\n<meta name=\"twitter:card\" content=\"summary_large_image\" \/>\n<meta name=\"twitter:label1\" content=\"\u0648\u0642\u062a \u0627\u0644\u0642\u0631\u0627\u0621\u0629 \u0627\u0644\u0645\u064f\u0642\u062f\u0651\u0631\" \/>\n\t<meta name=\"twitter:data1\" content=\"\u062f\u0642\u064a\u0642\u0629 \u0648\u0627\u062d\u062f\u0629\" \/>\n<script type=\"application\/ld+json\" class=\"yoast-schema-graph\">{\"@context\":\"https:\/\/schema.org\",\"@graph\":[{\"@type\":\"WebPage\",\"@id\":\"https:\/\/yappco.bio\/produkt\/serum-na-glebokie-zmarszczki-i-przebarwienia\/\",\"url\":\"https:\/\/yappco.bio\/produkt\/serum-na-glebokie-zmarszczki-i-przebarwienia\/\",\"name\":\"Naturalna piel\u0119gnacja sk\u00f3ry i w\u0142os\u00f3w na bazie jab\u0142ek\",\"isPartOf\":{\"@id\":\"https:\/\/yappco.bio\/#website\"},\"datePublished\":\"2022-03-23T13:15:14+00:00\",\"dateModified\":\"2024-12-23T11:46:57+00:00\",\"breadcrumb\":{\"@id\":\"https:\/\/yappco.bio\/produkt\/serum-na-glebokie-zmarszczki-i-przebarwienia\/#breadcrumb\"},\"inLanguage\":\"ar\",\"potentialAction\":[{\"@type\":\"ReadAction\",\"target\":[\"https:\/\/yappco.bio\/produkt\/serum-na-glebokie-zmarszczki-i-przebarwienia\/\"]}]},{\"@type\":\"BreadcrumbList\",\"@id\":\"https:\/\/yappco.bio\/produkt\/serum-na-glebokie-zmarszczki-i-przebarwienia\/#breadcrumb\",\"itemListElement\":[{\"@type\":\"ListItem\",\"position\":1,\"name\":\"Strona g\u0142\u00f3wna\",\"item\":\"https:\/\/yappco.bio\/\"},{\"@type\":\"ListItem\",\"position\":2,\"name\":\"Sklep\",\"item\":\"https:\/\/yappco.bio\/sklep\/\"},{\"@type\":\"ListItem\",\"position\":3,\"name\":\"Punktowa kuracja\"}]},{\"@type\":\"WebSite\",\"@id\":\"https:\/\/yappco.bio\/#website\",\"url\":\"https:\/\/yappco.bio\/\",\"name\":\"Naturalna piel\u0119gnacja sk\u00f3ry i w\u0142os\u00f3w na bazie jab\u0142ek\",\"description\":\"Jab\u0142ka piel\u0119gnuj\u0105, kwas poliglutaminowy ultra nawil\u017ca.\",\"publisher\":{\"@id\":\"https:\/\/yappco.bio\/#organization\"},\"potentialAction\":[{\"@type\":\"SearchAction\",\"target\":{\"@type\":\"EntryPoint\",\"urlTemplate\":\"https:\/\/yappco.bio\/?s={search_term_string}\"},\"query-input\":\"required name=search_term_string\"}],\"inLanguage\":\"ar\"},{\"@type\":\"Organization\",\"@id\":\"https:\/\/yappco.bio\/#organization\",\"name\":\"Naturalna piel\u0119gnacja sk\u00f3ry i w\u0142os\u00f3w na bazie jab\u0142ek\",\"url\":\"https:\/\/yappco.bio\/\",\"logo\":{\"@type\":\"ImageObject\",\"inLanguage\":\"ar\",\"@id\":\"https:\/\/yappco.bio\/#\/schema\/logo\/image\/\",\"url\":\"https:\/\/yappco.bio\/wp-content\/uploads\/2020\/07\/logo_yappco.png\",\"contentUrl\":\"https:\/\/yappco.bio\/wp-content\/uploads\/2020\/07\/logo_yappco.png\",\"width\":759,\"height\":351,\"caption\":\"Naturalna piel\u0119gnacja sk\u00f3ry i w\u0142os\u00f3w na bazie jab\u0142ek\"},\"image\":{\"@id\":\"https:\/\/yappco.bio\/#\/schema\/logo\/image\/\"},\"sameAs\":[\"https:\/\/www.facebook.com\/Yappcosmetics\",\"https:\/\/www.instagram.com\/yappco\"]}]}<\/script>\n<!-- \/ Yoast SEO plugin. -->","yoast_head_json":{"title":"Naturalna piel\u0119gnacja sk\u00f3ry i w\u0142os\u00f3w na bazie jab\u0142ek","robots":{"index":"index","follow":"follow","max-snippet":"max-snippet:-1","max-image-preview":"max-image-preview:large","max-video-preview":"max-video-preview:-1"},"canonical":"https:\/\/yappco.bio\/ar\/product\/serum-na-glebokie-zmarszczki-i-przebarwienia\/","og_locale":"ar_AR","og_type":"article","og_title":"Naturalna piel\u0119gnacja sk\u00f3ry i w\u0142os\u00f3w na bazie jab\u0142ek","og_description":"PRZECIW G\u0141\u0118BOKIM ZMARSZCZKOM I PRZEBARWIENIOM NA NOC","og_url":"https:\/\/yappco.bio\/ar\/product\/serum-na-glebokie-zmarszczki-i-przebarwienia\/","og_site_name":"Naturalna piel\u0119gnacja sk\u00f3ry i w\u0142os\u00f3w na bazie jab\u0142ek","article_publisher":"https:\/\/www.facebook.com\/Yappcosmetics","article_modified_time":"2024-12-23T11:46:57+00:00","og_image":[{"width":800,"height":1600,"url":"https:\/\/yappco.bio\/wp-content\/uploads\/2022\/03\/Intensive_wrinklespot_discoloration-2.png","type":"image\/png"}],"twitter_card":"summary_large_image","twitter_misc":{"\u0648\u0642\u062a \u0627\u0644\u0642\u0631\u0627\u0621\u0629 \u0627\u0644\u0645\u064f\u0642\u062f\u0651\u0631":"\u062f\u0642\u064a\u0642\u0629 \u0648\u0627\u062d\u062f\u0629"},"schema":{"@context":"https:\/\/schema.org","@graph":[{"@type":"WebPage","@id":"https:\/\/yappco.bio\/produkt\/serum-na-glebokie-zmarszczki-i-przebarwienia\/","url":"https:\/\/yappco.bio\/produkt\/serum-na-glebokie-zmarszczki-i-przebarwienia\/","name":"Naturalna piel\u0119gnacja sk\u00f3ry i w\u0142os\u00f3w na bazie jab\u0142ek","isPartOf":{"@id":"https:\/\/yappco.bio\/#website"},"datePublished":"2022-03-23T13:15:14+00:00","dateModified":"2024-12-23T11:46:57+00:00","breadcrumb":{"@id":"https:\/\/yappco.bio\/produkt\/serum-na-glebokie-zmarszczki-i-przebarwienia\/#breadcrumb"},"inLanguage":"ar","potentialAction":[{"@type":"ReadAction","target":["https:\/\/yappco.bio\/produkt\/serum-na-glebokie-zmarszczki-i-przebarwienia\/"]}]},{"@type":"BreadcrumbList","@id":"https:\/\/yappco.bio\/produkt\/serum-na-glebokie-zmarszczki-i-przebarwienia\/#breadcrumb","itemListElement":[{"@type":"ListItem","position":1,"name":"Strona g\u0142\u00f3wna","item":"https:\/\/yappco.bio\/"},{"@type":"ListItem","position":2,"name":"Sklep","item":"https:\/\/yappco.bio\/sklep\/"},{"@type":"ListItem","position":3,"name":"Punktowa kuracja"}]},{"@type":"WebSite","@id":"https:\/\/yappco.bio\/#website","url":"https:\/\/yappco.bio\/","name":"Naturalna piel\u0119gnacja sk\u00f3ry i w\u0142os\u00f3w na bazie jab\u0142ek","description":"Jab\u0142ka piel\u0119gnuj\u0105, kwas poliglutaminowy ultra nawil\u017ca.","publisher":{"@id":"https:\/\/yappco.bio\/#organization"},"potentialAction":[{"@type":"SearchAction","target":{"@type":"EntryPoint","urlTemplate":"https:\/\/yappco.bio\/?s={search_term_string}"},"query-input":"required name=search_term_string"}],"inLanguage":"ar"},{"@type":"Organization","@id":"https:\/\/yappco.bio\/#organization","name":"Naturalna piel\u0119gnacja sk\u00f3ry i w\u0142os\u00f3w na bazie jab\u0142ek","url":"https:\/\/yappco.bio\/","logo":{"@type":"ImageObject","inLanguage":"ar","@id":"https:\/\/yappco.bio\/#\/schema\/logo\/image\/","url":"https:\/\/yappco.bio\/wp-content\/uploads\/2020\/07\/logo_yappco.png","contentUrl":"https:\/\/yappco.bio\/wp-content\/uploads\/2020\/07\/logo_yappco.png","width":759,"height":351,"caption":"Naturalna piel\u0119gnacja sk\u00f3ry i w\u0142os\u00f3w na bazie jab\u0142ek"},"image":{"@id":"https:\/\/yappco.bio\/#\/schema\/logo\/image\/"},"sameAs":["https:\/\/www.facebook.com\/Yappcosmetics","https:\/\/www.instagram.com\/yappco"]}]}},"_links":{"self":[{"href":"https:\/\/yappco.bio\/ar\/wp-json\/wp\/v2\/product\/6037"}],"collection":[{"href":"https:\/\/yappco.bio\/ar\/wp-json\/wp\/v2\/product"}],"about":[{"href":"https:\/\/yappco.bio\/ar\/wp-json\/wp\/v2\/types\/product"}],"wp:featuredmedia":[{"embeddable":true,"href":"https:\/\/yappco.bio\/ar\/wp-json\/wp\/v2\/media\/7414"}],"wp:attachment":[{"href":"https:\/\/yappco.bio\/ar\/wp-json\/wp\/v2\/media?parent=6037"}],"wp:term":[{"taxonomy":"product_cat","embeddable":true,"href":"https:\/\/yappco.bio\/ar\/wp-json\/wp\/v2\/product_cat?post=6037"},{"taxonomy":"product_tag","embeddable":true,"href":"https:\/\/yappco.bio\/ar\/wp-json\/wp\/v2\/product_tag?post=6037"}],"curies":[{"name":"wp","href":"https:\/\/api.w.org\/{rel}","templated":true}]}}