{"id":6019,"date":"2022-03-23T11:48:38","date_gmt":"2022-03-23T10:48:38","guid":{"rendered":"https:\/\/yappco.bio\/?post_type=product&#038;p=6019"},"modified":"2024-12-23T12:47:15","modified_gmt":"2024-12-23T11:47:15","slug":"krem-wokol-oczu-nawilzajacy","status":"publish","type":"product","link":"https:\/\/yappco.bio\/ar\/product\/krem-wokol-oczu-nawilzajacy\/","title":{"rendered":"\u0643\u0631\u064a\u0645 \u0645\u0631\u0637\u0628 \u0644\u0644\u0639\u064a\u0646"},"content":{"rendered":"<p>\u0645\u0643\u0648\u0646\u0627\u062a 99.8 % \u0645\u0646 \u0623\u0635\u0644 \u0637\u0628\u064a\u0639\u064a<\/p>\n<p>\u0643\u0631\u064a\u0645 \u0627\u0644\u0639\u064a\u0646 \u0630\u0648 \u0627\u0644\u0641\u0639\u0627\u0644\u064a\u0629 \u0627\u0644\u0639\u0627\u0644\u064a\u0629 \u0644\u0644\u062a\u0631\u0637\u064a\u0628 \u0637\u0648\u064a\u0644 \u0627\u0644\u0623\u0645\u062f. \u0634\u0643\u0631\u0627 \u0644\u0644\u0645\u062d\u062a\u0648\u0649 <strong>\u062d\u0645\u0636 PGA<\/strong> \u064a\u0642\u0648\u0645 \u0627\u0644\u0645\u0646\u062a\u062c \u0628\u062a\u0631\u0637\u064a\u0628 \u0645\u0643\u062b\u0641 \u0644\u0644\u0628\u0634\u0631\u0629 \u0627\u0644\u0631\u0642\u064a\u0642\u0629 \u0648\u0627\u0644\u062d\u0633\u0627\u0633\u0629 \u062d\u0648\u0644 \u0627\u0644\u0639\u064a\u0646\u064a\u0646 \u060c \u0628\u0645\u0627 \u0641\u064a \u0630\u0644\u0643 \u0627\u0644\u062c\u0641\u0646 \u0627\u0644\u0639\u0644\u0648\u064a. \u0627\u062a\u0635\u0627\u0644 <strong>\u0632\u064a\u062a \u0628\u0630\u0648\u0631 \u0627\u0644\u062a\u0641\u0627\u062d \u0648\u0632\u064a\u062a \u0628\u0630\u0648\u0631 \u0627\u0644\u0643\u0631\u0632 \u0648\u0632\u0628\u062f\u0629 \u0627\u0644\u0634\u064a\u0627<\/strong> \u0648 <strong>\u0645\u0633\u062a\u062e\u0644\u0635\u0627\u062a \u0627\u0644\u062a\u0641\u0627\u062d<\/strong> \u0644\u0647 \u062e\u0635\u0627\u0626\u0635 \u0645\u0636\u0627\u062f\u0629 \u0644\u0644\u0623\u0643\u0633\u062f\u0629 \u060c \u0648\u064a\u0646\u0639\u0645 \u0627\u0644\u062a\u062c\u0627\u0639\u064a\u062f \u0648\u064a\u062d\u0645\u064a \u0645\u0646 \u0627\u0644\u0634\u064a\u062e\u0648\u062e\u0629. \u064a\u0645\u062a\u0635 \u0646\u0633\u064a\u062c \u0627\u0644\u0636\u0648\u0621 \u0628\u0633\u0631\u0639\u0629 \u060c \u0648\u064a\u062a\u0631\u0643 \u0627\u0644\u0628\u0634\u0631\u0629 \u0646\u0627\u0639\u0645\u0629 \u0648\u0646\u0636\u0631\u0629. \u0645\u062b\u0627\u0644\u064a \u062a\u062d\u062a \u0627\u0644\u0645\u0643\u064a\u0627\u062c. \u062a\u0645 \u0625\u0646\u0634\u0627\u0621 \u0627\u0644\u0645\u0646\u062a\u062c \u062a\u062d\u062a \u0625\u0634\u0631\u0627\u0641 \u0623\u0637\u0628\u0627\u0621 \u0627\u0644\u0639\u064a\u0648\u0646 \u0648\u0623\u0637\u0628\u0627\u0621 \u0627\u0644\u062c\u0644\u062f \u060c \u0648\u0647\u0648 \u0645\u0646\u0627\u0633\u0628 \u0644\u0645\u0631\u062a\u062f\u064a \u0627\u0644\u0639\u062f\u0633\u0627\u062a \u0627\u0644\u0644\u0627\u0635\u0642\u0629.<\/p>","protected":false},"excerpt":{"rendered":"<p>\u062a\u0631\u0637\u064a\u0628 \u0639\u0645\u064a\u0642<\/p>","protected":false},"featured_media":7381,"template":"","meta":[],"product_cat":[20],"product_tag":[79,52,80],"acf":[],"yoast_head":"<!-- This site is optimized with the Yoast SEO plugin v21.8.1 - https:\/\/yoast.com\/wordpress\/plugins\/seo\/ -->\n<title>Naturalna piel\u0119gnacja sk\u00f3ry i w\u0142os\u00f3w na bazie jab\u0142ek<\/title>\n<meta name=\"robots\" content=\"index, follow, max-snippet:-1, max-image-preview:large, max-video-preview:-1\" \/>\n<link rel=\"canonical\" href=\"https:\/\/yappco.bio\/ar\/product\/krem-wokol-oczu-nawilzajacy\/\" \/>\n<meta property=\"og:locale\" content=\"ar_AR\" \/>\n<meta property=\"og:type\" content=\"article\" \/>\n<meta property=\"og:title\" content=\"Naturalna piel\u0119gnacja sk\u00f3ry i w\u0142os\u00f3w na bazie jab\u0142ek\" \/>\n<meta property=\"og:description\" content=\"G\u0141\u0118BOKO NAWIL\u017bAJ\u0104CY\" \/>\n<meta property=\"og:url\" content=\"https:\/\/yappco.bio\/ar\/product\/krem-wokol-oczu-nawilzajacy\/\" \/>\n<meta property=\"og:site_name\" content=\"Naturalna piel\u0119gnacja sk\u00f3ry i w\u0142os\u00f3w na bazie jab\u0142ek\" \/>\n<meta property=\"article:publisher\" content=\"https:\/\/www.facebook.com\/Yappcosmetics\" \/>\n<meta property=\"article:modified_time\" content=\"2024-12-23T11:47:15+00:00\" \/>\n<meta property=\"og:image\" content=\"https:\/\/yappco.bio\/wp-content\/uploads\/2022\/03\/Extra_Rich_Hydration_Eye_cream-1.png\" \/>\n\t<meta property=\"og:image:width\" content=\"800\" \/>\n\t<meta property=\"og:image:height\" content=\"1600\" \/>\n\t<meta property=\"og:image:type\" content=\"image\/png\" \/>\n<meta name=\"twitter:card\" content=\"summary_large_image\" \/>\n<meta name=\"twitter:label1\" content=\"\u0648\u0642\u062a \u0627\u0644\u0642\u0631\u0627\u0621\u0629 \u0627\u0644\u0645\u064f\u0642\u062f\u0651\u0631\" \/>\n\t<meta name=\"twitter:data1\" content=\"\u062f\u0642\u064a\u0642\u0629 \u0648\u0627\u062d\u062f\u0629\" \/>\n<script type=\"application\/ld+json\" class=\"yoast-schema-graph\">{\"@context\":\"https:\/\/schema.org\",\"@graph\":[{\"@type\":\"WebPage\",\"@id\":\"https:\/\/yappco.bio\/produkt\/krem-wokol-oczu-nawilzajacy\/\",\"url\":\"https:\/\/yappco.bio\/produkt\/krem-wokol-oczu-nawilzajacy\/\",\"name\":\"Naturalna piel\u0119gnacja sk\u00f3ry i w\u0142os\u00f3w na bazie jab\u0142ek\",\"isPartOf\":{\"@id\":\"https:\/\/yappco.bio\/#website\"},\"datePublished\":\"2022-03-23T10:48:38+00:00\",\"dateModified\":\"2024-12-23T11:47:15+00:00\",\"breadcrumb\":{\"@id\":\"https:\/\/yappco.bio\/produkt\/krem-wokol-oczu-nawilzajacy\/#breadcrumb\"},\"inLanguage\":\"ar\",\"potentialAction\":[{\"@type\":\"ReadAction\",\"target\":[\"https:\/\/yappco.bio\/produkt\/krem-wokol-oczu-nawilzajacy\/\"]}]},{\"@type\":\"BreadcrumbList\",\"@id\":\"https:\/\/yappco.bio\/produkt\/krem-wokol-oczu-nawilzajacy\/#breadcrumb\",\"itemListElement\":[{\"@type\":\"ListItem\",\"position\":1,\"name\":\"Strona g\u0142\u00f3wna\",\"item\":\"https:\/\/yappco.bio\/\"},{\"@type\":\"ListItem\",\"position\":2,\"name\":\"Sklep\",\"item\":\"https:\/\/yappco.bio\/sklep\/\"},{\"@type\":\"ListItem\",\"position\":3,\"name\":\"Nawil\u017caj\u0105cy krem pod oczy\"}]},{\"@type\":\"WebSite\",\"@id\":\"https:\/\/yappco.bio\/#website\",\"url\":\"https:\/\/yappco.bio\/\",\"name\":\"Naturalna piel\u0119gnacja sk\u00f3ry i w\u0142os\u00f3w na bazie jab\u0142ek\",\"description\":\"Jab\u0142ka piel\u0119gnuj\u0105, kwas poliglutaminowy ultra nawil\u017ca.\",\"publisher\":{\"@id\":\"https:\/\/yappco.bio\/#organization\"},\"potentialAction\":[{\"@type\":\"SearchAction\",\"target\":{\"@type\":\"EntryPoint\",\"urlTemplate\":\"https:\/\/yappco.bio\/?s={search_term_string}\"},\"query-input\":\"required name=search_term_string\"}],\"inLanguage\":\"ar\"},{\"@type\":\"Organization\",\"@id\":\"https:\/\/yappco.bio\/#organization\",\"name\":\"Naturalna piel\u0119gnacja sk\u00f3ry i w\u0142os\u00f3w na bazie jab\u0142ek\",\"url\":\"https:\/\/yappco.bio\/\",\"logo\":{\"@type\":\"ImageObject\",\"inLanguage\":\"ar\",\"@id\":\"https:\/\/yappco.bio\/#\/schema\/logo\/image\/\",\"url\":\"https:\/\/yappco.bio\/wp-content\/uploads\/2020\/07\/logo_yappco.png\",\"contentUrl\":\"https:\/\/yappco.bio\/wp-content\/uploads\/2020\/07\/logo_yappco.png\",\"width\":759,\"height\":351,\"caption\":\"Naturalna piel\u0119gnacja sk\u00f3ry i w\u0142os\u00f3w na bazie jab\u0142ek\"},\"image\":{\"@id\":\"https:\/\/yappco.bio\/#\/schema\/logo\/image\/\"},\"sameAs\":[\"https:\/\/www.facebook.com\/Yappcosmetics\",\"https:\/\/www.instagram.com\/yappco\"]}]}<\/script>\n<!-- \/ Yoast SEO plugin. -->","yoast_head_json":{"title":"Naturalna piel\u0119gnacja sk\u00f3ry i w\u0142os\u00f3w na bazie jab\u0142ek","robots":{"index":"index","follow":"follow","max-snippet":"max-snippet:-1","max-image-preview":"max-image-preview:large","max-video-preview":"max-video-preview:-1"},"canonical":"https:\/\/yappco.bio\/ar\/product\/krem-wokol-oczu-nawilzajacy\/","og_locale":"ar_AR","og_type":"article","og_title":"Naturalna piel\u0119gnacja sk\u00f3ry i w\u0142os\u00f3w na bazie jab\u0142ek","og_description":"G\u0141\u0118BOKO NAWIL\u017bAJ\u0104CY","og_url":"https:\/\/yappco.bio\/ar\/product\/krem-wokol-oczu-nawilzajacy\/","og_site_name":"Naturalna piel\u0119gnacja sk\u00f3ry i w\u0142os\u00f3w na bazie jab\u0142ek","article_publisher":"https:\/\/www.facebook.com\/Yappcosmetics","article_modified_time":"2024-12-23T11:47:15+00:00","og_image":[{"width":800,"height":1600,"url":"https:\/\/yappco.bio\/wp-content\/uploads\/2022\/03\/Extra_Rich_Hydration_Eye_cream-1.png","type":"image\/png"}],"twitter_card":"summary_large_image","twitter_misc":{"\u0648\u0642\u062a \u0627\u0644\u0642\u0631\u0627\u0621\u0629 \u0627\u0644\u0645\u064f\u0642\u062f\u0651\u0631":"\u062f\u0642\u064a\u0642\u0629 \u0648\u0627\u062d\u062f\u0629"},"schema":{"@context":"https:\/\/schema.org","@graph":[{"@type":"WebPage","@id":"https:\/\/yappco.bio\/produkt\/krem-wokol-oczu-nawilzajacy\/","url":"https:\/\/yappco.bio\/produkt\/krem-wokol-oczu-nawilzajacy\/","name":"Naturalna piel\u0119gnacja sk\u00f3ry i w\u0142os\u00f3w na bazie jab\u0142ek","isPartOf":{"@id":"https:\/\/yappco.bio\/#website"},"datePublished":"2022-03-23T10:48:38+00:00","dateModified":"2024-12-23T11:47:15+00:00","breadcrumb":{"@id":"https:\/\/yappco.bio\/produkt\/krem-wokol-oczu-nawilzajacy\/#breadcrumb"},"inLanguage":"ar","potentialAction":[{"@type":"ReadAction","target":["https:\/\/yappco.bio\/produkt\/krem-wokol-oczu-nawilzajacy\/"]}]},{"@type":"BreadcrumbList","@id":"https:\/\/yappco.bio\/produkt\/krem-wokol-oczu-nawilzajacy\/#breadcrumb","itemListElement":[{"@type":"ListItem","position":1,"name":"Strona g\u0142\u00f3wna","item":"https:\/\/yappco.bio\/"},{"@type":"ListItem","position":2,"name":"Sklep","item":"https:\/\/yappco.bio\/sklep\/"},{"@type":"ListItem","position":3,"name":"Nawil\u017caj\u0105cy krem pod oczy"}]},{"@type":"WebSite","@id":"https:\/\/yappco.bio\/#website","url":"https:\/\/yappco.bio\/","name":"Naturalna piel\u0119gnacja sk\u00f3ry i w\u0142os\u00f3w na bazie jab\u0142ek","description":"Jab\u0142ka piel\u0119gnuj\u0105, kwas poliglutaminowy ultra nawil\u017ca.","publisher":{"@id":"https:\/\/yappco.bio\/#organization"},"potentialAction":[{"@type":"SearchAction","target":{"@type":"EntryPoint","urlTemplate":"https:\/\/yappco.bio\/?s={search_term_string}"},"query-input":"required name=search_term_string"}],"inLanguage":"ar"},{"@type":"Organization","@id":"https:\/\/yappco.bio\/#organization","name":"Naturalna piel\u0119gnacja sk\u00f3ry i w\u0142os\u00f3w na bazie jab\u0142ek","url":"https:\/\/yappco.bio\/","logo":{"@type":"ImageObject","inLanguage":"ar","@id":"https:\/\/yappco.bio\/#\/schema\/logo\/image\/","url":"https:\/\/yappco.bio\/wp-content\/uploads\/2020\/07\/logo_yappco.png","contentUrl":"https:\/\/yappco.bio\/wp-content\/uploads\/2020\/07\/logo_yappco.png","width":759,"height":351,"caption":"Naturalna piel\u0119gnacja sk\u00f3ry i w\u0142os\u00f3w na bazie jab\u0142ek"},"image":{"@id":"https:\/\/yappco.bio\/#\/schema\/logo\/image\/"},"sameAs":["https:\/\/www.facebook.com\/Yappcosmetics","https:\/\/www.instagram.com\/yappco"]}]}},"_links":{"self":[{"href":"https:\/\/yappco.bio\/ar\/wp-json\/wp\/v2\/product\/6019"}],"collection":[{"href":"https:\/\/yappco.bio\/ar\/wp-json\/wp\/v2\/product"}],"about":[{"href":"https:\/\/yappco.bio\/ar\/wp-json\/wp\/v2\/types\/product"}],"wp:featuredmedia":[{"embeddable":true,"href":"https:\/\/yappco.bio\/ar\/wp-json\/wp\/v2\/media\/7381"}],"wp:attachment":[{"href":"https:\/\/yappco.bio\/ar\/wp-json\/wp\/v2\/media?parent=6019"}],"wp:term":[{"taxonomy":"product_cat","embeddable":true,"href":"https:\/\/yappco.bio\/ar\/wp-json\/wp\/v2\/product_cat?post=6019"},{"taxonomy":"product_tag","embeddable":true,"href":"https:\/\/yappco.bio\/ar\/wp-json\/wp\/v2\/product_tag?post=6019"}],"curies":[{"name":"wp","href":"https:\/\/api.w.org\/{rel}","templated":true}]}}