{"id":5788,"date":"2022-01-20T11:37:54","date_gmt":"2022-01-20T10:37:54","guid":{"rendered":"https:\/\/yappco.bio\/?post_type=product&#038;p=5788"},"modified":"2024-12-23T12:47:56","modified_gmt":"2024-12-23T11:47:56","slug":"kuracja-wokol-oczu","status":"publish","type":"product","link":"https:\/\/yappco.bio\/ar\/product\/kuracja-wokol-oczu\/","title":{"rendered":"\u0643\u0631\u064a\u0645 \u062a\u0646\u0639\u064a\u0645 \u0627\u0644\u0639\u064a\u0646"},"content":{"rendered":"<p>Kuracja liftinguj\u0105ca, piel\u0119gnuje delikatn\u0105 sk\u00f3r\u0119 wok\u00f3\u0142 oczu. Wyg\u0142adza zmarszczki mimimiczne, tzw \u201ekurze \u0142apki\u201d. Unosi kontur oka, przywraca m\u0142odzie\u0144czy wygl\u0105d twarzy. Napina, wzmacnia i poprawia spr\u0119\u017cysto\u015b\u0107 sk\u00f3ry, unosi opadaj\u0105ce powieki. Intensywnie nawil\u017ca wra\u017cliw\u0105 sk\u00f3r\u0119 wok\u00f3\u0142 oczu, nadaje spojrzeniu \u015bwie\u017co\u015b\u0107 i witalno\u015b\u0107. Odpowiednia r\u00f3wnie\u017c dla os\u00f3b nosz\u0105cych szk\u0142a kontaktowe. Lekka, kremowa konsystencja, zapewnia szybkie wch\u0142anianie, nie pozostawia t\u0142ustej warstwy oraz uczucia lepko\u015bci. Doskonale sprawdza si\u0119 pod makija\u017cem.\u00a0Je\u015bli szukasz skoncentrowanego kosmetyku, kt\u00f3ry korzystaj\u0105c z naturalnych sk\u0142adnik\u00f3w, przywr\u00f3ci sk\u00f3rze kondycj\u0119 i zapewni ol\u015bniewaj\u0105cy wygl\u0105d, to produkt jest idealny.<\/p>","protected":false},"excerpt":{"rendered":"<p>\u0639\u0644\u0627\u062c \u0646\u0627\u0639\u0645<\/p>","protected":false},"featured_media":7454,"template":"","meta":[],"product_cat":[20],"product_tag":[],"acf":[],"yoast_head":"<!-- This site is optimized with the Yoast SEO plugin v21.8.1 - https:\/\/yoast.com\/wordpress\/plugins\/seo\/ -->\n<title>Naturalna piel\u0119gnacja sk\u00f3ry i w\u0142os\u00f3w na bazie jab\u0142ek<\/title>\n<meta name=\"robots\" content=\"index, follow, max-snippet:-1, max-image-preview:large, max-video-preview:-1\" \/>\n<link rel=\"canonical\" href=\"https:\/\/yappco.bio\/ar\/product\/kuracja-wokol-oczu\/\" \/>\n<meta property=\"og:locale\" content=\"ar_AR\" \/>\n<meta property=\"og:type\" content=\"article\" \/>\n<meta property=\"og:title\" content=\"Naturalna piel\u0119gnacja sk\u00f3ry i w\u0142os\u00f3w na bazie jab\u0142ek\" \/>\n<meta property=\"og:description\" content=\"KURACJA WYG\u0141ADZAJ\u0104CA\" \/>\n<meta property=\"og:url\" content=\"https:\/\/yappco.bio\/ar\/product\/kuracja-wokol-oczu\/\" \/>\n<meta property=\"og:site_name\" content=\"Naturalna piel\u0119gnacja sk\u00f3ry i w\u0142os\u00f3w na bazie jab\u0142ek\" \/>\n<meta property=\"article:publisher\" content=\"https:\/\/www.facebook.com\/Yappcosmetics\" \/>\n<meta property=\"article:modified_time\" content=\"2024-12-23T11:47:56+00:00\" \/>\n<meta property=\"og:image\" content=\"https:\/\/yappco.bio\/wp-content\/uploads\/2022\/01\/Krem-pod-oczy-1-1.png\" \/>\n\t<meta property=\"og:image:width\" content=\"800\" \/>\n\t<meta property=\"og:image:height\" content=\"1600\" \/>\n\t<meta property=\"og:image:type\" content=\"image\/png\" \/>\n<meta name=\"twitter:card\" content=\"summary_large_image\" \/>\n<meta name=\"twitter:label1\" content=\"\u0648\u0642\u062a \u0627\u0644\u0642\u0631\u0627\u0621\u0629 \u0627\u0644\u0645\u064f\u0642\u062f\u0651\u0631\" \/>\n\t<meta name=\"twitter:data1\" content=\"\u062f\u0642\u064a\u0642\u0629 \u0648\u0627\u062d\u062f\u0629\" \/>\n<script type=\"application\/ld+json\" class=\"yoast-schema-graph\">{\"@context\":\"https:\/\/schema.org\",\"@graph\":[{\"@type\":\"WebPage\",\"@id\":\"https:\/\/yappco.bio\/produkt\/kuracja-wokol-oczu\/\",\"url\":\"https:\/\/yappco.bio\/produkt\/kuracja-wokol-oczu\/\",\"name\":\"Naturalna piel\u0119gnacja sk\u00f3ry i w\u0142os\u00f3w na bazie jab\u0142ek\",\"isPartOf\":{\"@id\":\"https:\/\/yappco.bio\/#website\"},\"datePublished\":\"2022-01-20T10:37:54+00:00\",\"dateModified\":\"2024-12-23T11:47:56+00:00\",\"breadcrumb\":{\"@id\":\"https:\/\/yappco.bio\/produkt\/kuracja-wokol-oczu\/#breadcrumb\"},\"inLanguage\":\"ar\",\"potentialAction\":[{\"@type\":\"ReadAction\",\"target\":[\"https:\/\/yappco.bio\/produkt\/kuracja-wokol-oczu\/\"]}]},{\"@type\":\"BreadcrumbList\",\"@id\":\"https:\/\/yappco.bio\/produkt\/kuracja-wokol-oczu\/#breadcrumb\",\"itemListElement\":[{\"@type\":\"ListItem\",\"position\":1,\"name\":\"Strona g\u0142\u00f3wna\",\"item\":\"https:\/\/yappco.bio\/\"},{\"@type\":\"ListItem\",\"position\":2,\"name\":\"Sklep\",\"item\":\"https:\/\/yappco.bio\/sklep\/\"},{\"@type\":\"ListItem\",\"position\":3,\"name\":\"Wyg\u0142adzaj\u0105cy krem pod oczy\"}]},{\"@type\":\"WebSite\",\"@id\":\"https:\/\/yappco.bio\/#website\",\"url\":\"https:\/\/yappco.bio\/\",\"name\":\"Naturalna piel\u0119gnacja sk\u00f3ry i w\u0142os\u00f3w na bazie jab\u0142ek\",\"description\":\"Jab\u0142ka piel\u0119gnuj\u0105, kwas poliglutaminowy ultra nawil\u017ca.\",\"publisher\":{\"@id\":\"https:\/\/yappco.bio\/#organization\"},\"potentialAction\":[{\"@type\":\"SearchAction\",\"target\":{\"@type\":\"EntryPoint\",\"urlTemplate\":\"https:\/\/yappco.bio\/?s={search_term_string}\"},\"query-input\":\"required name=search_term_string\"}],\"inLanguage\":\"ar\"},{\"@type\":\"Organization\",\"@id\":\"https:\/\/yappco.bio\/#organization\",\"name\":\"Naturalna piel\u0119gnacja sk\u00f3ry i w\u0142os\u00f3w na bazie jab\u0142ek\",\"url\":\"https:\/\/yappco.bio\/\",\"logo\":{\"@type\":\"ImageObject\",\"inLanguage\":\"ar\",\"@id\":\"https:\/\/yappco.bio\/#\/schema\/logo\/image\/\",\"url\":\"https:\/\/yappco.bio\/wp-content\/uploads\/2020\/07\/logo_yappco.png\",\"contentUrl\":\"https:\/\/yappco.bio\/wp-content\/uploads\/2020\/07\/logo_yappco.png\",\"width\":759,\"height\":351,\"caption\":\"Naturalna piel\u0119gnacja sk\u00f3ry i w\u0142os\u00f3w na bazie jab\u0142ek\"},\"image\":{\"@id\":\"https:\/\/yappco.bio\/#\/schema\/logo\/image\/\"},\"sameAs\":[\"https:\/\/www.facebook.com\/Yappcosmetics\",\"https:\/\/www.instagram.com\/yappco\"]}]}<\/script>\n<!-- \/ Yoast SEO plugin. -->","yoast_head_json":{"title":"Naturalna piel\u0119gnacja sk\u00f3ry i w\u0142os\u00f3w na bazie jab\u0142ek","robots":{"index":"index","follow":"follow","max-snippet":"max-snippet:-1","max-image-preview":"max-image-preview:large","max-video-preview":"max-video-preview:-1"},"canonical":"https:\/\/yappco.bio\/ar\/product\/kuracja-wokol-oczu\/","og_locale":"ar_AR","og_type":"article","og_title":"Naturalna piel\u0119gnacja sk\u00f3ry i w\u0142os\u00f3w na bazie jab\u0142ek","og_description":"KURACJA WYG\u0141ADZAJ\u0104CA","og_url":"https:\/\/yappco.bio\/ar\/product\/kuracja-wokol-oczu\/","og_site_name":"Naturalna piel\u0119gnacja sk\u00f3ry i w\u0142os\u00f3w na bazie jab\u0142ek","article_publisher":"https:\/\/www.facebook.com\/Yappcosmetics","article_modified_time":"2024-12-23T11:47:56+00:00","og_image":[{"width":800,"height":1600,"url":"https:\/\/yappco.bio\/wp-content\/uploads\/2022\/01\/Krem-pod-oczy-1-1.png","type":"image\/png"}],"twitter_card":"summary_large_image","twitter_misc":{"\u0648\u0642\u062a \u0627\u0644\u0642\u0631\u0627\u0621\u0629 \u0627\u0644\u0645\u064f\u0642\u062f\u0651\u0631":"\u062f\u0642\u064a\u0642\u0629 \u0648\u0627\u062d\u062f\u0629"},"schema":{"@context":"https:\/\/schema.org","@graph":[{"@type":"WebPage","@id":"https:\/\/yappco.bio\/produkt\/kuracja-wokol-oczu\/","url":"https:\/\/yappco.bio\/produkt\/kuracja-wokol-oczu\/","name":"Naturalna piel\u0119gnacja sk\u00f3ry i w\u0142os\u00f3w na bazie jab\u0142ek","isPartOf":{"@id":"https:\/\/yappco.bio\/#website"},"datePublished":"2022-01-20T10:37:54+00:00","dateModified":"2024-12-23T11:47:56+00:00","breadcrumb":{"@id":"https:\/\/yappco.bio\/produkt\/kuracja-wokol-oczu\/#breadcrumb"},"inLanguage":"ar","potentialAction":[{"@type":"ReadAction","target":["https:\/\/yappco.bio\/produkt\/kuracja-wokol-oczu\/"]}]},{"@type":"BreadcrumbList","@id":"https:\/\/yappco.bio\/produkt\/kuracja-wokol-oczu\/#breadcrumb","itemListElement":[{"@type":"ListItem","position":1,"name":"Strona g\u0142\u00f3wna","item":"https:\/\/yappco.bio\/"},{"@type":"ListItem","position":2,"name":"Sklep","item":"https:\/\/yappco.bio\/sklep\/"},{"@type":"ListItem","position":3,"name":"Wyg\u0142adzaj\u0105cy krem pod oczy"}]},{"@type":"WebSite","@id":"https:\/\/yappco.bio\/#website","url":"https:\/\/yappco.bio\/","name":"Naturalna piel\u0119gnacja sk\u00f3ry i w\u0142os\u00f3w na bazie jab\u0142ek","description":"Jab\u0142ka piel\u0119gnuj\u0105, kwas poliglutaminowy ultra nawil\u017ca.","publisher":{"@id":"https:\/\/yappco.bio\/#organization"},"potentialAction":[{"@type":"SearchAction","target":{"@type":"EntryPoint","urlTemplate":"https:\/\/yappco.bio\/?s={search_term_string}"},"query-input":"required name=search_term_string"}],"inLanguage":"ar"},{"@type":"Organization","@id":"https:\/\/yappco.bio\/#organization","name":"Naturalna piel\u0119gnacja sk\u00f3ry i w\u0142os\u00f3w na bazie jab\u0142ek","url":"https:\/\/yappco.bio\/","logo":{"@type":"ImageObject","inLanguage":"ar","@id":"https:\/\/yappco.bio\/#\/schema\/logo\/image\/","url":"https:\/\/yappco.bio\/wp-content\/uploads\/2020\/07\/logo_yappco.png","contentUrl":"https:\/\/yappco.bio\/wp-content\/uploads\/2020\/07\/logo_yappco.png","width":759,"height":351,"caption":"Naturalna piel\u0119gnacja sk\u00f3ry i w\u0142os\u00f3w na bazie jab\u0142ek"},"image":{"@id":"https:\/\/yappco.bio\/#\/schema\/logo\/image\/"},"sameAs":["https:\/\/www.facebook.com\/Yappcosmetics","https:\/\/www.instagram.com\/yappco"]}]}},"_links":{"self":[{"href":"https:\/\/yappco.bio\/ar\/wp-json\/wp\/v2\/product\/5788"}],"collection":[{"href":"https:\/\/yappco.bio\/ar\/wp-json\/wp\/v2\/product"}],"about":[{"href":"https:\/\/yappco.bio\/ar\/wp-json\/wp\/v2\/types\/product"}],"wp:featuredmedia":[{"embeddable":true,"href":"https:\/\/yappco.bio\/ar\/wp-json\/wp\/v2\/media\/7454"}],"wp:attachment":[{"href":"https:\/\/yappco.bio\/ar\/wp-json\/wp\/v2\/media?parent=5788"}],"wp:term":[{"taxonomy":"product_cat","embeddable":true,"href":"https:\/\/yappco.bio\/ar\/wp-json\/wp\/v2\/product_cat?post=5788"},{"taxonomy":"product_tag","embeddable":true,"href":"https:\/\/yappco.bio\/ar\/wp-json\/wp\/v2\/product_tag?post=5788"}],"curies":[{"name":"wp","href":"https:\/\/api.w.org\/{rel}","templated":true}]}}