{"id":2495,"date":"2020-07-31T13:12:05","date_gmt":"2020-07-31T11:12:05","guid":{"rendered":"https:\/\/yappco.bio\/?post_type=product&#038;p=2495"},"modified":"2024-12-23T12:48:18","modified_gmt":"2024-12-23T11:48:18","slug":"micelarny-zel-do-higieny-intymnej","status":"publish","type":"product","link":"https:\/\/yappco.bio\/ar\/product\/micelarny-zel-do-higieny-intymnej\/","title":{"rendered":"\u062c\u0644 \u0645\u064a\u0633\u064a\u0644\u0627\u0631 \u0644\u0644\u0646\u0638\u0627\u0641\u0629 \u0627\u0644\u0634\u062e\u0635\u064a\u0629"},"content":{"rendered":"<p>\u064a\u0631\u0643\u0632 \u0633\u0627\u0626\u0644 \u0627\u0644\u0646\u0638\u0627\u0641\u0629 \u0627\u0644\u062d\u0645\u064a\u0645\u0629 \u0627\u0644\u0644\u0637\u064a\u0641 \u0639\u0644\u0649 \u062f\u0639\u0645 \u0648\u0625\u0639\u0627\u062f\u0629 \u0628\u0646\u0627\u0621 \u0627\u0644\u0628\u0643\u062a\u064a\u0631\u064a\u0627 \u0627\u0644\u062c\u0631\u062b\u0648\u0645\u064a\u0629 \u0627\u0644\u0637\u0628\u064a\u0639\u064a\u0629 \u0641\u064a \u0627\u0644\u0645\u0646\u0637\u0642\u0629 \u0627\u0644\u062d\u0645\u064a\u0645\u0629. \u064a\u0633\u0627\u0639\u062f \u0627\u0644\u0631\u0642\u0645 \u0627\u0644\u0647\u064a\u062f\u0631\u0648\u062c\u064a\u0646\u064a \u0627\u0644\u062d\u0645\u0636\u064a \u0644\u0644\u0645\u0646\u062a\u062c \u0641\u064a \u0627\u0644\u062d\u0641\u0627\u0638 \u0639\u0644\u0649 \u0627\u0644\u062a\u0648\u0627\u0632\u0646 \u0627\u0644\u0641\u0633\u064a\u0648\u0644\u0648\u062c\u064a \u0644\u0644\u062c\u0644\u062f \u0648\u0627\u0644\u0623\u063a\u0634\u064a\u0629 \u0627\u0644\u0645\u062e\u0627\u0637\u064a\u0629.<\/p>","protected":false},"excerpt":{"rendered":"<p>\u062a\u0631\u0637\u064a\u0628<\/p>","protected":false},"featured_media":7361,"template":"","meta":[],"product_cat":[21],"product_tag":[],"acf":[],"yoast_head":"<!-- This site is optimized with the Yoast SEO plugin v21.8.1 - https:\/\/yoast.com\/wordpress\/plugins\/seo\/ -->\n<title>Micelarny \u017cel do higieny intymnej - wege kosmetyki do piel\u0119gnacji cia\u0142a<\/title>\n<meta name=\"description\" content=\"\u0141agodny p\u0142yn do higieny intymnej skoncentrowany jest na wspieraniu i odbudowie naturalnej mikroflory bakteryjnej okolic intymnych.\" \/>\n<meta name=\"robots\" content=\"index, follow, max-snippet:-1, max-image-preview:large, max-video-preview:-1\" \/>\n<link rel=\"canonical\" href=\"https:\/\/yappco.bio\/ar\/product\/micelarny-zel-do-higieny-intymnej\/\" \/>\n<meta property=\"og:locale\" content=\"ar_AR\" \/>\n<meta property=\"og:type\" content=\"article\" \/>\n<meta property=\"og:title\" content=\"Micelarny \u017cel do higieny intymnej - wege kosmetyki do piel\u0119gnacji cia\u0142a\" \/>\n<meta property=\"og:description\" content=\"\u0141agodny p\u0142yn do higieny intymnej skoncentrowany jest na wspieraniu i odbudowie naturalnej mikroflory bakteryjnej okolic intymnych.\" \/>\n<meta property=\"og:url\" content=\"https:\/\/yappco.bio\/ar\/product\/micelarny-zel-do-higieny-intymnej\/\" \/>\n<meta property=\"og:site_name\" content=\"Naturalna piel\u0119gnacja sk\u00f3ry i w\u0142os\u00f3w na bazie jab\u0142ek\" \/>\n<meta property=\"article:publisher\" content=\"https:\/\/www.facebook.com\/Yappcosmetics\" \/>\n<meta property=\"article:modified_time\" content=\"2024-12-23T11:48:18+00:00\" \/>\n<meta property=\"og:image\" content=\"https:\/\/yappco.bio\/wp-content\/uploads\/2020\/07\/Kartonik_200_intimate_hygiene_Gel-1.png\" \/>\n\t<meta property=\"og:image:width\" content=\"800\" \/>\n\t<meta property=\"og:image:height\" content=\"1600\" \/>\n\t<meta property=\"og:image:type\" content=\"image\/png\" \/>\n<meta name=\"twitter:card\" content=\"summary_large_image\" \/>\n<meta name=\"twitter:label1\" content=\"\u0648\u0642\u062a \u0627\u0644\u0642\u0631\u0627\u0621\u0629 \u0627\u0644\u0645\u064f\u0642\u062f\u0651\u0631\" \/>\n\t<meta name=\"twitter:data1\" content=\"\u062f\u0642\u064a\u0642\u0629 \u0648\u0627\u062d\u062f\u0629\" \/>\n<script type=\"application\/ld+json\" class=\"yoast-schema-graph\">{\"@context\":\"https:\/\/schema.org\",\"@graph\":[{\"@type\":\"WebPage\",\"@id\":\"https:\/\/yappco.bio\/produkt\/micelarny-zel-do-higieny-intymnej\/\",\"url\":\"https:\/\/yappco.bio\/produkt\/micelarny-zel-do-higieny-intymnej\/\",\"name\":\"Micelarny \u017cel do higieny intymnej - wege kosmetyki do piel\u0119gnacji cia\u0142a\",\"isPartOf\":{\"@id\":\"https:\/\/yappco.bio\/#website\"},\"datePublished\":\"2020-07-31T11:12:05+00:00\",\"dateModified\":\"2024-12-23T11:48:18+00:00\",\"description\":\"\u0141agodny p\u0142yn do higieny intymnej skoncentrowany jest na wspieraniu i odbudowie naturalnej mikroflory bakteryjnej okolic intymnych.\",\"breadcrumb\":{\"@id\":\"https:\/\/yappco.bio\/produkt\/micelarny-zel-do-higieny-intymnej\/#breadcrumb\"},\"inLanguage\":\"ar\",\"potentialAction\":[{\"@type\":\"ReadAction\",\"target\":[\"https:\/\/yappco.bio\/produkt\/micelarny-zel-do-higieny-intymnej\/\"]}]},{\"@type\":\"BreadcrumbList\",\"@id\":\"https:\/\/yappco.bio\/produkt\/micelarny-zel-do-higieny-intymnej\/#breadcrumb\",\"itemListElement\":[{\"@type\":\"ListItem\",\"position\":1,\"name\":\"Strona g\u0142\u00f3wna\",\"item\":\"https:\/\/yappco.bio\/\"},{\"@type\":\"ListItem\",\"position\":2,\"name\":\"Sklep\",\"item\":\"https:\/\/yappco.bio\/sklep\/\"},{\"@type\":\"ListItem\",\"position\":3,\"name\":\"Micelarny \u017cel do higieny intymnej\"}]},{\"@type\":\"WebSite\",\"@id\":\"https:\/\/yappco.bio\/#website\",\"url\":\"https:\/\/yappco.bio\/\",\"name\":\"Naturalna piel\u0119gnacja sk\u00f3ry i w\u0142os\u00f3w na bazie jab\u0142ek\",\"description\":\"Jab\u0142ka piel\u0119gnuj\u0105, kwas poliglutaminowy ultra nawil\u017ca.\",\"publisher\":{\"@id\":\"https:\/\/yappco.bio\/#organization\"},\"potentialAction\":[{\"@type\":\"SearchAction\",\"target\":{\"@type\":\"EntryPoint\",\"urlTemplate\":\"https:\/\/yappco.bio\/?s={search_term_string}\"},\"query-input\":\"required name=search_term_string\"}],\"inLanguage\":\"ar\"},{\"@type\":\"Organization\",\"@id\":\"https:\/\/yappco.bio\/#organization\",\"name\":\"Naturalna piel\u0119gnacja sk\u00f3ry i w\u0142os\u00f3w na bazie jab\u0142ek\",\"url\":\"https:\/\/yappco.bio\/\",\"logo\":{\"@type\":\"ImageObject\",\"inLanguage\":\"ar\",\"@id\":\"https:\/\/yappco.bio\/#\/schema\/logo\/image\/\",\"url\":\"https:\/\/yappco.bio\/wp-content\/uploads\/2020\/07\/logo_yappco.png\",\"contentUrl\":\"https:\/\/yappco.bio\/wp-content\/uploads\/2020\/07\/logo_yappco.png\",\"width\":759,\"height\":351,\"caption\":\"Naturalna piel\u0119gnacja sk\u00f3ry i w\u0142os\u00f3w na bazie jab\u0142ek\"},\"image\":{\"@id\":\"https:\/\/yappco.bio\/#\/schema\/logo\/image\/\"},\"sameAs\":[\"https:\/\/www.facebook.com\/Yappcosmetics\",\"https:\/\/www.instagram.com\/yappco\"]}]}<\/script>\n<!-- \/ Yoast SEO plugin. -->","yoast_head_json":{"title":"Micelarny \u017cel do higieny intymnej - wege kosmetyki do piel\u0119gnacji cia\u0142a","description":"\u0141agodny p\u0142yn do higieny intymnej skoncentrowany jest na wspieraniu i odbudowie naturalnej mikroflory bakteryjnej okolic intymnych.","robots":{"index":"index","follow":"follow","max-snippet":"max-snippet:-1","max-image-preview":"max-image-preview:large","max-video-preview":"max-video-preview:-1"},"canonical":"https:\/\/yappco.bio\/ar\/product\/micelarny-zel-do-higieny-intymnej\/","og_locale":"ar_AR","og_type":"article","og_title":"Micelarny \u017cel do higieny intymnej - wege kosmetyki do piel\u0119gnacji cia\u0142a","og_description":"\u0141agodny p\u0142yn do higieny intymnej skoncentrowany jest na wspieraniu i odbudowie naturalnej mikroflory bakteryjnej okolic intymnych.","og_url":"https:\/\/yappco.bio\/ar\/product\/micelarny-zel-do-higieny-intymnej\/","og_site_name":"Naturalna piel\u0119gnacja sk\u00f3ry i w\u0142os\u00f3w na bazie jab\u0142ek","article_publisher":"https:\/\/www.facebook.com\/Yappcosmetics","article_modified_time":"2024-12-23T11:48:18+00:00","og_image":[{"width":800,"height":1600,"url":"https:\/\/yappco.bio\/wp-content\/uploads\/2020\/07\/Kartonik_200_intimate_hygiene_Gel-1.png","type":"image\/png"}],"twitter_card":"summary_large_image","twitter_misc":{"\u0648\u0642\u062a \u0627\u0644\u0642\u0631\u0627\u0621\u0629 \u0627\u0644\u0645\u064f\u0642\u062f\u0651\u0631":"\u062f\u0642\u064a\u0642\u0629 \u0648\u0627\u062d\u062f\u0629"},"schema":{"@context":"https:\/\/schema.org","@graph":[{"@type":"WebPage","@id":"https:\/\/yappco.bio\/produkt\/micelarny-zel-do-higieny-intymnej\/","url":"https:\/\/yappco.bio\/produkt\/micelarny-zel-do-higieny-intymnej\/","name":"Micelarny \u017cel do higieny intymnej - wege kosmetyki do piel\u0119gnacji cia\u0142a","isPartOf":{"@id":"https:\/\/yappco.bio\/#website"},"datePublished":"2020-07-31T11:12:05+00:00","dateModified":"2024-12-23T11:48:18+00:00","description":"\u0141agodny p\u0142yn do higieny intymnej skoncentrowany jest na wspieraniu i odbudowie naturalnej mikroflory bakteryjnej okolic intymnych.","breadcrumb":{"@id":"https:\/\/yappco.bio\/produkt\/micelarny-zel-do-higieny-intymnej\/#breadcrumb"},"inLanguage":"ar","potentialAction":[{"@type":"ReadAction","target":["https:\/\/yappco.bio\/produkt\/micelarny-zel-do-higieny-intymnej\/"]}]},{"@type":"BreadcrumbList","@id":"https:\/\/yappco.bio\/produkt\/micelarny-zel-do-higieny-intymnej\/#breadcrumb","itemListElement":[{"@type":"ListItem","position":1,"name":"Strona g\u0142\u00f3wna","item":"https:\/\/yappco.bio\/"},{"@type":"ListItem","position":2,"name":"Sklep","item":"https:\/\/yappco.bio\/sklep\/"},{"@type":"ListItem","position":3,"name":"Micelarny \u017cel do higieny intymnej"}]},{"@type":"WebSite","@id":"https:\/\/yappco.bio\/#website","url":"https:\/\/yappco.bio\/","name":"Naturalna piel\u0119gnacja sk\u00f3ry i w\u0142os\u00f3w na bazie jab\u0142ek","description":"Jab\u0142ka piel\u0119gnuj\u0105, kwas poliglutaminowy ultra nawil\u017ca.","publisher":{"@id":"https:\/\/yappco.bio\/#organization"},"potentialAction":[{"@type":"SearchAction","target":{"@type":"EntryPoint","urlTemplate":"https:\/\/yappco.bio\/?s={search_term_string}"},"query-input":"required name=search_term_string"}],"inLanguage":"ar"},{"@type":"Organization","@id":"https:\/\/yappco.bio\/#organization","name":"Naturalna piel\u0119gnacja sk\u00f3ry i w\u0142os\u00f3w na bazie jab\u0142ek","url":"https:\/\/yappco.bio\/","logo":{"@type":"ImageObject","inLanguage":"ar","@id":"https:\/\/yappco.bio\/#\/schema\/logo\/image\/","url":"https:\/\/yappco.bio\/wp-content\/uploads\/2020\/07\/logo_yappco.png","contentUrl":"https:\/\/yappco.bio\/wp-content\/uploads\/2020\/07\/logo_yappco.png","width":759,"height":351,"caption":"Naturalna piel\u0119gnacja sk\u00f3ry i w\u0142os\u00f3w na bazie jab\u0142ek"},"image":{"@id":"https:\/\/yappco.bio\/#\/schema\/logo\/image\/"},"sameAs":["https:\/\/www.facebook.com\/Yappcosmetics","https:\/\/www.instagram.com\/yappco"]}]}},"_links":{"self":[{"href":"https:\/\/yappco.bio\/ar\/wp-json\/wp\/v2\/product\/2495"}],"collection":[{"href":"https:\/\/yappco.bio\/ar\/wp-json\/wp\/v2\/product"}],"about":[{"href":"https:\/\/yappco.bio\/ar\/wp-json\/wp\/v2\/types\/product"}],"wp:featuredmedia":[{"embeddable":true,"href":"https:\/\/yappco.bio\/ar\/wp-json\/wp\/v2\/media\/7361"}],"wp:attachment":[{"href":"https:\/\/yappco.bio\/ar\/wp-json\/wp\/v2\/media?parent=2495"}],"wp:term":[{"taxonomy":"product_cat","embeddable":true,"href":"https:\/\/yappco.bio\/ar\/wp-json\/wp\/v2\/product_cat?post=2495"},{"taxonomy":"product_tag","embeddable":true,"href":"https:\/\/yappco.bio\/ar\/wp-json\/wp\/v2\/product_tag?post=2495"}],"curies":[{"name":"wp","href":"https:\/\/api.w.org\/{rel}","templated":true}]}}