{"id":2494,"date":"2020-07-31T12:56:28","date_gmt":"2020-07-31T10:56:28","guid":{"rendered":"https:\/\/yappco.bio\/?post_type=product&#038;p=2494"},"modified":"2025-10-22T14:59:52","modified_gmt":"2025-10-22T12:59:52","slug":"odzywka-regenerujaca-do-wlosow-suchych-zniszczonych","status":"publish","type":"product","link":"https:\/\/yappco.bio\/ar\/product\/odzywka-regenerujaca-do-wlosow-suchych-zniszczonych\/","title":{"rendered":"\u0645\u0643\u064a\u0641"},"content":{"rendered":"<p>Od\u017cywka odnawia struktur\u0119 w\u0142os\u00f3w, usuwa uszkodzenia, domyka \u0142uski, regeneruje ko\u0144c\u00f3wki, wzmacnia cebulki, nawil\u017ca. Przywraca zdrowy i pi\u0119kny wygl\u0105d w\u0142os\u00f3w oraz u\u0142atwia ich rozczesywanie bez obci\u0105\u017cenia.<\/p>","protected":false},"excerpt":{"rendered":"<p>\u064a\u062c\u062f\u062f \u0627\u0644\u0634\u0639\u0631 \u0627\u0644\u062c\u0627\u0641 \u0648\u0627\u0644\u0645\u062a\u0636\u0631\u0631<\/p>","protected":false},"featured_media":7393,"template":"","meta":[],"product_cat":[22],"product_tag":[],"acf":[],"yoast_head":"<!-- This site is optimized with the Yoast SEO plugin v21.8.1 - https:\/\/yoast.com\/wordpress\/plugins\/seo\/ -->\n<title>Od\u017cywka regeneruj\u0105ca - naturalne kosmetyki do piel\u0119gnacji w\u0142os\u00f3w<\/title>\n<meta name=\"description\" content=\"Od\u017cywka odnawia struktur\u0119 w\u0142os\u00f3w, usuwa uszkodzenia, domyka \u0142uski, regeneruje ko\u0144c\u00f3wki, wzmacnia cebulki, nawil\u017ca.\" \/>\n<meta name=\"robots\" content=\"index, follow, max-snippet:-1, max-image-preview:large, max-video-preview:-1\" \/>\n<link rel=\"canonical\" href=\"https:\/\/yappco.bio\/ar\/product\/odzywka-regenerujaca-do-wlosow-suchych-zniszczonych\/\" \/>\n<meta property=\"og:locale\" content=\"ar_AR\" \/>\n<meta property=\"og:type\" content=\"article\" \/>\n<meta property=\"og:title\" content=\"Od\u017cywka regeneruj\u0105ca - naturalne kosmetyki do piel\u0119gnacji w\u0142os\u00f3w\" \/>\n<meta property=\"og:description\" content=\"Od\u017cywka odnawia struktur\u0119 w\u0142os\u00f3w, usuwa uszkodzenia, domyka \u0142uski, regeneruje ko\u0144c\u00f3wki, wzmacnia cebulki, nawil\u017ca.\" \/>\n<meta property=\"og:url\" content=\"https:\/\/yappco.bio\/ar\/product\/odzywka-regenerujaca-do-wlosow-suchych-zniszczonych\/\" \/>\n<meta property=\"og:site_name\" content=\"Naturalna piel\u0119gnacja sk\u00f3ry i w\u0142os\u00f3w na bazie jab\u0142ek\" \/>\n<meta property=\"article:publisher\" content=\"https:\/\/www.facebook.com\/Yappcosmetics\" \/>\n<meta property=\"article:modified_time\" content=\"2025-10-22T12:59:52+00:00\" \/>\n<meta property=\"og:image\" content=\"https:\/\/yappco.bio\/wp-content\/uploads\/2020\/07\/Kartonik_200_Regenerating_Hair_Conditioner-1.png\" \/>\n\t<meta property=\"og:image:width\" content=\"800\" \/>\n\t<meta property=\"og:image:height\" content=\"1600\" \/>\n\t<meta property=\"og:image:type\" content=\"image\/png\" \/>\n<meta name=\"twitter:card\" content=\"summary_large_image\" \/>\n<meta name=\"twitter:label1\" content=\"\u0648\u0642\u062a \u0627\u0644\u0642\u0631\u0627\u0621\u0629 \u0627\u0644\u0645\u064f\u0642\u062f\u0651\u0631\" \/>\n\t<meta name=\"twitter:data1\" content=\"\u062f\u0642\u064a\u0642\u0629 \u0648\u0627\u062d\u062f\u0629\" \/>\n<script type=\"application\/ld+json\" class=\"yoast-schema-graph\">{\"@context\":\"https:\/\/schema.org\",\"@graph\":[{\"@type\":\"WebPage\",\"@id\":\"https:\/\/yappco.bio\/produkt\/odzywka-regenerujaca-do-wlosow-suchych-zniszczonych\/\",\"url\":\"https:\/\/yappco.bio\/produkt\/odzywka-regenerujaca-do-wlosow-suchych-zniszczonych\/\",\"name\":\"Od\u017cywka regeneruj\u0105ca - naturalne kosmetyki do piel\u0119gnacji w\u0142os\u00f3w\",\"isPartOf\":{\"@id\":\"https:\/\/yappco.bio\/#website\"},\"datePublished\":\"2020-07-31T10:56:28+00:00\",\"dateModified\":\"2025-10-22T12:59:52+00:00\",\"description\":\"Od\u017cywka odnawia struktur\u0119 w\u0142os\u00f3w, usuwa uszkodzenia, domyka \u0142uski, regeneruje ko\u0144c\u00f3wki, wzmacnia cebulki, nawil\u017ca.\",\"breadcrumb\":{\"@id\":\"https:\/\/yappco.bio\/produkt\/odzywka-regenerujaca-do-wlosow-suchych-zniszczonych\/#breadcrumb\"},\"inLanguage\":\"ar\",\"potentialAction\":[{\"@type\":\"ReadAction\",\"target\":[\"https:\/\/yappco.bio\/produkt\/odzywka-regenerujaca-do-wlosow-suchych-zniszczonych\/\"]}]},{\"@type\":\"BreadcrumbList\",\"@id\":\"https:\/\/yappco.bio\/produkt\/odzywka-regenerujaca-do-wlosow-suchych-zniszczonych\/#breadcrumb\",\"itemListElement\":[{\"@type\":\"ListItem\",\"position\":1,\"name\":\"Strona g\u0142\u00f3wna\",\"item\":\"https:\/\/yappco.bio\/\"},{\"@type\":\"ListItem\",\"position\":2,\"name\":\"Sklep\",\"item\":\"https:\/\/yappco.bio\/sklep\/\"},{\"@type\":\"ListItem\",\"position\":3,\"name\":\"Od\u017cywka\"}]},{\"@type\":\"WebSite\",\"@id\":\"https:\/\/yappco.bio\/#website\",\"url\":\"https:\/\/yappco.bio\/\",\"name\":\"Naturalna piel\u0119gnacja sk\u00f3ry i w\u0142os\u00f3w na bazie jab\u0142ek\",\"description\":\"Jab\u0142ka piel\u0119gnuj\u0105, kwas poliglutaminowy ultra nawil\u017ca.\",\"publisher\":{\"@id\":\"https:\/\/yappco.bio\/#organization\"},\"potentialAction\":[{\"@type\":\"SearchAction\",\"target\":{\"@type\":\"EntryPoint\",\"urlTemplate\":\"https:\/\/yappco.bio\/?s={search_term_string}\"},\"query-input\":\"required name=search_term_string\"}],\"inLanguage\":\"ar\"},{\"@type\":\"Organization\",\"@id\":\"https:\/\/yappco.bio\/#organization\",\"name\":\"Naturalna piel\u0119gnacja sk\u00f3ry i w\u0142os\u00f3w na bazie jab\u0142ek\",\"url\":\"https:\/\/yappco.bio\/\",\"logo\":{\"@type\":\"ImageObject\",\"inLanguage\":\"ar\",\"@id\":\"https:\/\/yappco.bio\/#\/schema\/logo\/image\/\",\"url\":\"https:\/\/yappco.bio\/wp-content\/uploads\/2020\/07\/logo_yappco.png\",\"contentUrl\":\"https:\/\/yappco.bio\/wp-content\/uploads\/2020\/07\/logo_yappco.png\",\"width\":759,\"height\":351,\"caption\":\"Naturalna piel\u0119gnacja sk\u00f3ry i w\u0142os\u00f3w na bazie jab\u0142ek\"},\"image\":{\"@id\":\"https:\/\/yappco.bio\/#\/schema\/logo\/image\/\"},\"sameAs\":[\"https:\/\/www.facebook.com\/Yappcosmetics\",\"https:\/\/www.instagram.com\/yappco\"]}]}<\/script>\n<!-- \/ Yoast SEO plugin. -->","yoast_head_json":{"title":"Od\u017cywka regeneruj\u0105ca - naturalne kosmetyki do piel\u0119gnacji w\u0142os\u00f3w","description":"Od\u017cywka odnawia struktur\u0119 w\u0142os\u00f3w, usuwa uszkodzenia, domyka \u0142uski, regeneruje ko\u0144c\u00f3wki, wzmacnia cebulki, nawil\u017ca.","robots":{"index":"index","follow":"follow","max-snippet":"max-snippet:-1","max-image-preview":"max-image-preview:large","max-video-preview":"max-video-preview:-1"},"canonical":"https:\/\/yappco.bio\/ar\/product\/odzywka-regenerujaca-do-wlosow-suchych-zniszczonych\/","og_locale":"ar_AR","og_type":"article","og_title":"Od\u017cywka regeneruj\u0105ca - naturalne kosmetyki do piel\u0119gnacji w\u0142os\u00f3w","og_description":"Od\u017cywka odnawia struktur\u0119 w\u0142os\u00f3w, usuwa uszkodzenia, domyka \u0142uski, regeneruje ko\u0144c\u00f3wki, wzmacnia cebulki, nawil\u017ca.","og_url":"https:\/\/yappco.bio\/ar\/product\/odzywka-regenerujaca-do-wlosow-suchych-zniszczonych\/","og_site_name":"Naturalna piel\u0119gnacja sk\u00f3ry i w\u0142os\u00f3w na bazie jab\u0142ek","article_publisher":"https:\/\/www.facebook.com\/Yappcosmetics","article_modified_time":"2025-10-22T12:59:52+00:00","og_image":[{"width":800,"height":1600,"url":"https:\/\/yappco.bio\/wp-content\/uploads\/2020\/07\/Kartonik_200_Regenerating_Hair_Conditioner-1.png","type":"image\/png"}],"twitter_card":"summary_large_image","twitter_misc":{"\u0648\u0642\u062a \u0627\u0644\u0642\u0631\u0627\u0621\u0629 \u0627\u0644\u0645\u064f\u0642\u062f\u0651\u0631":"\u062f\u0642\u064a\u0642\u0629 \u0648\u0627\u062d\u062f\u0629"},"schema":{"@context":"https:\/\/schema.org","@graph":[{"@type":"WebPage","@id":"https:\/\/yappco.bio\/produkt\/odzywka-regenerujaca-do-wlosow-suchych-zniszczonych\/","url":"https:\/\/yappco.bio\/produkt\/odzywka-regenerujaca-do-wlosow-suchych-zniszczonych\/","name":"Od\u017cywka regeneruj\u0105ca - naturalne kosmetyki do piel\u0119gnacji w\u0142os\u00f3w","isPartOf":{"@id":"https:\/\/yappco.bio\/#website"},"datePublished":"2020-07-31T10:56:28+00:00","dateModified":"2025-10-22T12:59:52+00:00","description":"Od\u017cywka odnawia struktur\u0119 w\u0142os\u00f3w, usuwa uszkodzenia, domyka \u0142uski, regeneruje ko\u0144c\u00f3wki, wzmacnia cebulki, nawil\u017ca.","breadcrumb":{"@id":"https:\/\/yappco.bio\/produkt\/odzywka-regenerujaca-do-wlosow-suchych-zniszczonych\/#breadcrumb"},"inLanguage":"ar","potentialAction":[{"@type":"ReadAction","target":["https:\/\/yappco.bio\/produkt\/odzywka-regenerujaca-do-wlosow-suchych-zniszczonych\/"]}]},{"@type":"BreadcrumbList","@id":"https:\/\/yappco.bio\/produkt\/odzywka-regenerujaca-do-wlosow-suchych-zniszczonych\/#breadcrumb","itemListElement":[{"@type":"ListItem","position":1,"name":"Strona g\u0142\u00f3wna","item":"https:\/\/yappco.bio\/"},{"@type":"ListItem","position":2,"name":"Sklep","item":"https:\/\/yappco.bio\/sklep\/"},{"@type":"ListItem","position":3,"name":"Od\u017cywka"}]},{"@type":"WebSite","@id":"https:\/\/yappco.bio\/#website","url":"https:\/\/yappco.bio\/","name":"Naturalna piel\u0119gnacja sk\u00f3ry i w\u0142os\u00f3w na bazie jab\u0142ek","description":"Jab\u0142ka piel\u0119gnuj\u0105, kwas poliglutaminowy ultra nawil\u017ca.","publisher":{"@id":"https:\/\/yappco.bio\/#organization"},"potentialAction":[{"@type":"SearchAction","target":{"@type":"EntryPoint","urlTemplate":"https:\/\/yappco.bio\/?s={search_term_string}"},"query-input":"required name=search_term_string"}],"inLanguage":"ar"},{"@type":"Organization","@id":"https:\/\/yappco.bio\/#organization","name":"Naturalna piel\u0119gnacja sk\u00f3ry i w\u0142os\u00f3w na bazie jab\u0142ek","url":"https:\/\/yappco.bio\/","logo":{"@type":"ImageObject","inLanguage":"ar","@id":"https:\/\/yappco.bio\/#\/schema\/logo\/image\/","url":"https:\/\/yappco.bio\/wp-content\/uploads\/2020\/07\/logo_yappco.png","contentUrl":"https:\/\/yappco.bio\/wp-content\/uploads\/2020\/07\/logo_yappco.png","width":759,"height":351,"caption":"Naturalna piel\u0119gnacja sk\u00f3ry i w\u0142os\u00f3w na bazie jab\u0142ek"},"image":{"@id":"https:\/\/yappco.bio\/#\/schema\/logo\/image\/"},"sameAs":["https:\/\/www.facebook.com\/Yappcosmetics","https:\/\/www.instagram.com\/yappco"]}]}},"_links":{"self":[{"href":"https:\/\/yappco.bio\/ar\/wp-json\/wp\/v2\/product\/2494"}],"collection":[{"href":"https:\/\/yappco.bio\/ar\/wp-json\/wp\/v2\/product"}],"about":[{"href":"https:\/\/yappco.bio\/ar\/wp-json\/wp\/v2\/types\/product"}],"wp:featuredmedia":[{"embeddable":true,"href":"https:\/\/yappco.bio\/ar\/wp-json\/wp\/v2\/media\/7393"}],"wp:attachment":[{"href":"https:\/\/yappco.bio\/ar\/wp-json\/wp\/v2\/media?parent=2494"}],"wp:term":[{"taxonomy":"product_cat","embeddable":true,"href":"https:\/\/yappco.bio\/ar\/wp-json\/wp\/v2\/product_cat?post=2494"},{"taxonomy":"product_tag","embeddable":true,"href":"https:\/\/yappco.bio\/ar\/wp-json\/wp\/v2\/product_tag?post=2494"}],"curies":[{"name":"wp","href":"https:\/\/api.w.org\/{rel}","templated":true}]}}