{"id":2492,"date":"2020-07-31T12:45:53","date_gmt":"2020-07-31T10:45:53","guid":{"rendered":"https:\/\/yappco.bio\/?post_type=product&#038;p=2492"},"modified":"2024-12-23T12:48:54","modified_gmt":"2024-12-23T11:48:54","slug":"odzywczy-szampon-micelarny","status":"publish","type":"product","link":"https:\/\/yappco.bio\/ar\/product\/odzywczy-szampon-micelarny\/","title":{"rendered":"\u0634\u0627\u0645\u0628\u0648 \u0645\u064a\u0633\u064a\u0644\u0627\u0631"},"content":{"rendered":"<p>\u0634\u0627\u0645\u0628\u0648 \u0644\u0644\u063a\u0633\u064a\u0644 \u0627\u0644\u064a\u0648\u0645\u064a \u0648\u0627\u0644\u0639\u0646\u0627\u064a\u0629 \u0628\u0627\u0644\u0634\u0639\u0631 \u0648\u0641\u0631\u0648\u0629 \u0627\u0644\u0631\u0623\u0633. \u064a\u0632\u064a\u062f \u0645\u0646 \u0643\u062b\u0627\u0641\u0629 \u0627\u0644\u0634\u0639\u0631 \u0648\u064a\u0642\u0648\u064a \u0648\u064a\u063a\u0630\u064a \u0628\u0634\u0643\u0644 \u0641\u0639\u0627\u0644 \u0645\u0639 \u0627\u0644\u0628\u0635\u064a\u0644\u0627\u062a. \u064a\u0639\u0637\u064a \u0646\u0638\u0631\u0629 \u0635\u062d\u064a\u0629. \u0644\u062a\u0639\u0632\u064a\u0632 \u0627\u0644\u062a\u0623\u062b\u064a\u0631 \u060c \u0646\u0642\u062a\u0631\u062d \u0627\u0633\u062a\u062e\u062f\u0627\u0645 \u0645\u0643\u064a\u0641 \u0627\u0644\u0634\u0639\u0631 Yappco. \u0628\u0641\u0636\u0644 \u0627\u0644\u062a\u0631\u0643\u064a\u0628 \u0627\u0644\u0645\u0646\u0627\u0633\u0628 \u0644\u0644\u0645\u0643\u0648\u0646\u0627\u062a \u060c \u064a\u062a\u0645 \u0627\u0644\u062d\u0641\u0627\u0638 \u0639\u0644\u0649 \u0637\u0628\u0642\u0629 \u0627\u0644\u062d\u0645\u0627\u064a\u0629 \u0627\u0644\u0637\u0628\u064a\u0639\u064a\u0629 \u0644\u0644\u0628\u0634\u0631\u0629 \u0648\u0627\u0644\u0634\u0639\u0631.<\/p>","protected":false},"excerpt":{"rendered":"<p>\u0645\u063a\u0630\u064a \u0644\u0644\u0634\u0639\u0631 \u0627\u0644\u0639\u0627\u062f\u064a \u0648\u0627\u0644\u0631\u0642\u064a\u0642<\/p>","protected":false},"featured_media":7442,"template":"","meta":[],"product_cat":[22],"product_tag":[],"acf":[],"yoast_head":"<!-- This site is optimized with the Yoast SEO plugin v21.8.1 - https:\/\/yoast.com\/wordpress\/plugins\/seo\/ -->\n<title>Od\u017cywczy szampon micelarny - eko kosmetyki do piel\u0119gnacji w\u0142os\u00f3w<\/title>\n<meta name=\"description\" content=\"Szampon do codziennego mycia i piel\u0119gnacji w\u0142os\u00f3w i sk\u00f3ry g\u0142owy. Efektywnie zwi\u0119ksza obj\u0119to\u015b\u0107, wzmacnia i od\u017cywia w\u0142osy wraz z cebulkami.\" \/>\n<meta name=\"robots\" content=\"index, follow, max-snippet:-1, max-image-preview:large, max-video-preview:-1\" \/>\n<link rel=\"canonical\" href=\"https:\/\/yappco.bio\/ar\/product\/odzywczy-szampon-micelarny\/\" \/>\n<meta property=\"og:locale\" content=\"ar_AR\" \/>\n<meta property=\"og:type\" content=\"article\" \/>\n<meta property=\"og:title\" content=\"Od\u017cywczy szampon micelarny - eko kosmetyki do piel\u0119gnacji w\u0142os\u00f3w\" \/>\n<meta property=\"og:description\" content=\"Szampon do codziennego mycia i piel\u0119gnacji w\u0142os\u00f3w i sk\u00f3ry g\u0142owy. Efektywnie zwi\u0119ksza obj\u0119to\u015b\u0107, wzmacnia i od\u017cywia w\u0142osy wraz z cebulkami.\" \/>\n<meta property=\"og:url\" content=\"https:\/\/yappco.bio\/ar\/product\/odzywczy-szampon-micelarny\/\" \/>\n<meta property=\"og:site_name\" content=\"Naturalna piel\u0119gnacja sk\u00f3ry i w\u0142os\u00f3w na bazie jab\u0142ek\" \/>\n<meta property=\"article:publisher\" content=\"https:\/\/www.facebook.com\/Yappcosmetics\" \/>\n<meta property=\"article:modified_time\" content=\"2024-12-23T11:48:54+00:00\" \/>\n<meta property=\"og:image\" content=\"https:\/\/yappco.bio\/wp-content\/uploads\/2020\/07\/Kartonik_200_Nourishing_Micellar_Shampoo-2.png\" \/>\n\t<meta property=\"og:image:width\" content=\"800\" \/>\n\t<meta property=\"og:image:height\" content=\"1600\" \/>\n\t<meta property=\"og:image:type\" content=\"image\/png\" \/>\n<meta name=\"twitter:card\" content=\"summary_large_image\" \/>\n<meta name=\"twitter:label1\" content=\"\u0648\u0642\u062a \u0627\u0644\u0642\u0631\u0627\u0621\u0629 \u0627\u0644\u0645\u064f\u0642\u062f\u0651\u0631\" \/>\n\t<meta name=\"twitter:data1\" content=\"\u062f\u0642\u064a\u0642\u0629 \u0648\u0627\u062d\u062f\u0629\" \/>\n<script type=\"application\/ld+json\" class=\"yoast-schema-graph\">{\"@context\":\"https:\/\/schema.org\",\"@graph\":[{\"@type\":\"WebPage\",\"@id\":\"https:\/\/yappco.bio\/produkt\/odzywczy-szampon-micelarny\/\",\"url\":\"https:\/\/yappco.bio\/produkt\/odzywczy-szampon-micelarny\/\",\"name\":\"Od\u017cywczy szampon micelarny - eko kosmetyki do piel\u0119gnacji w\u0142os\u00f3w\",\"isPartOf\":{\"@id\":\"https:\/\/yappco.bio\/#website\"},\"datePublished\":\"2020-07-31T10:45:53+00:00\",\"dateModified\":\"2024-12-23T11:48:54+00:00\",\"description\":\"Szampon do codziennego mycia i piel\u0119gnacji w\u0142os\u00f3w i sk\u00f3ry g\u0142owy. Efektywnie zwi\u0119ksza obj\u0119to\u015b\u0107, wzmacnia i od\u017cywia w\u0142osy wraz z cebulkami.\",\"breadcrumb\":{\"@id\":\"https:\/\/yappco.bio\/produkt\/odzywczy-szampon-micelarny\/#breadcrumb\"},\"inLanguage\":\"ar\",\"potentialAction\":[{\"@type\":\"ReadAction\",\"target\":[\"https:\/\/yappco.bio\/produkt\/odzywczy-szampon-micelarny\/\"]}]},{\"@type\":\"BreadcrumbList\",\"@id\":\"https:\/\/yappco.bio\/produkt\/odzywczy-szampon-micelarny\/#breadcrumb\",\"itemListElement\":[{\"@type\":\"ListItem\",\"position\":1,\"name\":\"Strona g\u0142\u00f3wna\",\"item\":\"https:\/\/yappco.bio\/\"},{\"@type\":\"ListItem\",\"position\":2,\"name\":\"Sklep\",\"item\":\"https:\/\/yappco.bio\/sklep\/\"},{\"@type\":\"ListItem\",\"position\":3,\"name\":\"Szampon micelarny\"}]},{\"@type\":\"WebSite\",\"@id\":\"https:\/\/yappco.bio\/#website\",\"url\":\"https:\/\/yappco.bio\/\",\"name\":\"Naturalna piel\u0119gnacja sk\u00f3ry i w\u0142os\u00f3w na bazie jab\u0142ek\",\"description\":\"Jab\u0142ka piel\u0119gnuj\u0105, kwas poliglutaminowy ultra nawil\u017ca.\",\"publisher\":{\"@id\":\"https:\/\/yappco.bio\/#organization\"},\"potentialAction\":[{\"@type\":\"SearchAction\",\"target\":{\"@type\":\"EntryPoint\",\"urlTemplate\":\"https:\/\/yappco.bio\/?s={search_term_string}\"},\"query-input\":\"required name=search_term_string\"}],\"inLanguage\":\"ar\"},{\"@type\":\"Organization\",\"@id\":\"https:\/\/yappco.bio\/#organization\",\"name\":\"Naturalna piel\u0119gnacja sk\u00f3ry i w\u0142os\u00f3w na bazie jab\u0142ek\",\"url\":\"https:\/\/yappco.bio\/\",\"logo\":{\"@type\":\"ImageObject\",\"inLanguage\":\"ar\",\"@id\":\"https:\/\/yappco.bio\/#\/schema\/logo\/image\/\",\"url\":\"https:\/\/yappco.bio\/wp-content\/uploads\/2020\/07\/logo_yappco.png\",\"contentUrl\":\"https:\/\/yappco.bio\/wp-content\/uploads\/2020\/07\/logo_yappco.png\",\"width\":759,\"height\":351,\"caption\":\"Naturalna piel\u0119gnacja sk\u00f3ry i w\u0142os\u00f3w na bazie jab\u0142ek\"},\"image\":{\"@id\":\"https:\/\/yappco.bio\/#\/schema\/logo\/image\/\"},\"sameAs\":[\"https:\/\/www.facebook.com\/Yappcosmetics\",\"https:\/\/www.instagram.com\/yappco\"]}]}<\/script>\n<!-- \/ Yoast SEO plugin. -->","yoast_head_json":{"title":"Od\u017cywczy szampon micelarny - eko kosmetyki do piel\u0119gnacji w\u0142os\u00f3w","description":"Szampon do codziennego mycia i piel\u0119gnacji w\u0142os\u00f3w i sk\u00f3ry g\u0142owy. Efektywnie zwi\u0119ksza obj\u0119to\u015b\u0107, wzmacnia i od\u017cywia w\u0142osy wraz z cebulkami.","robots":{"index":"index","follow":"follow","max-snippet":"max-snippet:-1","max-image-preview":"max-image-preview:large","max-video-preview":"max-video-preview:-1"},"canonical":"https:\/\/yappco.bio\/ar\/product\/odzywczy-szampon-micelarny\/","og_locale":"ar_AR","og_type":"article","og_title":"Od\u017cywczy szampon micelarny - eko kosmetyki do piel\u0119gnacji w\u0142os\u00f3w","og_description":"Szampon do codziennego mycia i piel\u0119gnacji w\u0142os\u00f3w i sk\u00f3ry g\u0142owy. Efektywnie zwi\u0119ksza obj\u0119to\u015b\u0107, wzmacnia i od\u017cywia w\u0142osy wraz z cebulkami.","og_url":"https:\/\/yappco.bio\/ar\/product\/odzywczy-szampon-micelarny\/","og_site_name":"Naturalna piel\u0119gnacja sk\u00f3ry i w\u0142os\u00f3w na bazie jab\u0142ek","article_publisher":"https:\/\/www.facebook.com\/Yappcosmetics","article_modified_time":"2024-12-23T11:48:54+00:00","og_image":[{"width":800,"height":1600,"url":"https:\/\/yappco.bio\/wp-content\/uploads\/2020\/07\/Kartonik_200_Nourishing_Micellar_Shampoo-2.png","type":"image\/png"}],"twitter_card":"summary_large_image","twitter_misc":{"\u0648\u0642\u062a \u0627\u0644\u0642\u0631\u0627\u0621\u0629 \u0627\u0644\u0645\u064f\u0642\u062f\u0651\u0631":"\u062f\u0642\u064a\u0642\u0629 \u0648\u0627\u062d\u062f\u0629"},"schema":{"@context":"https:\/\/schema.org","@graph":[{"@type":"WebPage","@id":"https:\/\/yappco.bio\/produkt\/odzywczy-szampon-micelarny\/","url":"https:\/\/yappco.bio\/produkt\/odzywczy-szampon-micelarny\/","name":"Od\u017cywczy szampon micelarny - eko kosmetyki do piel\u0119gnacji w\u0142os\u00f3w","isPartOf":{"@id":"https:\/\/yappco.bio\/#website"},"datePublished":"2020-07-31T10:45:53+00:00","dateModified":"2024-12-23T11:48:54+00:00","description":"Szampon do codziennego mycia i piel\u0119gnacji w\u0142os\u00f3w i sk\u00f3ry g\u0142owy. Efektywnie zwi\u0119ksza obj\u0119to\u015b\u0107, wzmacnia i od\u017cywia w\u0142osy wraz z cebulkami.","breadcrumb":{"@id":"https:\/\/yappco.bio\/produkt\/odzywczy-szampon-micelarny\/#breadcrumb"},"inLanguage":"ar","potentialAction":[{"@type":"ReadAction","target":["https:\/\/yappco.bio\/produkt\/odzywczy-szampon-micelarny\/"]}]},{"@type":"BreadcrumbList","@id":"https:\/\/yappco.bio\/produkt\/odzywczy-szampon-micelarny\/#breadcrumb","itemListElement":[{"@type":"ListItem","position":1,"name":"Strona g\u0142\u00f3wna","item":"https:\/\/yappco.bio\/"},{"@type":"ListItem","position":2,"name":"Sklep","item":"https:\/\/yappco.bio\/sklep\/"},{"@type":"ListItem","position":3,"name":"Szampon micelarny"}]},{"@type":"WebSite","@id":"https:\/\/yappco.bio\/#website","url":"https:\/\/yappco.bio\/","name":"Naturalna piel\u0119gnacja sk\u00f3ry i w\u0142os\u00f3w na bazie jab\u0142ek","description":"Jab\u0142ka piel\u0119gnuj\u0105, kwas poliglutaminowy ultra nawil\u017ca.","publisher":{"@id":"https:\/\/yappco.bio\/#organization"},"potentialAction":[{"@type":"SearchAction","target":{"@type":"EntryPoint","urlTemplate":"https:\/\/yappco.bio\/?s={search_term_string}"},"query-input":"required name=search_term_string"}],"inLanguage":"ar"},{"@type":"Organization","@id":"https:\/\/yappco.bio\/#organization","name":"Naturalna piel\u0119gnacja sk\u00f3ry i w\u0142os\u00f3w na bazie jab\u0142ek","url":"https:\/\/yappco.bio\/","logo":{"@type":"ImageObject","inLanguage":"ar","@id":"https:\/\/yappco.bio\/#\/schema\/logo\/image\/","url":"https:\/\/yappco.bio\/wp-content\/uploads\/2020\/07\/logo_yappco.png","contentUrl":"https:\/\/yappco.bio\/wp-content\/uploads\/2020\/07\/logo_yappco.png","width":759,"height":351,"caption":"Naturalna piel\u0119gnacja sk\u00f3ry i w\u0142os\u00f3w na bazie jab\u0142ek"},"image":{"@id":"https:\/\/yappco.bio\/#\/schema\/logo\/image\/"},"sameAs":["https:\/\/www.facebook.com\/Yappcosmetics","https:\/\/www.instagram.com\/yappco"]}]}},"_links":{"self":[{"href":"https:\/\/yappco.bio\/ar\/wp-json\/wp\/v2\/product\/2492"}],"collection":[{"href":"https:\/\/yappco.bio\/ar\/wp-json\/wp\/v2\/product"}],"about":[{"href":"https:\/\/yappco.bio\/ar\/wp-json\/wp\/v2\/types\/product"}],"wp:featuredmedia":[{"embeddable":true,"href":"https:\/\/yappco.bio\/ar\/wp-json\/wp\/v2\/media\/7442"}],"wp:attachment":[{"href":"https:\/\/yappco.bio\/ar\/wp-json\/wp\/v2\/media?parent=2492"}],"wp:term":[{"taxonomy":"product_cat","embeddable":true,"href":"https:\/\/yappco.bio\/ar\/wp-json\/wp\/v2\/product_cat?post=2492"},{"taxonomy":"product_tag","embeddable":true,"href":"https:\/\/yappco.bio\/ar\/wp-json\/wp\/v2\/product_tag?post=2492"}],"curies":[{"name":"wp","href":"https:\/\/api.w.org\/{rel}","templated":true}]}}