{"id":74,"date":"2020-06-19T15:12:08","date_gmt":"2020-06-19T13:12:08","guid":{"rendered":"https:\/\/yappcov2.twojprogramista.pl\/?page_id=74"},"modified":"2020-10-14T10:02:41","modified_gmt":"2020-10-14T08:02:41","slug":"platnosc","status":"publish","type":"page","link":"https:\/\/yappco.bio\/ar\/platnosc\/","title":{"rendered":"\u062f\u0641\u0639"},"content":{"rendered":"<div data-elementor-type=\"wp-page\" data-elementor-id=\"74\" class=\"elementor elementor-74\">\n\t\t\t\t\t\t<div class=\"elementor-inner\">\n\t\t\t\t<div class=\"elementor-section-wrap\">\n\t\t\t\t\t\t\t\t\t<section class=\"elementor-section elementor-top-section elementor-element elementor-element-f4af8e5 elementor-section-boxed elementor-section-height-default elementor-section-height-default\" data-id=\"f4af8e5\" data-element_type=\"section\">\n\t\t\t\t\t\t<div class=\"elementor-container elementor-column-gap-default\">\n\t\t\t\t\t\t\t<div class=\"elementor-row\">\n\t\t\t\t\t<div class=\"elementor-column elementor-col-100 elementor-top-column elementor-element elementor-element-bb20491\" data-id=\"bb20491\" data-element_type=\"column\">\n\t\t\t<div class=\"elementor-column-wrap elementor-element-populated\">\n\t\t\t\t\t\t\t<div class=\"elementor-widget-wrap\">\n\t\t\t\t\t\t<div class=\"elementor-element elementor-element-19e5d6c elementor-widget elementor-widget-text-editor\" data-id=\"19e5d6c\" data-element_type=\"widget\" data-widget_type=\"text-editor.default\">\n\t\t\t\t<div class=\"elementor-widget-container\">\n\t\t\t\t\t\t\t\t<div class=\"elementor-text-editor elementor-clearfix\">\n\t\t\t\t<p><strong>P\u0141ATNO\u015a\u0106<\/strong><\/p><p>Rodzaje i sposoby p\u0142atno\u015bci<\/p><p>Przy sk\u0142adaniu Zam\u00f3wienia masz do wyboru dwie opcje dokonania p\u0142atno\u015bci:<\/p><ul><li>P\u0142atno\u015b\u0107 przy odbiorze (wy\u0142\u0105cznie got\u00f3wk\u0105) &#8211; mo\u017cliwa w przypadku dostarczenia przez Kuriera.<\/li><\/ul><p>Przy wysy\u0142ce za pobraniem koszty Zam\u00f3wienia wraz z kosztami dostawy przekazujesz Kurierowi przy odbiorze przesy\u0142ki. Jedyn\u0105 mo\u017cliw\u0105 form\u0105 p\u0142atno\u015bci jest w tym przypadku got\u00f3wka. Przy odbiorze Zam\u00f3wienia musisz mie\u0107 przygotowan\u0105 dok\u0142adn\u0105 sum\u0119, jak\u0105 masz na rachunku (\u0142\u0105czny koszt produkt\u00f3w i dostaw). Kurier mo\u017ce nie mie\u0107 mo\u017cliwo\u015bci wydania reszty.<\/p><ul><li>P\u0142atno\u015b\u0107 z g\u00f3ry na konto &#8211; mo\u017cliwa w przypadku dostarczenia przez Kuriera oraz odbioru w paczkomacie InPost. Wybieraj\u0105c odbi\u00f3r osobisty w sklepie mo\u017cesz zap\u0142aci\u0107 tylko przelewem online poprzez serwis przelewy24.pl. Ta forma p\u0142atno\u015bci wymaga skorzystania ze strony us\u0142ugodawcy zewn\u0119trznego. Serwis przelewy.24 umo\u017cliwia przelanie \u015brodk\u00f3w na nasze konto w kilka minut. Przy wyborze tej formy p\u0142atno\u015bci nale\u017cy jej dokona\u0107 w ci\u0105gu 1 godziny od chwili przekierowania Ci\u0119 do strony, z kt\u00f3rej mo\u017cesz dokona\u0107 p\u0142atno\u015bci. Pami\u0119taj \u2013 brak wp\u0142aty we wskazanym wy\u017cej terminie od otrzymania linku, powoduje automatyczne anulowanie Zam\u00f3wienia. Za dat\u0119 zap\u0142aty uznaje si\u0119 moment uznania rachunku bankowego Sprzedawcy ca\u0142\u0105 kwot\u0105 przypadaj\u0105c\u0105 do zap\u0142aty.<\/li><\/ul><p>Wystawianie faktury VAT<\/p><p>Chc\u0105c otrzyma\u0107 faktur\u0119 VAT, zaznacz t\u0119 opcj\u0119 przy sk\u0142adaniu Zam\u00f3wienia. Faktura zostanie do\u0142\u0105czona do Twojego Zam\u00f3wienia.<\/p><p>Zwrot p\u0142atno\u015bci<\/p><p>Zwrotu p\u0142atno\u015bci, w przypadku odst\u0105pienia od umowy, dokonujemy w ten sam spos\u00f3b, w jaki p\u0142atno\u015b\u0107 zosta\u0142a przez Ciebie dokonana. Chc\u0105c otrzyma\u0107 j\u0105 w innej formie, powiadom nas o tym.<\/p><p>\u00a0<\/p>\t\t\t\t\t<\/div>\n\t\t\t\t\t\t<\/div>\n\t\t\t\t<\/div>\n\t\t\t\t\t\t<\/div>\n\t\t\t\t\t<\/div>\n\t\t<\/div>\n\t\t\t\t\t\t\t\t<\/div>\n\t\t\t\t\t<\/div>\n\t\t<\/section>\n\t\t\t\t\t\t\t\t\t<\/div>\n\t\t\t<\/div>\n\t\t\t\t\t<\/div>","protected":false},"excerpt":{"rendered":"<p>P\u0141ATNO\u015a\u0106 Rodzaje i sposoby p\u0142atno\u015bci Przy sk\u0142adaniu Zam\u00f3wienia masz do wyboru dwie opcje dokonania p\u0142atno\u015bci: P\u0142atno\u015b\u0107 przy odbiorze (wy\u0142\u0105cznie got\u00f3wk\u0105) &#8211; mo\u017cliwa w przypadku dostarczenia przez Kuriera. Przy wysy\u0142ce za pobraniem koszty Zam\u00f3wienia wraz z kosztami dostawy przekazujesz Kurierowi przy odbiorze przesy\u0142ki. Jedyn\u0105 mo\u017cliw\u0105 form\u0105 p\u0142atno\u015bci jest w tym przypadku got\u00f3wka. Przy odbiorze Zam\u00f3wienia musisz [&hellip;]<\/p>","protected":false},"author":197,"featured_media":0,"parent":0,"menu_order":0,"comment_status":"closed","ping_status":"closed","template":"elementor_header_footer","meta":{"footnotes":""},"acf":[],"yoast_head":"<!-- This site is optimized with the Yoast SEO plugin v21.8.1 - https:\/\/yoast.com\/wordpress\/plugins\/seo\/ -->\n<title>Naturalna piel\u0119gnacja sk\u00f3ry i w\u0142os\u00f3w na bazie jab\u0142ek<\/title>\n<meta name=\"robots\" content=\"index, follow, max-snippet:-1, max-image-preview:large, max-video-preview:-1\" \/>\n<link rel=\"canonical\" href=\"https:\/\/yappco.bio\/ar\/platnosc\/\" \/>\n<meta property=\"og:locale\" content=\"ar_AR\" \/>\n<meta property=\"og:type\" content=\"article\" \/>\n<meta property=\"og:title\" content=\"Naturalna piel\u0119gnacja sk\u00f3ry i w\u0142os\u00f3w na bazie jab\u0142ek\" \/>\n<meta property=\"og:description\" content=\"P\u0141ATNO\u015a\u0106 Rodzaje i sposoby p\u0142atno\u015bci Przy sk\u0142adaniu Zam\u00f3wienia masz do wyboru dwie opcje dokonania p\u0142atno\u015bci: P\u0142atno\u015b\u0107 przy odbiorze (wy\u0142\u0105cznie got\u00f3wk\u0105) &#8211; mo\u017cliwa w przypadku dostarczenia przez Kuriera. Przy wysy\u0142ce za pobraniem koszty Zam\u00f3wienia wraz z kosztami dostawy przekazujesz Kurierowi przy odbiorze przesy\u0142ki. Jedyn\u0105 mo\u017cliw\u0105 form\u0105 p\u0142atno\u015bci jest w tym przypadku got\u00f3wka. Przy odbiorze Zam\u00f3wienia musisz [&hellip;]\" \/>\n<meta property=\"og:url\" content=\"https:\/\/yappco.bio\/ar\/platnosc\/\" \/>\n<meta property=\"og:site_name\" content=\"Naturalna piel\u0119gnacja sk\u00f3ry i w\u0142os\u00f3w na bazie jab\u0142ek\" \/>\n<meta property=\"article:publisher\" content=\"https:\/\/www.facebook.com\/Yappcosmetics\" \/>\n<meta property=\"article:modified_time\" content=\"2020-10-14T08:02:41+00:00\" \/>\n<meta name=\"twitter:card\" content=\"summary_large_image\" \/>\n<meta name=\"twitter:label1\" content=\"\u0648\u0642\u062a \u0627\u0644\u0642\u0631\u0627\u0621\u0629 \u0627\u0644\u0645\u064f\u0642\u062f\u0651\u0631\" \/>\n\t<meta name=\"twitter:data1\" content=\"\u062f\u0642\u064a\u0642\u0629 \u0648\u0627\u062d\u062f\u0629\" \/>\n<script type=\"application\/ld+json\" class=\"yoast-schema-graph\">{\"@context\":\"https:\/\/schema.org\",\"@graph\":[{\"@type\":\"WebPage\",\"@id\":\"https:\/\/yappco.bio\/platnosc\/\",\"url\":\"https:\/\/yappco.bio\/platnosc\/\",\"name\":\"Naturalna piel\u0119gnacja sk\u00f3ry i w\u0142os\u00f3w na bazie jab\u0142ek\",\"isPartOf\":{\"@id\":\"https:\/\/yappco.bio\/#website\"},\"datePublished\":\"2020-06-19T13:12:08+00:00\",\"dateModified\":\"2020-10-14T08:02:41+00:00\",\"breadcrumb\":{\"@id\":\"https:\/\/yappco.bio\/platnosc\/#breadcrumb\"},\"inLanguage\":\"ar\",\"potentialAction\":[{\"@type\":\"ReadAction\",\"target\":[\"https:\/\/yappco.bio\/platnosc\/\"]}]},{\"@type\":\"BreadcrumbList\",\"@id\":\"https:\/\/yappco.bio\/platnosc\/#breadcrumb\",\"itemListElement\":[{\"@type\":\"ListItem\",\"position\":1,\"name\":\"Strona g\u0142\u00f3wna\",\"item\":\"https:\/\/yappco.bio\/\"},{\"@type\":\"ListItem\",\"position\":2,\"name\":\"P\u0142atno\u015b\u0107\"}]},{\"@type\":\"WebSite\",\"@id\":\"https:\/\/yappco.bio\/#website\",\"url\":\"https:\/\/yappco.bio\/\",\"name\":\"Naturalna piel\u0119gnacja sk\u00f3ry i w\u0142os\u00f3w na bazie jab\u0142ek\",\"description\":\"Jab\u0142ka piel\u0119gnuj\u0105, kwas poliglutaminowy ultra nawil\u017ca.\",\"publisher\":{\"@id\":\"https:\/\/yappco.bio\/#organization\"},\"potentialAction\":[{\"@type\":\"SearchAction\",\"target\":{\"@type\":\"EntryPoint\",\"urlTemplate\":\"https:\/\/yappco.bio\/?s={search_term_string}\"},\"query-input\":\"required name=search_term_string\"}],\"inLanguage\":\"ar\"},{\"@type\":\"Organization\",\"@id\":\"https:\/\/yappco.bio\/#organization\",\"name\":\"Naturalna piel\u0119gnacja sk\u00f3ry i w\u0142os\u00f3w na bazie jab\u0142ek\",\"url\":\"https:\/\/yappco.bio\/\",\"logo\":{\"@type\":\"ImageObject\",\"inLanguage\":\"ar\",\"@id\":\"https:\/\/yappco.bio\/#\/schema\/logo\/image\/\",\"url\":\"https:\/\/yappco.bio\/wp-content\/uploads\/2020\/07\/logo_yappco.png\",\"contentUrl\":\"https:\/\/yappco.bio\/wp-content\/uploads\/2020\/07\/logo_yappco.png\",\"width\":759,\"height\":351,\"caption\":\"Naturalna piel\u0119gnacja sk\u00f3ry i w\u0142os\u00f3w na bazie jab\u0142ek\"},\"image\":{\"@id\":\"https:\/\/yappco.bio\/#\/schema\/logo\/image\/\"},\"sameAs\":[\"https:\/\/www.facebook.com\/Yappcosmetics\",\"https:\/\/www.instagram.com\/yappco\"]}]}<\/script>\n<!-- \/ Yoast SEO plugin. -->","yoast_head_json":{"title":"Naturalna piel\u0119gnacja sk\u00f3ry i w\u0142os\u00f3w na bazie jab\u0142ek","robots":{"index":"index","follow":"follow","max-snippet":"max-snippet:-1","max-image-preview":"max-image-preview:large","max-video-preview":"max-video-preview:-1"},"canonical":"https:\/\/yappco.bio\/ar\/platnosc\/","og_locale":"ar_AR","og_type":"article","og_title":"Naturalna piel\u0119gnacja sk\u00f3ry i w\u0142os\u00f3w na bazie jab\u0142ek","og_description":"P\u0141ATNO\u015a\u0106 Rodzaje i sposoby p\u0142atno\u015bci Przy sk\u0142adaniu Zam\u00f3wienia masz do wyboru dwie opcje dokonania p\u0142atno\u015bci: P\u0142atno\u015b\u0107 przy odbiorze (wy\u0142\u0105cznie got\u00f3wk\u0105) &#8211; mo\u017cliwa w przypadku dostarczenia przez Kuriera. Przy wysy\u0142ce za pobraniem koszty Zam\u00f3wienia wraz z kosztami dostawy przekazujesz Kurierowi przy odbiorze przesy\u0142ki. Jedyn\u0105 mo\u017cliw\u0105 form\u0105 p\u0142atno\u015bci jest w tym przypadku got\u00f3wka. Przy odbiorze Zam\u00f3wienia musisz [&hellip;]","og_url":"https:\/\/yappco.bio\/ar\/platnosc\/","og_site_name":"Naturalna piel\u0119gnacja sk\u00f3ry i w\u0142os\u00f3w na bazie jab\u0142ek","article_publisher":"https:\/\/www.facebook.com\/Yappcosmetics","article_modified_time":"2020-10-14T08:02:41+00:00","twitter_card":"summary_large_image","twitter_misc":{"\u0648\u0642\u062a \u0627\u0644\u0642\u0631\u0627\u0621\u0629 \u0627\u0644\u0645\u064f\u0642\u062f\u0651\u0631":"\u062f\u0642\u064a\u0642\u0629 \u0648\u0627\u062d\u062f\u0629"},"schema":{"@context":"https:\/\/schema.org","@graph":[{"@type":"WebPage","@id":"https:\/\/yappco.bio\/platnosc\/","url":"https:\/\/yappco.bio\/platnosc\/","name":"Naturalna piel\u0119gnacja sk\u00f3ry i w\u0142os\u00f3w na bazie jab\u0142ek","isPartOf":{"@id":"https:\/\/yappco.bio\/#website"},"datePublished":"2020-06-19T13:12:08+00:00","dateModified":"2020-10-14T08:02:41+00:00","breadcrumb":{"@id":"https:\/\/yappco.bio\/platnosc\/#breadcrumb"},"inLanguage":"ar","potentialAction":[{"@type":"ReadAction","target":["https:\/\/yappco.bio\/platnosc\/"]}]},{"@type":"BreadcrumbList","@id":"https:\/\/yappco.bio\/platnosc\/#breadcrumb","itemListElement":[{"@type":"ListItem","position":1,"name":"Strona g\u0142\u00f3wna","item":"https:\/\/yappco.bio\/"},{"@type":"ListItem","position":2,"name":"P\u0142atno\u015b\u0107"}]},{"@type":"WebSite","@id":"https:\/\/yappco.bio\/#website","url":"https:\/\/yappco.bio\/","name":"Naturalna piel\u0119gnacja sk\u00f3ry i w\u0142os\u00f3w na bazie jab\u0142ek","description":"Jab\u0142ka piel\u0119gnuj\u0105, kwas poliglutaminowy ultra nawil\u017ca.","publisher":{"@id":"https:\/\/yappco.bio\/#organization"},"potentialAction":[{"@type":"SearchAction","target":{"@type":"EntryPoint","urlTemplate":"https:\/\/yappco.bio\/?s={search_term_string}"},"query-input":"required name=search_term_string"}],"inLanguage":"ar"},{"@type":"Organization","@id":"https:\/\/yappco.bio\/#organization","name":"Naturalna piel\u0119gnacja sk\u00f3ry i w\u0142os\u00f3w na bazie jab\u0142ek","url":"https:\/\/yappco.bio\/","logo":{"@type":"ImageObject","inLanguage":"ar","@id":"https:\/\/yappco.bio\/#\/schema\/logo\/image\/","url":"https:\/\/yappco.bio\/wp-content\/uploads\/2020\/07\/logo_yappco.png","contentUrl":"https:\/\/yappco.bio\/wp-content\/uploads\/2020\/07\/logo_yappco.png","width":759,"height":351,"caption":"Naturalna piel\u0119gnacja sk\u00f3ry i w\u0142os\u00f3w na bazie jab\u0142ek"},"image":{"@id":"https:\/\/yappco.bio\/#\/schema\/logo\/image\/"},"sameAs":["https:\/\/www.facebook.com\/Yappcosmetics","https:\/\/www.instagram.com\/yappco"]}]}},"_links":{"self":[{"href":"https:\/\/yappco.bio\/ar\/wp-json\/wp\/v2\/pages\/74"}],"collection":[{"href":"https:\/\/yappco.bio\/ar\/wp-json\/wp\/v2\/pages"}],"about":[{"href":"https:\/\/yappco.bio\/ar\/wp-json\/wp\/v2\/types\/page"}],"author":[{"embeddable":true,"href":"https:\/\/yappco.bio\/ar\/wp-json\/wp\/v2\/users\/197"}],"replies":[{"embeddable":true,"href":"https:\/\/yappco.bio\/ar\/wp-json\/wp\/v2\/comments?post=74"}],"version-history":[{"count":3,"href":"https:\/\/yappco.bio\/ar\/wp-json\/wp\/v2\/pages\/74\/revisions"}],"predecessor-version":[{"id":4180,"href":"https:\/\/yappco.bio\/ar\/wp-json\/wp\/v2\/pages\/74\/revisions\/4180"}],"wp:attachment":[{"href":"https:\/\/yappco.bio\/ar\/wp-json\/wp\/v2\/media?parent=74"}],"curies":[{"name":"wp","href":"https:\/\/api.w.org\/{rel}","templated":true}]}}