{"id":72,"date":"2020-06-19T15:11:56","date_gmt":"2020-06-19T13:11:56","guid":{"rendered":"https:\/\/yappcov2.twojprogramista.pl\/?page_id=72"},"modified":"2021-05-13T09:27:45","modified_gmt":"2021-05-13T07:27:45","slug":"dostawa","status":"publish","type":"page","link":"https:\/\/yappco.bio\/ar\/dostawa\/","title":{"rendered":"\u062a\u0648\u0635\u064a\u0644"},"content":{"rendered":"<div data-elementor-type=\"wp-page\" data-elementor-id=\"72\" class=\"elementor elementor-72\">\n\t\t\t\t\t\t<div class=\"elementor-inner\">\n\t\t\t\t<div class=\"elementor-section-wrap\">\n\t\t\t\t\t\t\t\t\t<section class=\"elementor-section elementor-top-section elementor-element elementor-element-b529b6e elementor-section-boxed elementor-section-height-default elementor-section-height-default\" data-id=\"b529b6e\" data-element_type=\"section\">\n\t\t\t\t\t\t<div class=\"elementor-container elementor-column-gap-default\">\n\t\t\t\t\t\t\t<div class=\"elementor-row\">\n\t\t\t\t\t<div class=\"elementor-column elementor-col-100 elementor-top-column elementor-element elementor-element-49dbe8e\" data-id=\"49dbe8e\" data-element_type=\"column\">\n\t\t\t<div class=\"elementor-column-wrap elementor-element-populated\">\n\t\t\t\t\t\t\t<div class=\"elementor-widget-wrap\">\n\t\t\t\t\t\t<div class=\"elementor-element elementor-element-0df79b6 elementor-widget elementor-widget-text-editor\" data-id=\"0df79b6\" data-element_type=\"widget\" data-widget_type=\"text-editor.default\">\n\t\t\t\t<div class=\"elementor-widget-container\">\n\t\t\t\t\t\t\t\t<div class=\"elementor-text-editor elementor-clearfix\">\n\t\t\t\t<p>DOSTAWA<\/p><p>Dostawa mo\u017ce by\u0107 realizowana w r\u00f3\u017cnych formach:<\/p><ul><li>kurierem DHL (dostawy do Polski r\u00f3wnie\u017c przy p\u0142atno\u015bciach got\u00f3wkowych oraz za granic\u0119)<\/li><li>kurierem InPost (dostawy do Polski r\u00f3wnie\u017c przy p\u0142atno\u015bciach got\u00f3wkowych)<\/li><li>odbi\u00f3r w paczkomacie In Post (dostawy do Polski bez p\u0142atno\u015bci got\u00f3wkowych)<\/li><\/ul><p>Czas dostawy<\/p><p>W Polsce czas dostawy to zazwyczaj 2 dni robocze. W Unii Europejskiej to zazwyczaj 3-4 dni robocze. Dostawy do innych kraj\u00f3w realizowane po uprzednim kontakcie ze sklepem przez poczt\u0119 elektroniczn\u0105 <a href=\"mailto:contact@yappco.bio\">contact@yappco.bio<\/a> i ustaleniu warunk\u00f3w. Kurier zazwyczaj dor\u0119cza przesy\u0142ki w godz. 8.00-17.00. Dostawa nast\u0119puje wy\u0142\u0105cznie w dni robocze z wy\u0142\u0105czeniem sob\u00f3t, niedziel oraz \u015bwi\u0105t.<\/p><p>Koszt dostawy<\/p><p>Polska<\/p><p>Koszty dostawy wynosz\u0105:<\/p><ul><li>Kurierem, op\u0142acone bezgot\u00f3wkowo &#8211; 20 z\u0142<\/li><li>Kurierem z p\u0142atno\u015bci\u0105 got\u00f3wkowa przy odbiorze &#8211; 25 z\u0142<\/li><li>Do paczkomatu InPost &#8211; 15 z\u0142<\/li><\/ul><p>Podany koszt dostawy dotyczy zam\u00f3wie\u0144, kt\u00f3re mo\u017cna spakowa\u0107 w 1 karton i wa\u017c\u0105 do 10 kg. Gdy Twoje zam\u00f3wienie nie spe\u0142ni tych warunk\u00f3w, zostaniesz o tym poinformowany w trakcie sk\u0142adania zam\u00f3wienia.<\/p><p>Unia Europejska:<\/p><table width=\"160\"><tbody><tr><td width=\"96\"><p>Austria<\/p><\/td><td width=\"64\"><p>56,1<\/p><\/td><\/tr><tr><td width=\"96\"><p>Belgia<\/p><\/td><td width=\"64\"><p>56,1<\/p><\/td><\/tr><tr><td width=\"96\"><p>Bu\u0142garia<\/p><\/td><td width=\"64\"><p>77<\/p><\/td><\/tr><tr><td width=\"96\"><p>Chorwacja<\/p><\/td><td width=\"64\"><p>66,4<\/p><\/td><\/tr><tr><td width=\"96\"><p>Czechy<\/p><\/td><td width=\"64\"><p>50,1<\/p><\/td><\/tr><tr><td width=\"96\"><p>Dania<\/p><\/td><td width=\"64\"><p>66,4<\/p><\/td><\/tr><tr><td width=\"96\"><p>Estonia<\/p><\/td><td width=\"64\"><p>66,4<\/p><\/td><\/tr><tr><td width=\"96\"><p>Finlandia<\/p><\/td><td width=\"64\"><p>66,4<\/p><\/td><\/tr><tr><td width=\"96\"><p>Francja<\/p><\/td><td width=\"64\"><p>90<\/p><\/td><\/tr><tr><td width=\"96\"><p>Grecja<\/p><\/td><td width=\"64\"><p>76,7<\/p><\/td><\/tr><tr><td width=\"96\"><p>Hiszpania<\/p><\/td><td width=\"64\"><p>76,7<\/p><\/td><\/tr><tr><td width=\"96\"><p>Holandia<\/p><\/td><td width=\"64\"><p>56,1<\/p><\/td><\/tr><tr><td width=\"96\"><p>Irlandia<\/p><\/td><td width=\"64\"><p>76,7<\/p><\/td><\/tr><tr><td width=\"96\"><p>Litwa<\/p><\/td><td width=\"64\"><p>56,1<\/p><\/td><\/tr><tr><td width=\"96\"><p>Luxemburg<\/p><\/td><td width=\"64\"><p>56,1<\/p><\/td><\/tr><tr><td width=\"96\"><p>\u0141otwa<\/p><\/td><td width=\"64\"><p>66,4<\/p><\/td><\/tr><tr><td width=\"96\"><p>Monako<\/p><\/td><td width=\"64\"><p>90<\/p><\/td><\/tr><tr><td width=\"96\"><p>Niemcy<\/p><\/td><td width=\"64\"><p>50,1<\/p><\/td><\/tr><tr><td width=\"96\"><p>Portugalia<\/p><\/td><td width=\"64\"><p>76,7<\/p><\/td><\/tr><tr><td width=\"96\"><p>Rumunia<\/p><\/td><td width=\"64\"><p>76,7<\/p><\/td><\/tr><tr><td width=\"96\"><p>S\u0142owacja<\/p><\/td><td width=\"64\"><p>50,1<\/p><\/td><\/tr><tr><td width=\"96\"><p>S\u0142owenia<\/p><\/td><td width=\"64\"><p>56,1<\/p><\/td><\/tr><tr><td width=\"96\"><p>Szwecja<\/p><\/td><td width=\"64\"><p>66,4<\/p><\/td><\/tr><tr><td width=\"96\"><p>W\u0119gry<\/p><\/td><td width=\"64\"><p>56,1<\/p><\/td><\/tr><tr><td width=\"96\"><p>Wielka Brytania<\/p><\/td><td width=\"64\"><p>66,4<\/p><\/td><\/tr><tr><td width=\"96\"><p>W\u0142ochy<\/p><\/td><td width=\"64\"><p>90<\/p><\/td><\/tr><tr><td width=\"96\"><p>Cypr<\/p><\/td><td width=\"64\"><p>437<\/p><\/td><\/tr><tr><td width=\"96\"><p>Malta<\/p><\/td><td width=\"64\"><p>437<\/p><\/td><\/tr><\/tbody><\/table><p>Podany koszt dostawy dotyczy zam\u00f3wie\u0144, kt\u00f3re mo\u017cna spakowa\u0107 w 1 karton i wa\u017c\u0105 do 10 kg. Gdy Twoje zam\u00f3wienie nie spe\u0142ni tych warunk\u00f3w, zostaniesz o tym poinformowany w trakcie sk\u0142adania zam\u00f3wienia.<\/p><p>Pozosta\u0142e kraje<\/p><p>Dostawy do innych kraj\u00f3w realizowane po uprzednim kontakcie ze sklepem przez poczt\u0119 elektroniczn\u0105 <a href=\"mailto:contact@yappco.bio\">contact@yappco.bio<\/a> i ustaleniu warunk\u00f3w.<\/p><p>3.4. Odbi\u00f3r<\/p><p>Kurier nie ma obowi\u0105zku kontaktowa\u0107 si\u0119 z Tob\u0105 telefonicznie przed dostaw\u0105. Godziny dor\u0119czenia Twojego Zam\u00f3wienia s\u0105 uzale\u017cnione od trasy kuriera. Po z\u0142o\u017ceniu Zam\u00f3wienia nie ma mo\u017cliwo\u015bci zmiany formy i adresu dostawy.<\/p><p>W przypadku wybrania formy p\u0142atno\u015bci \u201eGot\u00f3wka przy odbiorze\u201d, p\u0142acisz got\u00f3wk\u0105 kurierowi. Przy odbiorze przesy\u0142ki od kuriera powiniene\u015b mie\u0107 przygotowan\u0105 odliczon\u0105 kwot\u0119 do zap\u0142aty (\u0142\u0105czny koszt zam\u00f3wionych produkt\u00f3w i dostawy) &#8211; kurier mo\u017ce nie mie\u0107 mo\u017cliwo\u015bci wydania reszty. Obecnie nie ma mo\u017cliwo\u015bci op\u0142acenia Zam\u00f3wienia przy odbiorze kart\u0105 p\u0142atnicz\u0105.<\/p><p>Po otrzymaniu przesy\u0142ki sugerujemy dokonanie jej dok\u0142adnych ogl\u0119dzin. W przypadku stwierdzenia widocznych zewn\u0119trznych uszkodze\u0144 przesy\u0142ki prosimy o niezw\u0142oczne zg\u0142oszenie tego faktu dostarczaj\u0105cemu Towar, w celu sporz\u0105dzenia w obecno\u015bci Dostawcy protoko\u0142u szkody, oraz poinformowanie o zaistnia\u0142ej szkodzie sklep Yappco.<\/p><p>Je\u017celi sk\u0142adaj\u0105c zam\u00f3wienie, zaznaczy\u0142e\u015b opcj\u0119 \u201eFaktura\u201d &#8211; zostanie ona do\u0142\u0105czona do Twojego Zam\u00f3wienia.<\/p>\t\t\t\t\t<\/div>\n\t\t\t\t\t\t<\/div>\n\t\t\t\t<\/div>\n\t\t\t\t\t\t<\/div>\n\t\t\t\t\t<\/div>\n\t\t<\/div>\n\t\t\t\t\t\t\t\t<\/div>\n\t\t\t\t\t<\/div>\n\t\t<\/section>\n\t\t\t\t\t\t\t\t\t<\/div>\n\t\t\t<\/div>\n\t\t\t\t\t<\/div>","protected":false},"excerpt":{"rendered":"<p>DOSTAWA Dostawa mo\u017ce by\u0107 realizowana w r\u00f3\u017cnych formach: kurierem DHL (dostawy do Polski r\u00f3wnie\u017c przy p\u0142atno\u015bciach got\u00f3wkowych oraz za granic\u0119) kurierem InPost (dostawy do Polski r\u00f3wnie\u017c przy p\u0142atno\u015bciach got\u00f3wkowych) odbi\u00f3r w paczkomacie In Post (dostawy do Polski bez p\u0142atno\u015bci got\u00f3wkowych) Czas dostawy W Polsce czas dostawy to zazwyczaj 2 dni robocze. W Unii Europejskiej to [&hellip;]<\/p>","protected":false},"author":197,"featured_media":0,"parent":0,"menu_order":0,"comment_status":"closed","ping_status":"closed","template":"elementor_header_footer","meta":{"footnotes":""},"acf":[],"yoast_head":"<!-- This site is optimized with the Yoast SEO plugin v21.8.1 - https:\/\/yoast.com\/wordpress\/plugins\/seo\/ -->\n<title>Naturalna piel\u0119gnacja sk\u00f3ry i w\u0142os\u00f3w na bazie jab\u0142ek<\/title>\n<meta name=\"robots\" content=\"index, follow, max-snippet:-1, max-image-preview:large, max-video-preview:-1\" \/>\n<link rel=\"canonical\" href=\"https:\/\/yappco.bio\/ar\/dostawa\/\" \/>\n<meta property=\"og:locale\" content=\"ar_AR\" \/>\n<meta property=\"og:type\" content=\"article\" \/>\n<meta property=\"og:title\" content=\"Naturalna piel\u0119gnacja sk\u00f3ry i w\u0142os\u00f3w na bazie jab\u0142ek\" \/>\n<meta property=\"og:description\" content=\"DOSTAWA Dostawa mo\u017ce by\u0107 realizowana w r\u00f3\u017cnych formach: kurierem DHL (dostawy do Polski r\u00f3wnie\u017c przy p\u0142atno\u015bciach got\u00f3wkowych oraz za granic\u0119) kurierem InPost (dostawy do Polski r\u00f3wnie\u017c przy p\u0142atno\u015bciach got\u00f3wkowych) odbi\u00f3r w paczkomacie In Post (dostawy do Polski bez p\u0142atno\u015bci got\u00f3wkowych) Czas dostawy W Polsce czas dostawy to zazwyczaj 2 dni robocze. W Unii Europejskiej to [&hellip;]\" \/>\n<meta property=\"og:url\" content=\"https:\/\/yappco.bio\/ar\/dostawa\/\" \/>\n<meta property=\"og:site_name\" content=\"Naturalna piel\u0119gnacja sk\u00f3ry i w\u0142os\u00f3w na bazie jab\u0142ek\" \/>\n<meta property=\"article:publisher\" content=\"https:\/\/www.facebook.com\/Yappcosmetics\" \/>\n<meta property=\"article:modified_time\" content=\"2021-05-13T07:27:45+00:00\" \/>\n<meta name=\"twitter:card\" content=\"summary_large_image\" \/>\n<meta name=\"twitter:label1\" content=\"\u0648\u0642\u062a \u0627\u0644\u0642\u0631\u0627\u0621\u0629 \u0627\u0644\u0645\u064f\u0642\u062f\u0651\u0631\" \/>\n\t<meta name=\"twitter:data1\" content=\"\u062f\u0642\u064a\u0642\u062a\u0627\u0646\" \/>\n<script type=\"application\/ld+json\" class=\"yoast-schema-graph\">{\"@context\":\"https:\/\/schema.org\",\"@graph\":[{\"@type\":\"WebPage\",\"@id\":\"https:\/\/yappco.bio\/dostawa\/\",\"url\":\"https:\/\/yappco.bio\/dostawa\/\",\"name\":\"Naturalna piel\u0119gnacja sk\u00f3ry i w\u0142os\u00f3w na bazie jab\u0142ek\",\"isPartOf\":{\"@id\":\"https:\/\/yappco.bio\/#website\"},\"datePublished\":\"2020-06-19T13:11:56+00:00\",\"dateModified\":\"2021-05-13T07:27:45+00:00\",\"breadcrumb\":{\"@id\":\"https:\/\/yappco.bio\/dostawa\/#breadcrumb\"},\"inLanguage\":\"ar\",\"potentialAction\":[{\"@type\":\"ReadAction\",\"target\":[\"https:\/\/yappco.bio\/dostawa\/\"]}]},{\"@type\":\"BreadcrumbList\",\"@id\":\"https:\/\/yappco.bio\/dostawa\/#breadcrumb\",\"itemListElement\":[{\"@type\":\"ListItem\",\"position\":1,\"name\":\"Strona g\u0142\u00f3wna\",\"item\":\"https:\/\/yappco.bio\/\"},{\"@type\":\"ListItem\",\"position\":2,\"name\":\"Dostawa\"}]},{\"@type\":\"WebSite\",\"@id\":\"https:\/\/yappco.bio\/#website\",\"url\":\"https:\/\/yappco.bio\/\",\"name\":\"Naturalna piel\u0119gnacja sk\u00f3ry i w\u0142os\u00f3w na bazie jab\u0142ek\",\"description\":\"Jab\u0142ka piel\u0119gnuj\u0105, kwas poliglutaminowy ultra nawil\u017ca.\",\"publisher\":{\"@id\":\"https:\/\/yappco.bio\/#organization\"},\"potentialAction\":[{\"@type\":\"SearchAction\",\"target\":{\"@type\":\"EntryPoint\",\"urlTemplate\":\"https:\/\/yappco.bio\/?s={search_term_string}\"},\"query-input\":\"required name=search_term_string\"}],\"inLanguage\":\"ar\"},{\"@type\":\"Organization\",\"@id\":\"https:\/\/yappco.bio\/#organization\",\"name\":\"Naturalna piel\u0119gnacja sk\u00f3ry i w\u0142os\u00f3w na bazie jab\u0142ek\",\"url\":\"https:\/\/yappco.bio\/\",\"logo\":{\"@type\":\"ImageObject\",\"inLanguage\":\"ar\",\"@id\":\"https:\/\/yappco.bio\/#\/schema\/logo\/image\/\",\"url\":\"https:\/\/yappco.bio\/wp-content\/uploads\/2020\/07\/logo_yappco.png\",\"contentUrl\":\"https:\/\/yappco.bio\/wp-content\/uploads\/2020\/07\/logo_yappco.png\",\"width\":759,\"height\":351,\"caption\":\"Naturalna piel\u0119gnacja sk\u00f3ry i w\u0142os\u00f3w na bazie jab\u0142ek\"},\"image\":{\"@id\":\"https:\/\/yappco.bio\/#\/schema\/logo\/image\/\"},\"sameAs\":[\"https:\/\/www.facebook.com\/Yappcosmetics\",\"https:\/\/www.instagram.com\/yappco\"]}]}<\/script>\n<!-- \/ Yoast SEO plugin. -->","yoast_head_json":{"title":"Naturalna piel\u0119gnacja sk\u00f3ry i w\u0142os\u00f3w na bazie jab\u0142ek","robots":{"index":"index","follow":"follow","max-snippet":"max-snippet:-1","max-image-preview":"max-image-preview:large","max-video-preview":"max-video-preview:-1"},"canonical":"https:\/\/yappco.bio\/ar\/dostawa\/","og_locale":"ar_AR","og_type":"article","og_title":"Naturalna piel\u0119gnacja sk\u00f3ry i w\u0142os\u00f3w na bazie jab\u0142ek","og_description":"DOSTAWA Dostawa mo\u017ce by\u0107 realizowana w r\u00f3\u017cnych formach: kurierem DHL (dostawy do Polski r\u00f3wnie\u017c przy p\u0142atno\u015bciach got\u00f3wkowych oraz za granic\u0119) kurierem InPost (dostawy do Polski r\u00f3wnie\u017c przy p\u0142atno\u015bciach got\u00f3wkowych) odbi\u00f3r w paczkomacie In Post (dostawy do Polski bez p\u0142atno\u015bci got\u00f3wkowych) Czas dostawy W Polsce czas dostawy to zazwyczaj 2 dni robocze. W Unii Europejskiej to [&hellip;]","og_url":"https:\/\/yappco.bio\/ar\/dostawa\/","og_site_name":"Naturalna piel\u0119gnacja sk\u00f3ry i w\u0142os\u00f3w na bazie jab\u0142ek","article_publisher":"https:\/\/www.facebook.com\/Yappcosmetics","article_modified_time":"2021-05-13T07:27:45+00:00","twitter_card":"summary_large_image","twitter_misc":{"\u0648\u0642\u062a \u0627\u0644\u0642\u0631\u0627\u0621\u0629 \u0627\u0644\u0645\u064f\u0642\u062f\u0651\u0631":"\u062f\u0642\u064a\u0642\u062a\u0627\u0646"},"schema":{"@context":"https:\/\/schema.org","@graph":[{"@type":"WebPage","@id":"https:\/\/yappco.bio\/dostawa\/","url":"https:\/\/yappco.bio\/dostawa\/","name":"Naturalna piel\u0119gnacja sk\u00f3ry i w\u0142os\u00f3w na bazie jab\u0142ek","isPartOf":{"@id":"https:\/\/yappco.bio\/#website"},"datePublished":"2020-06-19T13:11:56+00:00","dateModified":"2021-05-13T07:27:45+00:00","breadcrumb":{"@id":"https:\/\/yappco.bio\/dostawa\/#breadcrumb"},"inLanguage":"ar","potentialAction":[{"@type":"ReadAction","target":["https:\/\/yappco.bio\/dostawa\/"]}]},{"@type":"BreadcrumbList","@id":"https:\/\/yappco.bio\/dostawa\/#breadcrumb","itemListElement":[{"@type":"ListItem","position":1,"name":"Strona g\u0142\u00f3wna","item":"https:\/\/yappco.bio\/"},{"@type":"ListItem","position":2,"name":"Dostawa"}]},{"@type":"WebSite","@id":"https:\/\/yappco.bio\/#website","url":"https:\/\/yappco.bio\/","name":"Naturalna piel\u0119gnacja sk\u00f3ry i w\u0142os\u00f3w na bazie jab\u0142ek","description":"Jab\u0142ka piel\u0119gnuj\u0105, kwas poliglutaminowy ultra nawil\u017ca.","publisher":{"@id":"https:\/\/yappco.bio\/#organization"},"potentialAction":[{"@type":"SearchAction","target":{"@type":"EntryPoint","urlTemplate":"https:\/\/yappco.bio\/?s={search_term_string}"},"query-input":"required name=search_term_string"}],"inLanguage":"ar"},{"@type":"Organization","@id":"https:\/\/yappco.bio\/#organization","name":"Naturalna piel\u0119gnacja sk\u00f3ry i w\u0142os\u00f3w na bazie jab\u0142ek","url":"https:\/\/yappco.bio\/","logo":{"@type":"ImageObject","inLanguage":"ar","@id":"https:\/\/yappco.bio\/#\/schema\/logo\/image\/","url":"https:\/\/yappco.bio\/wp-content\/uploads\/2020\/07\/logo_yappco.png","contentUrl":"https:\/\/yappco.bio\/wp-content\/uploads\/2020\/07\/logo_yappco.png","width":759,"height":351,"caption":"Naturalna piel\u0119gnacja sk\u00f3ry i w\u0142os\u00f3w na bazie jab\u0142ek"},"image":{"@id":"https:\/\/yappco.bio\/#\/schema\/logo\/image\/"},"sameAs":["https:\/\/www.facebook.com\/Yappcosmetics","https:\/\/www.instagram.com\/yappco"]}]}},"_links":{"self":[{"href":"https:\/\/yappco.bio\/ar\/wp-json\/wp\/v2\/pages\/72"}],"collection":[{"href":"https:\/\/yappco.bio\/ar\/wp-json\/wp\/v2\/pages"}],"about":[{"href":"https:\/\/yappco.bio\/ar\/wp-json\/wp\/v2\/types\/page"}],"author":[{"embeddable":true,"href":"https:\/\/yappco.bio\/ar\/wp-json\/wp\/v2\/users\/197"}],"replies":[{"embeddable":true,"href":"https:\/\/yappco.bio\/ar\/wp-json\/wp\/v2\/comments?post=72"}],"version-history":[{"count":5,"href":"https:\/\/yappco.bio\/ar\/wp-json\/wp\/v2\/pages\/72\/revisions"}],"predecessor-version":[{"id":5012,"href":"https:\/\/yappco.bio\/ar\/wp-json\/wp\/v2\/pages\/72\/revisions\/5012"}],"wp:attachment":[{"href":"https:\/\/yappco.bio\/ar\/wp-json\/wp\/v2\/media?parent=72"}],"curies":[{"name":"wp","href":"https:\/\/api.w.org\/{rel}","templated":true}]}}